{"id":75740,"date":"2021-03-31T10:17:08","date_gmt":"2021-03-31T08:17:08","guid":{"rendered":"https:\/\/trimakasi.eu\/?post_type=product&#038;p=75740"},"modified":"2025-12-09T11:40:39","modified_gmt":"2025-12-09T10:40:39","slug":"tanzanita","status":"publish","type":"product","link":"https:\/\/trimakasi.eu\/es\/product\/tanzanite\/","title":{"rendered":"Pulsera de tanzanita"},"content":{"rendered":"<h3>Tanzanita \u2013 propiedades<\/h3>\n<p>La tanzanita es un mineral relativamente raro y caro que solo se puede encontrar en un lugar del mundo: Merelani Hills, Tanzania. Fue descubierto en 1967 y recibi\u00f3 su nombre del pa\u00eds de origen. Es una variante azul del mineral zoisita y se presenta en tonos que van desde el azul ultramarino hasta los tonos violeta-gris-azul claro.<\/p>\n<p>Gracias al reciente descubrimiento, no existen leyendas hist\u00f3ricas tradicionales asociadas con este mineral. Sin embargo, se cree que este mineral es un estimulante muy poderoso de las habilidades mentales, especialmente un potenciador de nuestra intuici\u00f3n. Tambi\u00e9n ayuda a conectarse con nuestros gu\u00edas espirituales.<\/p>\n<p>Desde el punto de vista espiritual, a este mineral tambi\u00e9n se le conoce como la \u201cPiedra de la Transformaci\u00f3n\u201d, que nos permite deshacernos de las depresiones, purificar el karma y avanzar con optimismo e inspiraci\u00f3n. Ayuda a equilibrar la psique humana a nivel emocional, y tambi\u00e9n es una gran piedra para inducir un estado profundo de meditaci\u00f3n.<\/p>\n<p>Pa\u00eds de origen: <strong>Birmania<\/strong><\/p>\n<p>Elemento: <strong>Aire, \u00e9ter<\/strong><\/p>\n<p>Signo del zodiaco: <strong>Aries, Piscis, G\u00e9minis, Libra, Sagitario, Acuario<\/strong><\/p>\n<p>La pulsera armoniza el chakra de la garganta, el chakra del tercer ojo y el chakra de la corona.<\/p>\n<p><a href=\"https:\/\/trimakasi.eu\/wp-content\/uploads\/\u010dakra5.jpg\"><img loading=\"lazy\" decoding=\"async\" class=\"alignnone size-full wp-image-138515\" src=\"https:\/\/trimakasi.eu\/wp-content\/uploads\/\u010dakra5.jpg\" alt=\"Chakra de la garganta\" width=\"81\" height=\"87\" srcset=\"https:\/\/trimakasi.eu\/wp-content\/uploads\/\u010dakra5.jpg 81w, https:\/\/trimakasi.eu\/wp-content\/uploads\/\u010dakra5-11x12.jpg 11w\" sizes=\"auto, (max-width: 81px) 100vw, 81px\" \/><\/a><a href=\"https:\/\/trimakasi.eu\/wp-content\/uploads\/\u010dakra6.jpg\"><img loading=\"lazy\" decoding=\"async\" class=\"alignnone size-full wp-image-138516\" src=\"https:\/\/trimakasi.eu\/wp-content\/uploads\/\u010dakra6.jpg\" alt=\"Chakra del tercer ojo\" width=\"103\" height=\"98\" srcset=\"https:\/\/trimakasi.eu\/wp-content\/uploads\/\u010dakra6.jpg 103w, https:\/\/trimakasi.eu\/wp-content\/uploads\/\u010dakra6-13x12.jpg 13w\" sizes=\"auto, (max-width: 103px) 100vw, 103px\" \/><\/a><a href=\"https:\/\/trimakasi.eu\/wp-content\/uploads\/crown-chakra.jpg\"><img loading=\"lazy\" decoding=\"async\" class=\"alignnone size-full wp-image-132743\" src=\"https:\/\/trimakasi.eu\/wp-content\/uploads\/crown-chakra.jpg\" alt=\"\" width=\"92\" height=\"102\" srcset=\"https:\/\/trimakasi.eu\/wp-content\/uploads\/crown-chakra.jpg 92w, https:\/\/trimakasi.eu\/wp-content\/uploads\/crown-chakra-11x12.jpg 11w\" sizes=\"auto, (max-width: 92px) 100vw, 92px\" \/><\/a><\/p>\n<p><a href=\"https:\/\/trimakasi.eu\/es\/vlog\/\"><u>Visita nuestro video blog para descubrir las conexiones entre piedras preciosas, signos del zod\u00edaco, chakras y mucho m\u00e1s.<\/u><\/a><\/p>","protected":false},"excerpt":{"rendered":"<p>La tanzanita de colores m\u00edsticos es conocida como el moderno &quot;Rey de las piedras preciosas&quot; debido al gran inter\u00e9s mostrado por los joyeros desde su reciente descubrimiento. Obtenga m\u00e1s informaci\u00f3n sobre las propiedades de esta piedra a continuaci\u00f3n.<\/p>\n<p>Elija una pulsera por su tama\u00f1o y por el color de la \u00faltima cuenta. <a href=\"https:\/\/trimakasi.eu\/es\/como-elegir-la-talla-de-pulsera\/\">Las instrucciones sobre c\u00f3mo determinar correctamente el tama\u00f1o se pueden encontrar aqu\u00ed.<\/a><\/p>","protected":false},"featured_media":104958,"comment_status":"open","ping_status":"closed","template":"","meta":{"_acf_changed":false,"_themeisle_gutenberg_block_has_review":false},"product_brand":[],"product_cat":[1687,1064,554,1068,1316,553],"product_tag":[],"class_list":{"0":"post-75740","1":"product","2":"type-product","3":"status-publish","4":"has-post-thumbnail","6":"product_cat-elastic-bracelets","7":"product_cat-mens-jewellery","8":"product_cat-natural-gemstone-bracelets","9":"product_cat-natural-gemstone-bracelets-for-men","10":"product_cat-rare-gemstone-bracelets","11":"product_cat-womens-jewellery","13":"first","14":"outofstock","15":"taxable","16":"shipping-taxable","17":"purchasable","18":"product-type-variable","19":"has-default-attributes"},"acf":[],"_links":{"self":[{"href":"https:\/\/trimakasi.eu\/es\/wp-json\/wp\/v2\/product\/75740","targetHints":{"allow":["GET"]}}],"collection":[{"href":"https:\/\/trimakasi.eu\/es\/wp-json\/wp\/v2\/product"}],"about":[{"href":"https:\/\/trimakasi.eu\/es\/wp-json\/wp\/v2\/types\/product"}],"replies":[{"embeddable":true,"href":"https:\/\/trimakasi.eu\/es\/wp-json\/wp\/v2\/comments?post=75740"}],"wp:featuredmedia":[{"embeddable":true,"href":"https:\/\/trimakasi.eu\/es\/wp-json\/wp\/v2\/media\/104958"}],"wp:attachment":[{"href":"https:\/\/trimakasi.eu\/es\/wp-json\/wp\/v2\/media?parent=75740"}],"wp:term":[{"taxonomy":"product_brand","embeddable":true,"href":"https:\/\/trimakasi.eu\/es\/wp-json\/wp\/v2\/product_brand?post=75740"},{"taxonomy":"product_cat","embeddable":true,"href":"https:\/\/trimakasi.eu\/es\/wp-json\/wp\/v2\/product_cat?post=75740"},{"taxonomy":"product_tag","embeddable":true,"href":"https:\/\/trimakasi.eu\/es\/wp-json\/wp\/v2\/product_tag?post=75740"}],"curies":[{"name":"wp","href":"https:\/\/api.w.org\/{rel}","templated":true}]}}