{"id":75690,"date":"2019-12-15T12:27:45","date_gmt":"2019-12-15T11:27:45","guid":{"rendered":"https:\/\/trimakasi.eu\/?post_type=product&#038;p=75690"},"modified":"2025-03-26T18:26:46","modified_gmt":"2025-03-26T17:26:46","slug":"gemstones-of-the-world","status":"publish","type":"product","link":"https:\/\/trimakasi.eu\/es\/product\/gemstones-of-the-world\/","title":{"rendered":"Pulsera Piedras preciosas del mundo"},"content":{"rendered":"<h3>Piedras preciosas del mundo<\/h3>\n<p id=\"tw-target-text\" class=\"tw-data-text tw-ta tw-text-small\" dir=\"ltr\" data-placeholder=\"P\u0159eklad\"><span lang=\"en\">Seleccionamos cuidadosamente 16 de las piedras semipreciosas m\u00e1s raras de nuestra oferta y les agregamos piedra de lava universal.<\/span><\/p>\n<div><strong>Granate - Almandine<\/strong><\/div>\n<div><\/div>\n<div><strong>Cianita<\/strong><\/div>\n<div><\/div>\n<div><strong>Serafinita<\/strong><\/div>\n<div><\/div>\n<div><strong>Amatista<\/strong><\/div>\n<div><\/div>\n<div><strong>Malaquita<\/strong><\/div>\n<div><\/div>\n<div><strong>Piedra solar<\/strong><\/div>\n<div><\/div>\n<div><strong>Charoita<\/strong><\/div>\n<div><\/div>\n<div><strong>Cuarzo del Himalaya<\/strong><\/div>\n<div><\/div>\n<div><strong>Dumortierita<\/strong><\/div>\n<div><\/div>\n<div><strong>Crisocola<\/strong><\/div>\n<div><\/div>\n<div><strong>Aguamarina<\/strong><\/div>\n<div><\/div>\n<div><strong>Ojo de halc\u00f3n<\/strong><\/div>\n<div><\/div>\n<div><strong>Citrino<\/strong><\/div>\n<div><\/div>\n<div><strong>Lepidolita<\/strong><\/div>\n<div><\/div>\n<div><strong>Selenita blanca<\/strong><\/div>\n<div><\/div>\n<div><strong>Apatita azul<\/strong><\/div>\n<div><\/div>\n<div><a href=\"https:\/\/trimakasi.eu\/es\/vlog\/\"><u>Visita nuestro video blog para descubrir las conexiones entre piedras preciosas, signos del zod\u00edaco, chakras y mucho m\u00e1s.<\/u><\/a><\/div>","protected":false},"excerpt":{"rendered":"<p id=\"tw-target-text\" class=\"tw-data-text tw-ta tw-text-small\" dir=\"ltr\" data-placeholder=\"P\u0159eklad\"><span lang=\"en\">Nuestra especialidad! \u00a1Pulsera hecha de minerales de todo el mundo! Por ejemplo, la cianita de Brasil, la malaquita de Zambia o la serafinita de Rusia. Seleccionamos cuidadosamente 16 de las piedras semipreciosas m\u00e1s raras de nuestra oferta y las complementamos con piedra de lava universal. Obtenga m\u00e1s informaci\u00f3n sobre las piedras usadas a continuaci\u00f3n.<\/span><\/p>\n<p>Elija una pulsera por su tama\u00f1o.\u00a0<a href=\"https:\/\/trimakasi.eu\/es\/como-elegir-la-talla-de-pulsera\/\">Las instrucciones sobre c\u00f3mo determinar correctamente el tama\u00f1o se pueden encontrar aqu\u00ed.<\/a><\/p>","protected":false},"featured_media":75781,"comment_status":"open","ping_status":"closed","template":"","meta":{"_acf_changed":false,"_themeisle_gutenberg_block_has_review":false},"product_brand":[],"product_cat":[1687,1064,554,1068,1316,553],"product_tag":[],"class_list":{"0":"post-75690","1":"product","2":"type-product","3":"status-publish","4":"has-post-thumbnail","6":"product_cat-elastic-bracelets","7":"product_cat-mens-jewellery","8":"product_cat-natural-gemstone-bracelets","9":"product_cat-natural-gemstone-bracelets-for-men","10":"product_cat-rare-gemstone-bracelets","11":"product_cat-womens-jewellery","13":"first","14":"instock","15":"taxable","16":"shipping-taxable","17":"purchasable","18":"product-type-variable","19":"has-default-attributes"},"acf":[],"_links":{"self":[{"href":"https:\/\/trimakasi.eu\/es\/wp-json\/wp\/v2\/product\/75690","targetHints":{"allow":["GET"]}}],"collection":[{"href":"https:\/\/trimakasi.eu\/es\/wp-json\/wp\/v2\/product"}],"about":[{"href":"https:\/\/trimakasi.eu\/es\/wp-json\/wp\/v2\/types\/product"}],"replies":[{"embeddable":true,"href":"https:\/\/trimakasi.eu\/es\/wp-json\/wp\/v2\/comments?post=75690"}],"wp:featuredmedia":[{"embeddable":true,"href":"https:\/\/trimakasi.eu\/es\/wp-json\/wp\/v2\/media\/75781"}],"wp:attachment":[{"href":"https:\/\/trimakasi.eu\/es\/wp-json\/wp\/v2\/media?parent=75690"}],"wp:term":[{"taxonomy":"product_brand","embeddable":true,"href":"https:\/\/trimakasi.eu\/es\/wp-json\/wp\/v2\/product_brand?post=75690"},{"taxonomy":"product_cat","embeddable":true,"href":"https:\/\/trimakasi.eu\/es\/wp-json\/wp\/v2\/product_cat?post=75690"},{"taxonomy":"product_tag","embeddable":true,"href":"https:\/\/trimakasi.eu\/es\/wp-json\/wp\/v2\/product_tag?post=75690"}],"curies":[{"name":"wp","href":"https:\/\/api.w.org\/{rel}","templated":true}]}}