{"id":75669,"date":"2022-12-15T10:32:21","date_gmt":"2022-12-15T09:32:21","guid":{"rendered":"https:\/\/trimakasi.eu\/?post_type=product&#038;p=75669"},"modified":"2025-07-14T22:51:04","modified_gmt":"2025-07-14T20:51:04","slug":"ojo-de-halcon","status":"publish","type":"product","link":"https:\/\/trimakasi.eu\/es\/product\/hawks-eye\/","title":{"rendered":"Pulsera ojo de halc\u00f3n"},"content":{"rendered":"<h3>Ojo de halc\u00f3n \u2013 propiedades<\/h3>\n<p>El ojo de halc\u00f3n es similar al ojo de tigre, pero es m\u00e1s raro. Tambi\u00e9n puede ayudar a mirar detr\u00e1s de la cortina en su subconsciente y ver lo que no es obvio a primera vista.<\/p>\n<p>El ojo de halc\u00f3n tambi\u00e9n protege contra las pesadillas, las malas intenciones y, sobre todo, los celos. La energ\u00eda de Hawk&#039;s Eye te ayudar\u00e1 a eliminar la fatiga y aliviar los s\u00edntomas de la depresi\u00f3n. Esta piedra tambi\u00e9n puede animarte a salir de tu zona de confort y abrir tu potencial oculto en habilidades o talentos.<\/p>\n<p>Elemento: <strong>Tierra, aire<\/strong><\/p>\n<p>Signo del zodiaco: <strong>Capricornio, Sagitario, Tauro<\/strong><\/p>\n<p>La pulsera armoniza el chakra de la garganta y el chakra del tercer ojo.<\/p>\n<p><a href=\"https:\/\/trimakasi.eu\/wp-content\/uploads\/\u010dakra5.jpg\"><img loading=\"lazy\" decoding=\"async\" class=\"alignnone size-full wp-image-138515\" src=\"https:\/\/trimakasi.eu\/wp-content\/uploads\/\u010dakra5.jpg\" alt=\"Chakra de la garganta\" width=\"81\" height=\"87\" srcset=\"https:\/\/trimakasi.eu\/wp-content\/uploads\/\u010dakra5.jpg 81w, https:\/\/trimakasi.eu\/wp-content\/uploads\/\u010dakra5-11x12.jpg 11w\" sizes=\"auto, (max-width: 81px) 100vw, 81px\" \/><\/a><a href=\"https:\/\/trimakasi.eu\/wp-content\/uploads\/\u010dakra6.jpg\"><img loading=\"lazy\" decoding=\"async\" class=\"alignnone size-full wp-image-138516\" src=\"https:\/\/trimakasi.eu\/wp-content\/uploads\/\u010dakra6.jpg\" alt=\"Chakra del tercer ojo\" width=\"103\" height=\"98\" srcset=\"https:\/\/trimakasi.eu\/wp-content\/uploads\/\u010dakra6.jpg 103w, https:\/\/trimakasi.eu\/wp-content\/uploads\/\u010dakra6-13x12.jpg 13w\" sizes=\"auto, (max-width: 103px) 100vw, 103px\" \/><\/a><\/p>\n<p><a href=\"https:\/\/trimakasi.eu\/es\/vlog\/\"><u>Visita nuestro video blog para descubrir las conexiones entre piedras preciosas, signos del zod\u00edaco, chakras y mucho m\u00e1s.<\/u><\/a><\/p>","protected":false},"excerpt":{"rendered":"<p id=\"tw-target-text\" class=\"tw-data-text tw-text-large tw-ta\" dir=\"ltr\" data-placeholder=\"P\u0159eklad\">Piedra preciosa de ojo de halc\u00f3n natural con m\u00e1gicos reflejos de color azul profundo. Una opci\u00f3n ideal para quienes buscan la originalidad. Hawk&#039;s Eye = hermano azul de Tigers&#039;s Eye<\/p>\n<p>Elija una pulsera por su tama\u00f1o y por el color de la \u00faltima cuenta. <a href=\"https:\/\/trimakasi.eu\/es\/como-elegir-la-talla-de-pulsera\/\">Las instrucciones sobre c\u00f3mo determinar correctamente el tama\u00f1o se pueden encontrar aqu\u00ed.<\/a><\/p>","protected":false},"featured_media":123929,"comment_status":"open","ping_status":"closed","template":"","meta":{"_acf_changed":false,"_themeisle_gutenberg_block_has_review":false},"product_brand":[],"product_cat":[1687,1064,554,1068,553],"product_tag":[],"class_list":{"0":"post-75669","1":"product","2":"type-product","3":"status-publish","4":"has-post-thumbnail","6":"product_cat-elastic-bracelets","7":"product_cat-mens-jewellery","8":"product_cat-natural-gemstone-bracelets","9":"product_cat-natural-gemstone-bracelets-for-men","10":"product_cat-womens-jewellery","12":"first","13":"instock","14":"taxable","15":"shipping-taxable","16":"purchasable","17":"product-type-variable","18":"has-default-attributes"},"acf":[],"_links":{"self":[{"href":"https:\/\/trimakasi.eu\/es\/wp-json\/wp\/v2\/product\/75669","targetHints":{"allow":["GET"]}}],"collection":[{"href":"https:\/\/trimakasi.eu\/es\/wp-json\/wp\/v2\/product"}],"about":[{"href":"https:\/\/trimakasi.eu\/es\/wp-json\/wp\/v2\/types\/product"}],"replies":[{"embeddable":true,"href":"https:\/\/trimakasi.eu\/es\/wp-json\/wp\/v2\/comments?post=75669"}],"wp:featuredmedia":[{"embeddable":true,"href":"https:\/\/trimakasi.eu\/es\/wp-json\/wp\/v2\/media\/123929"}],"wp:attachment":[{"href":"https:\/\/trimakasi.eu\/es\/wp-json\/wp\/v2\/media?parent=75669"}],"wp:term":[{"taxonomy":"product_brand","embeddable":true,"href":"https:\/\/trimakasi.eu\/es\/wp-json\/wp\/v2\/product_brand?post=75669"},{"taxonomy":"product_cat","embeddable":true,"href":"https:\/\/trimakasi.eu\/es\/wp-json\/wp\/v2\/product_cat?post=75669"},{"taxonomy":"product_tag","embeddable":true,"href":"https:\/\/trimakasi.eu\/es\/wp-json\/wp\/v2\/product_tag?post=75669"}],"curies":[{"name":"wp","href":"https:\/\/api.w.org\/{rel}","templated":true}]}}