{"id":75652,"date":"2019-12-07T17:08:50","date_gmt":"2019-12-07T16:08:50","guid":{"rendered":"https:\/\/trimakasi.eu\/?post_type=product&#038;p=75652"},"modified":"2025-03-26T18:26:46","modified_gmt":"2025-03-26T17:26:46","slug":"amatista-rosa-de-francia","status":"publish","type":"product","link":"https:\/\/trimakasi.eu\/es\/product\/amethyst-rose-de-france\/","title":{"rendered":"Pulsera Amethyst Rose de France"},"content":{"rendered":"<h3>Amatista<\/h3>\n<p>Este cuarzo cristalizado de color p\u00farpura era una piedra preciosa muy valorada hasta el descubrimiento de grandes dep\u00f3sitos en Am\u00e9rica Latina. El color p\u00farpura siempre se ha considerado como uno de los s\u00edmbolos del estatus real, por lo que la amatista se ha convertido en parte de varias joyas de coronaci\u00f3n. Mirando hacia atr\u00e1s en la historia, podemos descubrir que mientras los antiguos egipcios llevaban la amatista a batallas para aumentar el coraje, en la Edad Media los reyes y obispos la usaban como s\u00edmbolo de majestad.<\/p>\n<p>La amatista es un s\u00edmbolo de una serie de cualidades positivas como la prosperidad, el coraje, la pureza mental y la amistad. Por ejemplo, Leonardo Da Vinci cre\u00eda que esta piedra ayuda a controlar los malos pensamientos, fortalece la inteligencia, acelera el pensamiento y ayuda a las personas a obtener un resultado positivo durante las negociaciones comerciales. La palabra hebrea para amatista &quot;aklamah&quot; es la misma palabra para &quot;el sue\u00f1o&quot;, que expresa la capacidad de esta piedra para incitar sue\u00f1os y visiones espec\u00edficas.<\/p>\n<p>Signo del zodiaco:\u00a0<strong>Acuario tambi\u00e9n disponible para: Virgo, Sagitario, Capricornio, Pez<\/strong><\/p>\n<p>Elemento: <strong>Agua, aire, \u00e9ter<\/strong><\/p>\n<p>La pulsera armoniza el chakra del tercer ojo y el chakra de la corona.<\/p>\n<p><img loading=\"lazy\" decoding=\"async\" class=\"alignnone wp-image-72748\" src=\"https:\/\/trimakasi.cz\/wp-content\/uploads\/2018\/07\/\u010dakra6.jpg\" alt=\"\" width=\"70\" height=\"67\" \/><img loading=\"lazy\" decoding=\"async\" class=\"alignnone wp-image-72749\" src=\"https:\/\/trimakasi.cz\/wp-content\/uploads\/2018\/07\/\u010dakra7.jpg\" alt=\"\" width=\"67\" height=\"74\" \/><\/p>\n<p><a href=\"https:\/\/trimakasi.eu\/es\/vlog\/\"><u>Visita nuestro video blog para descubrir las conexiones entre piedras preciosas, signos del zod\u00edaco, chakras y mucho m\u00e1s.<\/u><\/a><\/p>","protected":false},"excerpt":{"rendered":"<p>Descubra la delicada elegancia de la &quot;Rosa de Francia&quot;, una amatista violeta clara admirada por su delicado color y su claridad radiante. Esta rara piedra preciosa, conocida por promover la calma y despertar la creatividad, a\u00f1ade un toque refinado a cualquier atuendo. Obtenga m\u00e1s informaci\u00f3n sobre las propiedades de esta piedra a continuaci\u00f3n.<\/p>\n<p>Elija una pulsera por su tama\u00f1o y por el color de la \u00faltima cuenta.\u00a0<a href=\"https:\/\/trimakasi.eu\/es\/como-elegir-la-talla-de-pulsera\/\">Las instrucciones sobre c\u00f3mo determinar correctamente el tama\u00f1o se pueden encontrar aqu\u00ed.<\/a><\/p>","protected":false},"featured_media":75643,"comment_status":"open","ping_status":"closed","template":"","meta":{"_acf_changed":false,"_themeisle_gutenberg_block_has_review":false},"product_brand":[],"product_cat":[1687,554,553],"product_tag":[],"class_list":{"0":"post-75652","1":"product","2":"type-product","3":"status-publish","4":"has-post-thumbnail","6":"product_cat-elastic-bracelets","7":"product_cat-natural-gemstone-bracelets","8":"product_cat-womens-jewellery","10":"first","11":"instock","12":"taxable","13":"shipping-taxable","14":"purchasable","15":"product-type-variable","16":"has-default-attributes"},"acf":[],"_links":{"self":[{"href":"https:\/\/trimakasi.eu\/es\/wp-json\/wp\/v2\/product\/75652","targetHints":{"allow":["GET"]}}],"collection":[{"href":"https:\/\/trimakasi.eu\/es\/wp-json\/wp\/v2\/product"}],"about":[{"href":"https:\/\/trimakasi.eu\/es\/wp-json\/wp\/v2\/types\/product"}],"replies":[{"embeddable":true,"href":"https:\/\/trimakasi.eu\/es\/wp-json\/wp\/v2\/comments?post=75652"}],"wp:featuredmedia":[{"embeddable":true,"href":"https:\/\/trimakasi.eu\/es\/wp-json\/wp\/v2\/media\/75643"}],"wp:attachment":[{"href":"https:\/\/trimakasi.eu\/es\/wp-json\/wp\/v2\/media?parent=75652"}],"wp:term":[{"taxonomy":"product_brand","embeddable":true,"href":"https:\/\/trimakasi.eu\/es\/wp-json\/wp\/v2\/product_brand?post=75652"},{"taxonomy":"product_cat","embeddable":true,"href":"https:\/\/trimakasi.eu\/es\/wp-json\/wp\/v2\/product_cat?post=75652"},{"taxonomy":"product_tag","embeddable":true,"href":"https:\/\/trimakasi.eu\/es\/wp-json\/wp\/v2\/product_tag?post=75652"}],"curies":[{"name":"wp","href":"https:\/\/api.w.org\/{rel}","templated":true}]}}