{"id":75434,"date":"2021-02-10T23:12:19","date_gmt":"2021-02-10T22:12:19","guid":{"rendered":"https:\/\/trimakasi.eu\/?post_type=product&#038;p=75434"},"modified":"2025-12-24T22:15:23","modified_gmt":"2025-12-24T21:15:23","slug":"collar-para-hombre-sodalita","status":"publish","type":"product","link":"https:\/\/trimakasi.eu\/es\/product\/necklace-for-men-sodalite\/","title":{"rendered":"Collar de cristal para hombre \u2013 Sodalita"},"content":{"rendered":"<div class=\"video video-fit mb\" style=\"padding-top:56.25%;\"><p><iframe loading=\"lazy\" title=\"Collares de cristal para hombre Trimakasi \/ N\u00e1hrdeln\u00edky pro mu\u017ee Trimakasi\" width=\"1020\" height=\"574\" src=\"https:\/\/www.youtube.com\/embed\/z70WqxmBk1E?feature=oembed\" frameborder=\"0\" allow=\"accelerometer; autoplay; clipboard-write; encrypted-media; gyroscope; picture-in-picture\" allowfullscreen><\/iframe><\/p>\n<\/div>\n<h3 id=\"tw-target-text\" class=\"tw-data-text tw-text-large tw-ta\" dir=\"ltr\" data-placeholder=\"P\u0159eklad\"><span lang=\"en\" tabindex=\"0\">Sodalita <\/span><\/h3>\n<p class=\"tw-data-text tw-text-large tw-ta\" dir=\"ltr\" data-placeholder=\"P\u0159eklad\"><span lang=\"en\" tabindex=\"0\">La sodalita trae paz, orden y equilibrio emocional a nuestra mente. Promueve el pensamiento racional, la objetividad, la intuici\u00f3n y, al mismo tiempo, aumenta la confianza en uno mismo. Esta piedra nos permite mirar objetivamente nuestra alma y evaluar nuestras fortalezas y debilidades y, sobre todo, encontrar la fuente de nuestra motivaci\u00f3n. <\/span><\/p>\n<p class=\"tw-data-text tw-text-large tw-ta\" dir=\"ltr\" data-placeholder=\"P\u0159eklad\"><span lang=\"en\" tabindex=\"0\">La sodalita ayuda a prevenir el p\u00e1nico y la desesperaci\u00f3n. La sodalita nos protege de los conflictos y ayuda a lograr compromisos. Si esta piedra est\u00e1 presente durante el trabajo en equipo, aporta armon\u00eda, solidaridad y conciencia del objetivo com\u00fan.<\/span><\/p>\n<p class=\"tw-data-text tw-text-large tw-ta\" dir=\"ltr\" data-placeholder=\"P\u0159eklad\"><span lang=\"en\" tabindex=\"0\">Elemento: <\/span><strong><span lang=\"en\" tabindex=\"0\">Agua, Aire <\/span><\/strong><\/p>\n<p class=\"tw-data-text tw-text-large tw-ta\" dir=\"ltr\" data-placeholder=\"P\u0159eklad\"><span lang=\"en\" tabindex=\"0\">Signo del zodiaco:<strong> Sagitario, Escorpio, Virgo<\/strong><\/span><\/p>\n<p dir=\"ltr\" data-placeholder=\"P\u0159eklad\">La pulsera armoniza el chakra de la garganta y el chakra del tercer ojo.<\/p>\n<p dir=\"ltr\" data-placeholder=\"P\u0159eklad\"><img loading=\"lazy\" decoding=\"async\" class=\"alignnone wp-image-72747\" src=\"https:\/\/trimakasi.cz\/wp-content\/uploads\/2018\/07\/\u010dakra5.jpg\" alt=\"Hrdeln\u00ed \u010dakra\" width=\"65\" height=\"70\" \/><img loading=\"lazy\" decoding=\"async\" class=\"alignnone wp-image-72748\" src=\"https:\/\/trimakasi.cz\/wp-content\/uploads\/2018\/07\/\u010dakra6.jpg\" alt=\"\u010cakra t\u0159et\u00edho oka\" width=\"77\" height=\"73\" \/><\/p>\n<p dir=\"ltr\" data-placeholder=\"P\u0159eklad\"><a href=\"https:\/\/trimakasi.eu\/es\/vlog\/\"><u>Visita nuestro video blog para descubrir las conexiones entre piedras preciosas, signos del zod\u00edaco, chakras y mucho m\u00e1s.<\/u><\/a><\/p>","protected":false},"excerpt":{"rendered":"<p id=\"tw-target-text\" class=\"tw-data-text tw-text-large tw-ta\" dir=\"ltr\" data-placeholder=\"P\u0159eklad\"><span lang=\"en\" tabindex=\"0\">Collar de cadena para hombre con colgante hexagonal hecho de piedra preciosa natural Sodalita. Esta piedra preciosa puede calmar la mente y aumentar nuestra confianza, que en los tiempos ca\u00f3ticos de hoy en d\u00eda es cada vez m\u00e1s necesaria para tener \u00e9xito en la vida profesional. Obtenga m\u00e1s informaci\u00f3n sobre las propiedades de esta piedra a continuaci\u00f3n. <\/span><\/p>\n<p class=\"tw-data-text tw-text-large tw-ta\" dir=\"ltr\" data-placeholder=\"P\u0159eklad\"><span lang=\"en\" tabindex=\"0\">Longitud de la cadena: 69 cm o 80 cm<\/span><\/p>\n<p class=\"tw-data-text tw-text-large tw-ta\" dir=\"ltr\" data-placeholder=\"P\u0159eklad\"><span lang=\"en\" tabindex=\"0\">Color y material de la cadena: Acero inoxidable con revestimiento PVD negro\u00a0 <\/span><\/p>\n<p class=\"tw-data-text tw-text-large tw-ta\" dir=\"ltr\" data-placeholder=\"P\u0159eklad\"><span lang=\"en\" tabindex=\"0\">Dimensiones de la piedra: aprox. 3,5 x 1 cm<\/span><\/p>","protected":false},"featured_media":163068,"comment_status":"open","ping_status":"closed","template":"","meta":{"_acf_changed":false,"_themeisle_gutenberg_block_has_review":false},"product_brand":[],"product_cat":[1064,1150,1690],"product_tag":[],"class_list":{"0":"post-75434","1":"product","2":"type-product","3":"status-publish","4":"has-post-thumbnail","6":"product_cat-mens-jewellery","7":"product_cat-necklaces-for-men","8":"product_cat-necklaces","10":"first","11":"instock","12":"taxable","13":"shipping-taxable","14":"purchasable","15":"product-type-variable","16":"has-default-attributes"},"acf":[],"_links":{"self":[{"href":"https:\/\/trimakasi.eu\/es\/wp-json\/wp\/v2\/product\/75434","targetHints":{"allow":["GET"]}}],"collection":[{"href":"https:\/\/trimakasi.eu\/es\/wp-json\/wp\/v2\/product"}],"about":[{"href":"https:\/\/trimakasi.eu\/es\/wp-json\/wp\/v2\/types\/product"}],"replies":[{"embeddable":true,"href":"https:\/\/trimakasi.eu\/es\/wp-json\/wp\/v2\/comments?post=75434"}],"wp:featuredmedia":[{"embeddable":true,"href":"https:\/\/trimakasi.eu\/es\/wp-json\/wp\/v2\/media\/163068"}],"wp:attachment":[{"href":"https:\/\/trimakasi.eu\/es\/wp-json\/wp\/v2\/media?parent=75434"}],"wp:term":[{"taxonomy":"product_brand","embeddable":true,"href":"https:\/\/trimakasi.eu\/es\/wp-json\/wp\/v2\/product_brand?post=75434"},{"taxonomy":"product_cat","embeddable":true,"href":"https:\/\/trimakasi.eu\/es\/wp-json\/wp\/v2\/product_cat?post=75434"},{"taxonomy":"product_tag","embeddable":true,"href":"https:\/\/trimakasi.eu\/es\/wp-json\/wp\/v2\/product_tag?post=75434"}],"curies":[{"name":"wp","href":"https:\/\/api.w.org\/{rel}","templated":true}]}}