{"id":75419,"date":"2019-11-10T15:08:33","date_gmt":"2019-11-10T14:08:33","guid":{"rendered":"https:\/\/trimakasi.eu\/?post_type=product&#038;p=75419"},"modified":"2024-06-28T22:17:07","modified_gmt":"2024-06-28T20:17:07","slug":"pulsera-mujer-granate-pasion","status":"publish","type":"product","link":"https:\/\/trimakasi.eu\/es\/product\/garnet-passion-womens-bracelet\/","title":{"rendered":"Pulsera de mujer Garnet passion"},"content":{"rendered":"<h3>Acero inoxidable con revestimiento de PVD de oro real<\/h3>\n<div>Debido a su dureza y durabilidad, el acero inoxidable es un excelente metal para joyer\u00eda.<\/div>\n<div>El recubrimiento PVD es una gran soluci\u00f3n para pulseras gracias a su alta resistencia a la abrasi\u00f3n, anomal\u00edas de temperatura y corrosi\u00f3n.<\/div>\n<div>\n<h3>Granate Hesonita<\/h3>\n<p id=\"tw-target-text\" class=\"tw-data-text tw-ta tw-text-small\" dir=\"ltr\" data-placeholder=\"P\u0159eklad\"><span lang=\"en\" tabindex=\"0\">El granate Hesonita es una variedad pura de granate que enciende el coraje, fortalece el carisma y la vitalidad, y tambi\u00e9n ayuda a encontrar el poder creativo en lo m\u00e1s profundo de s\u00ed mismo. El granate como piedra protectora de la salud mejora la vitalidad y los instintos de supervivencia esenciales. Tambi\u00e9n supuestamente ayuda con la fertilidad y la libido. El granate tambi\u00e9n se usaba anteriormente como protecci\u00f3n contra el veneno, y se cre\u00eda que pod\u00eda neutralizar los venenos.<\/span><\/p>\n<p class=\"tw-data-text tw-ta tw-text-small\" dir=\"ltr\" data-placeholder=\"P\u0159eklad\"><span lang=\"en\" tabindex=\"0\">A nivel mental, el granate elimina la negatividad y alivia la melancol\u00eda y la depresi\u00f3n. Tambi\u00e9n aporta valor y esperanza en momentos cr\u00edticos. Para proteger y fortalecer el coraje fue usado por los cruzados en sus expediciones a Tierra Santa, y hoy, con el mismo prop\u00f3sito, los hombres de negocios usan joyas de granate durante importantes negociaciones.<\/span><\/p>\n<p class=\"tw-data-text tw-ta tw-text-small\" dir=\"ltr\" data-placeholder=\"P\u0159eklad\"><span lang=\"en\" tabindex=\"0\">Elemento:<strong> Fuego, tierra<\/strong><\/span><\/p>\n<p class=\"tw-data-text tw-ta tw-text-small\" dir=\"ltr\" data-placeholder=\"P\u0159eklad\"><span lang=\"en\" tabindex=\"0\">Signos del zodiaco: <strong>Capricornio, Acuario, Escorpio, Leo<\/strong><\/span><\/p>\n<p><span lang=\"en\" tabindex=\"0\">Garnet abre una conexi\u00f3n poco com\u00fan entre el chakra de la ra\u00edz y el chakra de la corona, ayuda a llevar y anclar la energ\u00eda mental en el cuerpo f\u00edsico.<\/span><\/p>\n<p><img loading=\"lazy\" decoding=\"async\" class=\"alignnone wp-image-72742\" src=\"https:\/\/trimakasi.cz\/wp-content\/uploads\/2018\/08\/%C4%8Dakra1.jpg\" alt=\"Z\u00e1kladn\u00ed \u010dakra\" width=\"57\" height=\"62\" \/><img loading=\"lazy\" decoding=\"async\" class=\"alignnone wp-image-72749\" src=\"https:\/\/trimakasi.cz\/wp-content\/uploads\/2018\/07\/%C4%8Dakra7.jpg\" alt=\"Korunn\u00ed \u010dakra\" width=\"59\" height=\"65\" \/><\/p>\n<p><a href=\"https:\/\/trimakasi.eu\/es\/vlog\/\"><u>Visita nuestro video blog para descubrir las conexiones entre piedras preciosas, signos del zod\u00edaco, chakras y mucho m\u00e1s.<\/u><\/a><\/p>\n<\/div>","protected":false},"excerpt":{"rendered":"<p id=\"tw-target-text\" class=\"tw-data-text tw-text-large tw-ta\" dir=\"ltr\" data-placeholder=\"P\u0159eklad\">Gracias a su color, el granate hesonita se ha ganado el seud\u00f3nimo de \u201cLiving Fire\u201d. La luz del d\u00eda puede iluminar la fascinante llama interior escarlata de esta preciosa piedra preciosa. Acero inoxidable de alta calidad con revestimiento de PVD de oro real muy duradero.<\/p>\n<p>Elija una pulsera por el tama\u00f1o.\u00a0<a href=\"https:\/\/trimakasi.eu\/es\/como-elegir-la-talla-de-pulsera\/\">Las instrucciones sobre c\u00f3mo determinar correctamente el tama\u00f1o se pueden encontrar aqu\u00ed.<\/a>\u00a0\u00a1Caja de regalo negra de lujo gratis!<\/p>","protected":false},"featured_media":125012,"comment_status":"open","ping_status":"closed","template":"","meta":{"_acf_changed":false,"_themeisle_gutenberg_block_has_review":false},"product_brand":[],"product_cat":[1687,568,553],"product_tag":[],"class_list":{"0":"post-75419","1":"product","2":"type-product","3":"status-publish","4":"has-post-thumbnail","6":"product_cat-elastic-bracelets","7":"product_cat-premium-bracelets-for-women","8":"product_cat-womens-jewellery","10":"first","11":"instock","12":"taxable","13":"shipping-taxable","14":"purchasable","15":"product-type-variable","16":"has-default-attributes"},"acf":[],"_links":{"self":[{"href":"https:\/\/trimakasi.eu\/es\/wp-json\/wp\/v2\/product\/75419","targetHints":{"allow":["GET"]}}],"collection":[{"href":"https:\/\/trimakasi.eu\/es\/wp-json\/wp\/v2\/product"}],"about":[{"href":"https:\/\/trimakasi.eu\/es\/wp-json\/wp\/v2\/types\/product"}],"replies":[{"embeddable":true,"href":"https:\/\/trimakasi.eu\/es\/wp-json\/wp\/v2\/comments?post=75419"}],"wp:featuredmedia":[{"embeddable":true,"href":"https:\/\/trimakasi.eu\/es\/wp-json\/wp\/v2\/media\/125012"}],"wp:attachment":[{"href":"https:\/\/trimakasi.eu\/es\/wp-json\/wp\/v2\/media?parent=75419"}],"wp:term":[{"taxonomy":"product_brand","embeddable":true,"href":"https:\/\/trimakasi.eu\/es\/wp-json\/wp\/v2\/product_brand?post=75419"},{"taxonomy":"product_cat","embeddable":true,"href":"https:\/\/trimakasi.eu\/es\/wp-json\/wp\/v2\/product_cat?post=75419"},{"taxonomy":"product_tag","embeddable":true,"href":"https:\/\/trimakasi.eu\/es\/wp-json\/wp\/v2\/product_tag?post=75419"}],"curies":[{"name":"wp","href":"https:\/\/api.w.org\/{rel}","templated":true}]}}