{"id":75223,"date":"2019-11-09T15:01:20","date_gmt":"2019-11-09T14:01:20","guid":{"rendered":"https:\/\/trimakasi.eu\/?post_type=product&#038;p=75223"},"modified":"2025-06-28T21:48:39","modified_gmt":"2025-06-28T19:48:39","slug":"pulsera-de-lujo-para-hombre","status":"publish","type":"product","link":"https:\/\/trimakasi.eu\/es\/product\/luxury-mens-bracelet\/","title":{"rendered":"Pulsera de hombre Luxury"},"content":{"rendered":"<h3>Acero inoxidable con revestimiento de PVD de oro real<\/h3>\n<p>Debido a su dureza y durabilidad, el acero inoxidable es un excelente metal para joyer\u00eda.<br \/>\nEl recubrimiento PVD es una gran soluci\u00f3n para pulseras gracias a su alta resistencia a la abrasi\u00f3n, anomal\u00edas de temperatura y corrosi\u00f3n.<\/p>\n<h3><a href=\"https:\/\/trimakasi.eu\/es\/product\/obsidiana-negra\/\">Obsidiana negra<\/a><\/h3>\n<p><span lang=\"en\" tabindex=\"0\">La obsidiana es una forma especial de vidrio natural, que se crea por el r\u00e1pido enfriamiento de la lava caliente en la superficie de la tierra. Ha sido utilizado por la humanidad desde la Edad de Piedra, cuando los cazadores fabricaban las puntas de sus armas con sus afiladas astillas.<\/span><\/p>\n<h3 class=\"LC20lb\"><a href=\"https:\/\/trimakasi.eu\/es\/product\/ojo-de-tigre\/\">Ojo de tigre<\/a><\/h3>\n<p>La piedra tiene la capacidad de disipar la negatividad y su color dorado atrae prosperidad, riqueza y un estatus social significativo. Representa el sol y la tendencia asociada a &quot;estar en el centro de atenci\u00f3n&quot;.<\/p>\n<p>Elemento: <strong>Fuego, tierra<\/strong><\/p>\n<p>Signo del zodiaco: <strong>Sagitario, Escorpio, Capricornio, Libra, Virgo, Leo, G\u00e9minis, Aries<\/strong><\/p>\n<p>La pulsera armoniza el chakra de la ra\u00edz y el chakra del plexo solar<\/p>\n<p><img loading=\"lazy\" decoding=\"async\" class=\"alignnone size-full wp-image-72742 lazyloaded\" src=\"https:\/\/trimakasi.cz\/wp-content\/uploads\/2018\/08\/%C4%8Dakra1.jpg\" alt=\"Z\u00e1kladn\u00ed \u010dakra\" width=\"81\" height=\"88\" data-lazy-src=\"https:\/\/trimakasi.cz\/wp-content\/uploads\/2018\/08\/\u010dakra1.jpg\" data-was-processed=\"true\" \/><img loading=\"lazy\" decoding=\"async\" class=\"alignnone size-full wp-image-72745 lazyloaded\" src=\"https:\/\/trimakasi.cz\/wp-content\/uploads\/2018\/07\/%C4%8Dakra3.jpg\" alt=\"Plexo solar \u010dakra\" width=\"77\" height=\"86\" data-lazy-src=\"https:\/\/trimakasi.cz\/wp-content\/uploads\/2018\/07\/\u010dakra3.jpg\" data-was-processed=\"true\" \/><\/p>\n<p><a href=\"https:\/\/trimakasi.eu\/es\/vlog\/\"><u>Visita nuestro video blog para descubrir las conexiones entre piedras preciosas, signos del zod\u00edaco, chakras y mucho m\u00e1s.<\/u><\/a><\/p>","protected":false},"excerpt":{"rendered":"<p id=\"tw-target-text\" class=\"tw-data-text tw-text-large tw-ta\" dir=\"ltr\" data-placeholder=\"P\u0159eklad\">Lujoso brazalete de prosperidad elaborado con Ojo de Tigre y Obsidiana negra. Acero inoxidable de alta calidad con revestimiento PVD de oro real muy duradero.<\/p>\n<p>Elija una pulsera por el tama\u00f1o.\u00a0<a href=\"https:\/\/trimakasi.eu\/es\/como-elegir-la-talla-de-pulsera\/\">Las instrucciones sobre c\u00f3mo determinar correctamente el tama\u00f1o se pueden encontrar aqu\u00ed.<\/a>\u00a0\u00a1Caja de regalo negra de lujo gratis!<\/p>","protected":false},"featured_media":75816,"comment_status":"open","ping_status":"closed","template":"","meta":{"_acf_changed":false,"_themeisle_gutenberg_block_has_review":false},"product_brand":[],"product_cat":[1687,1064,1067],"product_tag":[],"class_list":{"0":"post-75223","1":"product","2":"type-product","3":"status-publish","4":"has-post-thumbnail","6":"product_cat-elastic-bracelets","7":"product_cat-mens-jewellery","8":"product_cat-premium-bracelets-for-men","10":"first","11":"instock","12":"taxable","13":"shipping-taxable","14":"purchasable","15":"product-type-variable","16":"has-default-attributes"},"acf":[],"_links":{"self":[{"href":"https:\/\/trimakasi.eu\/es\/wp-json\/wp\/v2\/product\/75223","targetHints":{"allow":["GET"]}}],"collection":[{"href":"https:\/\/trimakasi.eu\/es\/wp-json\/wp\/v2\/product"}],"about":[{"href":"https:\/\/trimakasi.eu\/es\/wp-json\/wp\/v2\/types\/product"}],"replies":[{"embeddable":true,"href":"https:\/\/trimakasi.eu\/es\/wp-json\/wp\/v2\/comments?post=75223"}],"wp:featuredmedia":[{"embeddable":true,"href":"https:\/\/trimakasi.eu\/es\/wp-json\/wp\/v2\/media\/75816"}],"wp:attachment":[{"href":"https:\/\/trimakasi.eu\/es\/wp-json\/wp\/v2\/media?parent=75223"}],"wp:term":[{"taxonomy":"product_brand","embeddable":true,"href":"https:\/\/trimakasi.eu\/es\/wp-json\/wp\/v2\/product_brand?post=75223"},{"taxonomy":"product_cat","embeddable":true,"href":"https:\/\/trimakasi.eu\/es\/wp-json\/wp\/v2\/product_cat?post=75223"},{"taxonomy":"product_tag","embeddable":true,"href":"https:\/\/trimakasi.eu\/es\/wp-json\/wp\/v2\/product_tag?post=75223"}],"curies":[{"name":"wp","href":"https:\/\/api.w.org\/{rel}","templated":true}]}}