{"id":75148,"date":"2021-07-08T20:14:42","date_gmt":"2021-07-08T18:14:42","guid":{"rendered":"https:\/\/trimakasi.eu\/?post_type=product&#038;p=75148"},"modified":"2025-06-28T21:45:27","modified_gmt":"2025-06-28T19:45:27","slug":"tycoon-mens-bracelet","status":"publish","type":"product","link":"https:\/\/trimakasi.eu\/es\/product\/tycoon-mens-bracelet\/","title":{"rendered":"Pulsera de hombre Tycoon"},"content":{"rendered":"<h3>Acero inoxidable con revestimiento de PVD negro<\/h3>\n<div>Debido a su dureza y durabilidad, el acero inoxidable es un excelente metal para joyer\u00eda.<\/div>\n<div>El recubrimiento PVD es una gran soluci\u00f3n para pulseras gracias a su alta resistencia a la abrasi\u00f3n, anomal\u00edas de temperatura y corrosi\u00f3n.<\/div>\n<div>\n<h3><a href=\"https:\/\/trimakasi.eu\/es\/product\/black-matte-agate\/\">Onix negro mate<\/a><\/h3>\n<p>El \u00f3nix negro tiene la capacidad de aumentar la fuerza de voluntad de su due\u00f1o y lo ayuda a enfrentar los problemas con valent\u00eda. Nos ayuda a encontrar soluciones en lugar de encontrar problemas y alejar la idea de rendirnos.<\/p>\n<h3><a href=\"https:\/\/trimakasi.eu\/es\/product\/broncita\/\">Broncita<\/a><\/h3>\n<p>Esta piedra preciosa marr\u00f3n chocolate con reflejos met\u00e1licos puede equilibrar la energ\u00eda masculina y aumentar la asertividad. Otro beneficio de la Bronzita es la capacidad de servir como piedra protectora que puede aumentar en gran medida la armon\u00eda del esp\u00edritu y la autoestima, especialmente cuando se siente impotente. Es una piedra de guerreros que da el coraje para afrontar los mayores retos de nuestra vida.<\/p>\n<p>Elemento: <strong>Tierra, fuego<\/strong><\/p>\n<p>Signo del zodiaco: <strong>Sagitario, Leo, Virgo, G\u00e9minis, Escorpio, Piscis, Acuario, Capricornio, C\u00e1ncer, Tauro, Aries<\/strong><\/p>\n<p>Pulsera armoniza: chakra ra\u00edz, sacro y plexo solar<br \/>\n<img loading=\"lazy\" decoding=\"async\" class=\"alignnone wp-image-72742 lazyloaded\" src=\"https:\/\/trimakasi.cz\/wp-content\/uploads\/2018\/08\/%C4%8Dakra1.jpg\" alt=\"Z\u00e1kladn\u00ed \u010dakra\" width=\"71\" height=\"77\" data-lazy-src=\"https:\/\/trimakasi.cz\/wp-content\/uploads\/2018\/08\/%C4%8Dakra1.jpg\" data-was-processed=\"true\" \/><img loading=\"lazy\" decoding=\"async\" class=\"alignnone wp-image-72744 lazyloaded\" src=\"https:\/\/trimakasi.cz\/wp-content\/uploads\/2018\/07\/%C4%8Dakra2.jpg\" alt=\"Sakr\u00e1ln\u00ed \u010dakra\" width=\"70\" height=\"88\" data-lazy-src=\"https:\/\/trimakasi.cz\/wp-content\/uploads\/2018\/07\/\u010dakra2.jpg\" data-was-processed=\"true\" \/><img loading=\"lazy\" decoding=\"async\" class=\"alignnone wp-image-72745 lazyloaded\" src=\"https:\/\/trimakasi.cz\/wp-content\/uploads\/2018\/07\/%C4%8Dakra3.jpg\" alt=\"Plexo solar \u010dakra\" width=\"75\" height=\"83\" data-lazy-src=\"https:\/\/trimakasi.cz\/wp-content\/uploads\/2018\/07\/\u010dakra3.jpg\" data-was-processed=\"true\" \/><\/p>\n<p><a href=\"https:\/\/trimakasi.eu\/es\/vlog\/\"><u>Visita nuestro video blog para descubrir las conexiones entre piedras preciosas, signos del zod\u00edaco, chakras y mucho m\u00e1s.<\/u><\/a><\/p>\n<\/div>","protected":false},"excerpt":{"rendered":"<p>Elegante pulsera para hombre, hecha de \u00f3nix negro mate y broncita. Gran accesorio no solo para reuniones de negocios sino tambi\u00e9n para el tiempo libre. Acero inoxidable de alta calidad con revestimiento de PVD negro muy duradero.<br \/>\nElija una pulsera por el tama\u00f1o.\u00a0<a href=\"https:\/\/trimakasi.eu\/es\/como-elegir-la-talla-de-pulsera\/\">Las instrucciones sobre c\u00f3mo determinar correctamente el tama\u00f1o se pueden encontrar aqu\u00ed.<\/a>\u00a0\u00a1Caja de regalo negra de lujo gratis!<\/p>","protected":false},"featured_media":75268,"comment_status":"open","ping_status":"closed","template":"","meta":{"_acf_changed":false,"_themeisle_gutenberg_block_has_review":false},"product_brand":[],"product_cat":[1687,1064,1067],"product_tag":[],"class_list":{"0":"post-75148","1":"product","2":"type-product","3":"status-publish","4":"has-post-thumbnail","6":"product_cat-elastic-bracelets","7":"product_cat-mens-jewellery","8":"product_cat-premium-bracelets-for-men","10":"first","11":"instock","12":"taxable","13":"shipping-taxable","14":"purchasable","15":"product-type-variable","16":"has-default-attributes"},"acf":[],"_links":{"self":[{"href":"https:\/\/trimakasi.eu\/es\/wp-json\/wp\/v2\/product\/75148","targetHints":{"allow":["GET"]}}],"collection":[{"href":"https:\/\/trimakasi.eu\/es\/wp-json\/wp\/v2\/product"}],"about":[{"href":"https:\/\/trimakasi.eu\/es\/wp-json\/wp\/v2\/types\/product"}],"replies":[{"embeddable":true,"href":"https:\/\/trimakasi.eu\/es\/wp-json\/wp\/v2\/comments?post=75148"}],"wp:featuredmedia":[{"embeddable":true,"href":"https:\/\/trimakasi.eu\/es\/wp-json\/wp\/v2\/media\/75268"}],"wp:attachment":[{"href":"https:\/\/trimakasi.eu\/es\/wp-json\/wp\/v2\/media?parent=75148"}],"wp:term":[{"taxonomy":"product_brand","embeddable":true,"href":"https:\/\/trimakasi.eu\/es\/wp-json\/wp\/v2\/product_brand?post=75148"},{"taxonomy":"product_cat","embeddable":true,"href":"https:\/\/trimakasi.eu\/es\/wp-json\/wp\/v2\/product_cat?post=75148"},{"taxonomy":"product_tag","embeddable":true,"href":"https:\/\/trimakasi.eu\/es\/wp-json\/wp\/v2\/product_tag?post=75148"}],"curies":[{"name":"wp","href":"https:\/\/api.w.org\/{rel}","templated":true}]}}