{"id":75128,"date":"2020-11-07T17:10:20","date_gmt":"2020-11-07T16:10:20","guid":{"rendered":"https:\/\/trimakasi.eu\/?post_type=product&#038;p=75128"},"modified":"2025-06-12T18:03:33","modified_gmt":"2025-06-12T16:03:33","slug":"pulsera-riot-para-hombre","status":"publish","type":"product","link":"https:\/\/trimakasi.eu\/es\/product\/riot-mens-bracelet\/","title":{"rendered":"Pulsera de hombre Riot"},"content":{"rendered":"<h3>Acero inoxidable con revestimiento de PVD negro<\/h3>\n<div>Debido a su dureza y durabilidad, el acero inoxidable es un excelente metal para joyer\u00eda.<\/div>\n<div>El recubrimiento PVD es una gran soluci\u00f3n para pulseras gracias a su alta resistencia a la abrasi\u00f3n, anomal\u00edas de temperatura y corrosi\u00f3n.<\/div>\n<h3>Obsidiana brillo dorado<\/h3>\n<p>Esta rara forma de obsidiana contiene impurezas con reflejos dorados met\u00e1licos.<\/p>\n<p class=\"tw-data-text tw-ta tw-text-small\" dir=\"ltr\" data-placeholder=\"P\u0159eklad\"><span lang=\"en\" tabindex=\"0\">La obsidiana es una forma especial de vidrio natural, que se crea por el r\u00e1pido enfriamiento de la lava caliente en la superficie de la tierra. Ha sido utilizado por la humanidad desde la Edad de Piedra, cuando los cazadores fabricaban las puntas de sus armas con sus afiladas astillas. Era<\/span><span lang=\"en\" tabindex=\"0\">\u00a0valorado entre los antiguos aztecas, quienes lo llamaron \u201cPiedra de Dios\u201d. Su daga sagrada, dise\u00f1ada para su infame ritual de realizar sacrificios humanos a los dioses, estaba hecha de esta piedra.<\/span><\/p>\n<p id=\"tw-target-text\" class=\"tw-data-text tw-ta tw-text-small\" dir=\"ltr\" data-placeholder=\"P\u0159eklad\"><span lang=\"en\" tabindex=\"0\">El \u00f3nix negro, la turmalina negra y la obsidiana negra se consideran piedras protectoras tradicionales debido a su color oscuro. Pueden rodearte de una atm\u00f3sfera protectora que absorba toda la negatividad de tu entorno. Sobre todo, ayudan a superar los patrones de pensamiento negativos que surgen de las emociones m\u00e1s debilitantes y t\u00f3xicas: el miedo.<\/span><\/p>\n<p>Elemento: <strong>Fuego<\/strong><\/p>\n<p>Signo del zodiaco:\u00a0<strong>Sagitario, Escorpio<\/strong><\/p>\n<p>La pulsera armoniza el chakra de la ra\u00edz, el chakra del plexo solar y el chakra del hogar.<\/p>\n<p><img loading=\"lazy\" decoding=\"async\" class=\"alignnone wp-image-72742\" src=\"https:\/\/trimakasi.cz\/wp-content\/uploads\/2018\/08\/%C4%8Dakra1.jpg\" alt=\"Z\u00e1kladn\u00ed \u010dakra\" width=\"88\" height=\"96\" \/><img loading=\"lazy\" decoding=\"async\" class=\"alignnone wp-image-72745\" src=\"https:\/\/trimakasi.cz\/wp-content\/uploads\/2018\/07\/%C4%8Dakra3.jpg\" alt=\"Plexo solar \u010dakra\" width=\"92\" height=\"103\" \/><a href=\"https:\/\/trimakasi.eu\/wp-content\/uploads\/2020\/07\/\u010dakra4.jpg\"><img loading=\"lazy\" decoding=\"async\" class=\"alignnone size-full wp-image-83566\" src=\"https:\/\/trimakasi.eu\/wp-content\/uploads\/2020\/07\/\u010dakra4.jpg\" alt=\"Chakra del coraz\u00f3n\" width=\"79\" height=\"93\" srcset=\"https:\/\/trimakasi.eu\/wp-content\/uploads\/2020\/07\/\u010dakra4.jpg 79w, https:\/\/trimakasi.eu\/wp-content\/uploads\/2020\/07\/\u010dakra4-10x12.jpg 10w\" sizes=\"auto, (max-width: 79px) 100vw, 79px\" \/><\/a><\/p>\n<p><a href=\"https:\/\/trimakasi.eu\/es\/vlog\/\"><u>Visita nuestro video blog para descubrir las conexiones entre piedras preciosas, signos del zod\u00edaco, chakras y mucho m\u00e1s.<\/u><\/a><\/p>","protected":false},"excerpt":{"rendered":"<p id=\"tw-target-text\" class=\"tw-data-text tw-text-large tw-ta\" dir=\"ltr\" data-placeholder=\"P\u0159eklad\">Disfrute de la elegancia negra y los reflejos dorados met\u00e1licos de la rara forma de obsidiana. Acero inoxidable de alta calidad con revestimiento PVD muy duradero.<\/p>\n<p>Elija una pulsera por el tama\u00f1o.\u00a0<a href=\"https:\/\/trimakasi.eu\/es\/como-elegir-la-talla-de-pulsera\/\">Las instrucciones sobre c\u00f3mo determinar correctamente el tama\u00f1o se pueden encontrar aqu\u00ed.<\/a>\u00a0\u00a1Caja de regalo negra de lujo gratis!<\/p>","protected":false},"featured_media":75310,"comment_status":"open","ping_status":"closed","template":"","meta":{"_acf_changed":false,"_themeisle_gutenberg_block_has_review":false},"product_brand":[],"product_cat":[1687,1064,1067],"product_tag":[],"class_list":{"0":"post-75128","1":"product","2":"type-product","3":"status-publish","4":"has-post-thumbnail","6":"product_cat-elastic-bracelets","7":"product_cat-mens-jewellery","8":"product_cat-premium-bracelets-for-men","10":"first","11":"instock","12":"taxable","13":"shipping-taxable","14":"purchasable","15":"product-type-variable","16":"has-default-attributes"},"acf":[],"_links":{"self":[{"href":"https:\/\/trimakasi.eu\/es\/wp-json\/wp\/v2\/product\/75128","targetHints":{"allow":["GET"]}}],"collection":[{"href":"https:\/\/trimakasi.eu\/es\/wp-json\/wp\/v2\/product"}],"about":[{"href":"https:\/\/trimakasi.eu\/es\/wp-json\/wp\/v2\/types\/product"}],"replies":[{"embeddable":true,"href":"https:\/\/trimakasi.eu\/es\/wp-json\/wp\/v2\/comments?post=75128"}],"wp:featuredmedia":[{"embeddable":true,"href":"https:\/\/trimakasi.eu\/es\/wp-json\/wp\/v2\/media\/75310"}],"wp:attachment":[{"href":"https:\/\/trimakasi.eu\/es\/wp-json\/wp\/v2\/media?parent=75128"}],"wp:term":[{"taxonomy":"product_brand","embeddable":true,"href":"https:\/\/trimakasi.eu\/es\/wp-json\/wp\/v2\/product_brand?post=75128"},{"taxonomy":"product_cat","embeddable":true,"href":"https:\/\/trimakasi.eu\/es\/wp-json\/wp\/v2\/product_cat?post=75128"},{"taxonomy":"product_tag","embeddable":true,"href":"https:\/\/trimakasi.eu\/es\/wp-json\/wp\/v2\/product_tag?post=75128"}],"curies":[{"name":"wp","href":"https:\/\/api.w.org\/{rel}","templated":true}]}}