{"id":75103,"date":"2019-11-06T15:17:43","date_gmt":"2019-11-06T14:17:43","guid":{"rendered":"https:\/\/trimakasi.eu\/?post_type=product&#038;p=75103"},"modified":"2025-12-24T12:36:40","modified_gmt":"2025-12-24T11:36:40","slug":"pulsera-lasward-para-hombre","status":"publish","type":"product","link":"https:\/\/trimakasi.eu\/es\/product\/lasward-mens-bracelet\/","title":{"rendered":"Pulsera de hombre Lasward"},"content":{"rendered":"<h3>Acero inoxidable chapado en oro PVD<\/h3>\n<div>Debido a su dureza y durabilidad, el acero inoxidable es un excelente metal para joyer\u00eda.<\/div>\n<div>El recubrimiento PVD es una gran soluci\u00f3n para pulseras gracias a su alta resistencia a la abrasi\u00f3n, anomal\u00edas de temperatura y corrosi\u00f3n.<\/div>\n<h3>Lazurita - Lapisl\u00e1zuli<\/h3>\n<p>El nombre proviene de la combinaci\u00f3n de la palabra latina \u201cLapis\u201d, que significa piedra, con la palabra persa \u201cLazhward\u201d, que indica el color azul.<\/p>\n<p>\u00a1Esta es una de las piedras preciosas m\u00e1s antiguas que descubri\u00f3 la humanidad! Se ha utilizado, por ejemplo, en el antiguo Egipto para producir joyas y amuletos, y para la producci\u00f3n de primeros cosm\u00e9ticos para mujeres. Esta piedra representaba all\u00ed toda la lista de buenas cualidades, pero sobre todo, el lapisl\u00e1zuli se llamaba \u201cPiedra del cielo\u201d. Su color azul profundo simbolizaba un cielo nocturno \u00edndigo y las manchas de oro blanco simbolizaban estrellas inmortales.<\/p>\n<p>Los jueces egipcios, por ejemplo, llevaban esta piedra colgada del cuello con la inscripci\u00f3n \u201cverdadero\u201d. Esta piedra noble tambi\u00e9n adorna la m\u00e1scara post mortem de uno de los faraones m\u00e1s famosos: Tutankam\u00f3n.<\/p>\n<p>El lapisl\u00e1zuli se considera una piedra curativa tradicional, que se supone que neutraliza las sustancias venenosas en el cuerpo y limpia la sangre. Desde el punto de vista espiritual, se puede utilizar como piedra protectora contra la energ\u00eda negativa.<\/p>\n<p>Signo del zodiaco: <strong>Sagitario, Acuario, Libra<\/strong><\/p>\n<p>Elemento: <strong>Agua<\/strong><\/p>\n<p>La pulsera armoniza el chakra de la garganta y el chakra del tercer ojo.<\/p>\n<p><a href=\"https:\/\/trimakasi.eu\/wp-content\/uploads\/\u010dakra5.jpg\"><img loading=\"lazy\" decoding=\"async\" class=\"alignnone size-full wp-image-138515\" src=\"https:\/\/trimakasi.eu\/wp-content\/uploads\/\u010dakra5.jpg\" alt=\"Chakra de la garganta\" width=\"81\" height=\"87\" srcset=\"https:\/\/trimakasi.eu\/wp-content\/uploads\/\u010dakra5.jpg 81w, https:\/\/trimakasi.eu\/wp-content\/uploads\/\u010dakra5-11x12.jpg 11w\" sizes=\"auto, (max-width: 81px) 100vw, 81px\" \/><\/a><a href=\"https:\/\/trimakasi.eu\/wp-content\/uploads\/\u010dakra6.jpg\"><img loading=\"lazy\" decoding=\"async\" class=\"alignnone size-full wp-image-138516\" src=\"https:\/\/trimakasi.eu\/wp-content\/uploads\/\u010dakra6.jpg\" alt=\"Chakra del tercer ojo\" width=\"103\" height=\"98\" srcset=\"https:\/\/trimakasi.eu\/wp-content\/uploads\/\u010dakra6.jpg 103w, https:\/\/trimakasi.eu\/wp-content\/uploads\/\u010dakra6-13x12.jpg 13w\" sizes=\"auto, (max-width: 103px) 100vw, 103px\" \/><\/a><\/p>\n<p><a href=\"https:\/\/trimakasi.eu\/es\/vlog\/\"><u>Visita nuestro video blog para descubrir las conexiones entre piedras preciosas, signos del zod\u00edaco, chakras y mucho m\u00e1s.<\/u><\/a><\/p>","protected":false},"excerpt":{"rendered":"<p id=\"tw-target-text\" class=\"tw-data-text tw-text-large tw-ta\" dir=\"ltr\" data-placeholder=\"P\u0159eklad\">L\u00e1pis Lazuli: esta misteriosa piedra de color azul profundo en la versi\u00f3n mate a veces se conoce como la &quot;Piedra de los magos&quot;. Acero inoxidable de alta calidad con recubrimiento PVD muy duradero.<\/p>\n<p>Elija una pulsera por el tama\u00f1o y el color de las piezas met\u00e1licas.\u00a0<a href=\"https:\/\/trimakasi.eu\/es\/como-elegir-la-talla-de-pulsera\/\">Las instrucciones sobre c\u00f3mo determinar correctamente el tama\u00f1o se pueden encontrar aqu\u00ed.<\/a>\u00a0\u00a1Caja de regalo negra de lujo gratis!<\/p>","protected":false},"featured_media":75296,"comment_status":"open","ping_status":"closed","template":"","meta":{"_acf_changed":false,"_themeisle_gutenberg_block_has_review":false},"product_brand":[],"product_cat":[1687,1064,1067],"product_tag":[],"class_list":{"0":"post-75103","1":"product","2":"type-product","3":"status-publish","4":"has-post-thumbnail","6":"product_cat-elastic-bracelets","7":"product_cat-mens-jewellery","8":"product_cat-premium-bracelets-for-men","10":"first","11":"instock","12":"taxable","13":"shipping-taxable","14":"purchasable","15":"product-type-variable","16":"has-default-attributes"},"acf":[],"_links":{"self":[{"href":"https:\/\/trimakasi.eu\/es\/wp-json\/wp\/v2\/product\/75103","targetHints":{"allow":["GET"]}}],"collection":[{"href":"https:\/\/trimakasi.eu\/es\/wp-json\/wp\/v2\/product"}],"about":[{"href":"https:\/\/trimakasi.eu\/es\/wp-json\/wp\/v2\/types\/product"}],"replies":[{"embeddable":true,"href":"https:\/\/trimakasi.eu\/es\/wp-json\/wp\/v2\/comments?post=75103"}],"wp:featuredmedia":[{"embeddable":true,"href":"https:\/\/trimakasi.eu\/es\/wp-json\/wp\/v2\/media\/75296"}],"wp:attachment":[{"href":"https:\/\/trimakasi.eu\/es\/wp-json\/wp\/v2\/media?parent=75103"}],"wp:term":[{"taxonomy":"product_brand","embeddable":true,"href":"https:\/\/trimakasi.eu\/es\/wp-json\/wp\/v2\/product_brand?post=75103"},{"taxonomy":"product_cat","embeddable":true,"href":"https:\/\/trimakasi.eu\/es\/wp-json\/wp\/v2\/product_cat?post=75103"},{"taxonomy":"product_tag","embeddable":true,"href":"https:\/\/trimakasi.eu\/es\/wp-json\/wp\/v2\/product_tag?post=75103"}],"curies":[{"name":"wp","href":"https:\/\/api.w.org\/{rel}","templated":true}]}}