{"id":75044,"date":"2019-11-05T20:00:34","date_gmt":"2019-11-05T19:00:34","guid":{"rendered":"https:\/\/trimakasi.eu\/?post_type=product&#038;p=75044"},"modified":"2025-02-25T18:21:52","modified_gmt":"2025-02-25T17:21:52","slug":"serpentinita","status":"publish","type":"product","link":"https:\/\/trimakasi.eu\/es\/product\/serpentinite\/","title":{"rendered":"Pulsera de serpentinita"},"content":{"rendered":"<h3>Serpentinita \u2013 propiedades<\/h3>\n<p>La serpentinita recibi\u00f3 su nombre por su parecido con la piel de serpiente, que recuerda a sus escamas verdes. Las antiguas civilizaciones de Am\u00e9rica cre\u00edan que la serpentinita era la guardiana de la energ\u00eda vital humana y la guardiana del alma contra las fuerzas invisibles. Los antiguos romanos lo usaban como protecci\u00f3n contra la magia.<\/p>\n<p>En la Edad Media este mineral se conoc\u00eda como la &quot;Piedra de los Sanadores&quot;. Se utiliz\u00f3 para fabricar diversos cuencos y estuches en los que en ese momento se almacenaban medicinas (como mezclas de hierbas), creyendo que esta piedra amplificar\u00eda sus efectos curativos por sus vibraciones. Este mineral tambi\u00e9n serv\u00eda como protecci\u00f3n contra las mordeduras de serpientes y se cre\u00eda que pod\u00eda ayudar a curar cualquier envenenamiento.<\/p>\n<p>La serpentinita emite una vibraci\u00f3n naturalmente relajante que puede ayudar a despertar Kundalini, una energ\u00eda b\u00e1sica tambi\u00e9n llamada &quot;Fuerza de serpiente&quot;, &quot;Chi&quot; o &quot;Prana&quot;, que fluye a lo largo de la columna vertebral humana. El mineral ayuda a abrir el camino para Kundalini y tambi\u00e9n ayuda al cuerpo y la conciencia a acostumbrarse a esta energ\u00eda. Esta piedra tambi\u00e9n puede aumentar la felicidad y puede ayudar a las personas a alcanzar sus metas laborales y personales.<\/p>\n<p>Elemento: <strong>tierra<\/strong><\/p>\n<p>Signo del zodiaco: <strong>G\u00e9minis, Escorpio, Libra<\/strong><\/p>\n<p>La pulsera armoniza el chakra de la ra\u00edz y el chakra del coraz\u00f3n.<\/p>\n<p><a href=\"https:\/\/trimakasi.eu\/wp-content\/uploads\/\u010dakra1.jpg\"><img loading=\"lazy\" decoding=\"async\" class=\"alignnone size-full wp-image-138513\" src=\"https:\/\/trimakasi.eu\/wp-content\/uploads\/\u010dakra1.jpg\" alt=\"Chakra de la ra\u00edz\" width=\"81\" height=\"88\" srcset=\"https:\/\/trimakasi.eu\/wp-content\/uploads\/\u010dakra1.jpg 81w, https:\/\/trimakasi.eu\/wp-content\/uploads\/\u010dakra1-11x12.jpg 11w\" sizes=\"auto, (max-width: 81px) 100vw, 81px\" \/><\/a><a href=\"https:\/\/trimakasi.eu\/wp-content\/uploads\/2020\/07\/\u010dakra4.jpg\"><img loading=\"lazy\" decoding=\"async\" class=\"alignnone size-full wp-image-83566\" src=\"https:\/\/trimakasi.eu\/wp-content\/uploads\/2020\/07\/\u010dakra4.jpg\" alt=\"Chakra del coraz\u00f3n\" width=\"79\" height=\"93\" srcset=\"https:\/\/trimakasi.eu\/wp-content\/uploads\/2020\/07\/\u010dakra4.jpg 79w, https:\/\/trimakasi.eu\/wp-content\/uploads\/2020\/07\/\u010dakra4-10x12.jpg 10w\" sizes=\"auto, (max-width: 79px) 100vw, 79px\" \/><\/a><\/p>\n<p><a href=\"https:\/\/trimakasi.eu\/es\/vlog\/\"><u>Visita nuestro video blog para descubrir las conexiones entre piedras preciosas, signos del zod\u00edaco, chakras y mucho m\u00e1s.<\/u><\/a><\/p>","protected":false},"excerpt":{"rendered":"<p id=\"tw-target-text\" class=\"tw-data-text tw-text-large tw-ta\" dir=\"ltr\" data-placeholder=\"P\u0159eklad\"><span lang=\"en\" tabindex=\"0\">Esta pulsera est\u00e1 hecha de serpentinita, un mineral curativo cuya apariencia se parece a las escamas de una serpiente.\u00a0<\/span>Obtenga m\u00e1s informaci\u00f3n sobre las propiedades de esta piedra a continuaci\u00f3n.<\/p>\n<p>Elija una pulsera por su tama\u00f1o y por el color de la \u00faltima cuenta.\u00a0<a href=\"https:\/\/trimakasi.eu\/es\/como-elegir-la-talla-de-pulsera\/\">Las instrucciones sobre c\u00f3mo determinar correctamente el tama\u00f1o se pueden encontrar aqu\u00ed.<\/a><\/p>","protected":false},"featured_media":104948,"comment_status":"open","ping_status":"closed","template":"","meta":{"_acf_changed":false,"_themeisle_gutenberg_block_has_review":false},"product_brand":[],"product_cat":[1687,1064,554,1068,553],"product_tag":[],"class_list":{"0":"post-75044","1":"product","2":"type-product","3":"status-publish","4":"has-post-thumbnail","6":"product_cat-elastic-bracelets","7":"product_cat-mens-jewellery","8":"product_cat-natural-gemstone-bracelets","9":"product_cat-natural-gemstone-bracelets-for-men","10":"product_cat-womens-jewellery","12":"first","13":"instock","14":"taxable","15":"shipping-taxable","16":"purchasable","17":"product-type-variable","18":"has-default-attributes"},"acf":[],"_links":{"self":[{"href":"https:\/\/trimakasi.eu\/es\/wp-json\/wp\/v2\/product\/75044","targetHints":{"allow":["GET"]}}],"collection":[{"href":"https:\/\/trimakasi.eu\/es\/wp-json\/wp\/v2\/product"}],"about":[{"href":"https:\/\/trimakasi.eu\/es\/wp-json\/wp\/v2\/types\/product"}],"replies":[{"embeddable":true,"href":"https:\/\/trimakasi.eu\/es\/wp-json\/wp\/v2\/comments?post=75044"}],"wp:featuredmedia":[{"embeddable":true,"href":"https:\/\/trimakasi.eu\/es\/wp-json\/wp\/v2\/media\/104948"}],"wp:attachment":[{"href":"https:\/\/trimakasi.eu\/es\/wp-json\/wp\/v2\/media?parent=75044"}],"wp:term":[{"taxonomy":"product_brand","embeddable":true,"href":"https:\/\/trimakasi.eu\/es\/wp-json\/wp\/v2\/product_brand?post=75044"},{"taxonomy":"product_cat","embeddable":true,"href":"https:\/\/trimakasi.eu\/es\/wp-json\/wp\/v2\/product_cat?post=75044"},{"taxonomy":"product_tag","embeddable":true,"href":"https:\/\/trimakasi.eu\/es\/wp-json\/wp\/v2\/product_tag?post=75044"}],"curies":[{"name":"wp","href":"https:\/\/api.w.org\/{rel}","templated":true}]}}