{"id":75021,"date":"2019-11-05T18:05:39","date_gmt":"2019-11-05T17:05:39","guid":{"rendered":"https:\/\/trimakasi.eu\/?post_type=product&#038;p=75021"},"modified":"2025-07-27T13:27:59","modified_gmt":"2025-07-27T11:27:59","slug":"pulsera-de-fuego-primal","status":"publish","type":"product","link":"https:\/\/trimakasi.eu\/es\/product\/primal-fire-bracelet\/","title":{"rendered":"Pulsera Primal Fire"},"content":{"rendered":"<h3>Fuego Primigenio<\/h3>\n<div>El elemento fuego estimula el apetito de las personas por la vida y es una fuente de energ\u00eda para la fantas\u00eda y los sue\u00f1os. El elemento fuego quema los malos h\u00e1bitos y deja espacio para los positivos.<\/div>\n<h3 class=\"product-title entry-title\"><a href=\"https:\/\/trimakasi.eu\/es\/product\/agata-botswana-mate\/\">\u00c1gata de botswana<\/a><\/h3>\n<p>El \u00e1gata de Botswana se valora hoy por su capacidad para ayudarnos a realizar cambios fundamentales en nuestras vidas y ver soluciones en lugar de encontrar problemas. Las \u00e1gatas generalmente promueven la estabilidad interna, la calma y la madurez.<\/p>\n<h3><a href=\"https:\/\/trimakasi.eu\/es\/product\/black-matte-agate\/\">Onix negro mate<\/a><\/h3>\n<p>Onyx generalmente promueve la estabilidad interior, la calma y la madurez mental. Sus agradables vibraciones tienen propiedades protectoras y promueven la confianza en uno mismo y tambi\u00e9n dan una sensaci\u00f3n de seguridad.<\/p>\n<h3><a href=\"https:\/\/trimakasi.eu\/es\/product\/piedra-de-lava\/\">Piedra de lava<\/a><\/h3>\n<p>La lava proviene directamente del n\u00facleo de la tierra, y su significado espiritual se trata de conectarse a tierra y conectarse con la naturaleza.<\/p>\n<p id=\"tw-target-text\" class=\"tw-data-text tw-text-large tw-ta\" dir=\"ltr\" data-placeholder=\"P\u0159eklad\"><strong><span lang=\"en\" tabindex=\"0\">Elemento primigenio <\/span><\/strong><\/p>\n<p class=\"tw-data-text tw-text-large tw-ta\" dir=\"ltr\" data-placeholder=\"P\u0159eklad\"><span lang=\"en\" tabindex=\"0\">Esta edici\u00f3n de pulseras est\u00e1 inspirada en cuatro elementos b\u00e1sicos que mantienen el equilibrio en nuestro planeta: Fuego, Agua, Tierra y Aire. El uso de la piedra de lava, que se puede encontrar en todas las pulseras de esta edici\u00f3n, simboliza el regreso en el tiempo a la esencia m\u00e1s fuerte, la esencia primordial de cada elemento. La esencia primaria de cada uno de estos elementos se origin\u00f3 durante una de las cuatro etapas evolutivas del planeta Tierra: <\/span><\/p>\n<p class=\"tw-data-text tw-text-large tw-ta\" dir=\"ltr\" data-placeholder=\"P\u0159eklad\"><span lang=\"en\" tabindex=\"0\"><a href=\"https:\/\/trimakasi.eu\/es\/product\/pulsera-de-fuego-primal\/\"><strong>Fuego Primigenio<\/strong>:<\/a> Al principio, la Tierra estaba formada por el caos, un infierno de fuego que cre\u00f3 un n\u00facleo fundido de la Tierra. Esto proporcion\u00f3 gravedad a la Tierra, y gracias a la gravedad fue posible crear y luego mantener la atm\u00f3sfera en la Tierra. El elemento fuego simboliza el caos, la destrucci\u00f3n y nuevos comienzos.<\/span><\/p>\n<p id=\"tw-target-text\" class=\"tw-data-text tw-text-large tw-ta\" dir=\"ltr\" data-placeholder=\"P\u0159eklad\"><span lang=\"en\" tabindex=\"0\"><a href=\"https:\/\/trimakasi.eu\/es\/product\/pulsera-de-agua-primal\/\"><strong>Agua primigenia<\/strong><\/a>: Despu\u00e9s de que la superficie de la Tierra se enfri\u00f3, las primeras nubes y la lluvia se formaron a partir del agua evaporada de los cometas y gradualmente llenaron el Oc\u00e9ano Mundial de agua. El agua ocup\u00f3 casi toda la superficie de la Tierra y domin\u00f3 el planeta. El agua en su profundidad brinda paz y es un s\u00edmbolo de perseverancia, porque el fluir del agua siempre encuentra su camino hacia su destino. <\/span><\/p>\n<p class=\"tw-data-text tw-text-large tw-ta\" dir=\"ltr\" data-placeholder=\"P\u0159eklad\"><span lang=\"en\" tabindex=\"0\"><a href=\"https:\/\/trimakasi.eu\/es\/product\/pulsera-tierra-primal\/\"><strong>Tierra primigenia<\/strong><\/a>: Gracias al agua, la primera semilla de vida pudo germinar en la Tierra y el planeta se volvi\u00f3 vivo y verde. El elemento de la tierra lleva la esencia curativa de la vida que reaviva la energ\u00eda vital del cuerpo humano. <\/span><\/p>\n<p class=\"tw-data-text tw-text-large tw-ta\" dir=\"ltr\" data-placeholder=\"P\u0159eklad\"><span lang=\"en\" tabindex=\"0\"><a href=\"https:\/\/trimakasi.eu\/es\/product\/pulsera-de-aire-primal\/\"><strong>Aire primigenio<\/strong>:<\/a> La fotos\u00edntesis de las primeras plantas y algas ha creado una atm\u00f3sfera: aire respirable como lo conocemos hoy. El elemento aire simboliza el movimiento y el cambio, y su energ\u00eda tiene un efecto beneficioso en la mente humana.<\/span><\/p>\n<p>Signo del zodiaco: <strong>Adecuado para todos los signos del zod\u00edaco.<\/strong><\/p>\n<p>Elemento: <strong>Fuego<\/strong><\/p>\n<p>La pulsera armoniza el chakra ra\u00edz, el chakra sacro y el chakra del plexo solar:<\/p>\n<p><a href=\"https:\/\/trimakasi.eu\/wp-content\/uploads\/\u010dakra1.jpg\"><img loading=\"lazy\" decoding=\"async\" class=\"alignnone size-full wp-image-138513\" src=\"https:\/\/trimakasi.eu\/wp-content\/uploads\/\u010dakra1.jpg\" alt=\"Chakra de la ra\u00edz\" width=\"81\" height=\"88\" srcset=\"https:\/\/trimakasi.eu\/wp-content\/uploads\/\u010dakra1.jpg 81w, https:\/\/trimakasi.eu\/wp-content\/uploads\/\u010dakra1-11x12.jpg 11w\" sizes=\"auto, (max-width: 81px) 100vw, 81px\" \/><\/a><a href=\"https:\/\/trimakasi.eu\/wp-content\/uploads\/\u010dakra2.jpg\"><img loading=\"lazy\" decoding=\"async\" class=\"alignnone size-full wp-image-138514\" src=\"https:\/\/trimakasi.eu\/wp-content\/uploads\/\u010dakra2.jpg\" alt=\"Chakra sacro\" width=\"76\" height=\"96\" srcset=\"https:\/\/trimakasi.eu\/wp-content\/uploads\/\u010dakra2.jpg 76w, https:\/\/trimakasi.eu\/wp-content\/uploads\/\u010dakra2-10x12.jpg 10w\" sizes=\"auto, (max-width: 76px) 100vw, 76px\" \/><\/a><a href=\"https:\/\/trimakasi.eu\/wp-content\/uploads\/2020\/07\/\u010dakra3.jpg\"><img loading=\"lazy\" decoding=\"async\" class=\"alignnone size-full wp-image-83567\" src=\"https:\/\/trimakasi.eu\/wp-content\/uploads\/2020\/07\/\u010dakra3.jpg\" alt=\"Chakra del plexo solar\" width=\"77\" height=\"86\" srcset=\"https:\/\/trimakasi.eu\/wp-content\/uploads\/2020\/07\/\u010dakra3.jpg 77w, https:\/\/trimakasi.eu\/wp-content\/uploads\/2020\/07\/\u010dakra3-11x12.jpg 11w\" sizes=\"auto, (max-width: 77px) 100vw, 77px\" \/><\/a><\/p>\n<p><a href=\"https:\/\/trimakasi.eu\/es\/vlog\/\"><u>Visita nuestro video blog para descubrir las conexiones entre piedras preciosas, signos del zod\u00edaco, chakras y mucho m\u00e1s.<\/u><\/a><\/p>","protected":false},"excerpt":{"rendered":"<p>Esta pulsera te conectar\u00e1 con el elemento Fuego, que\u00a0<span lang=\"en\" tabindex=\"0\">estimula tu pasi\u00f3n y te ayuda a encontrar el camino hacia tus metas y logros. El elemento fuego quemar\u00e1 todo lo viejo y te ayudar\u00e1 con nuevos comienzos.<\/span>Obtenga m\u00e1s informaci\u00f3n sobre las propiedades de esta pulsera a continuaci\u00f3n.<\/p>\n<p>Elija una pulsera por el tama\u00f1o y el color de la \u00faltima cuenta.\u00a0<a href=\"https:\/\/trimakasi.eu\/es\/como-elegir-la-talla-de-pulsera\/\">Las instrucciones sobre c\u00f3mo determinar correctamente el tama\u00f1o se pueden encontrar aqu\u00ed.<\/a><\/p>","protected":false},"featured_media":75072,"comment_status":"open","ping_status":"closed","template":"","meta":{"_acf_changed":false,"_themeisle_gutenberg_block_has_review":false},"product_brand":[],"product_cat":[1687,1151,1064,1068,554,553],"product_tag":[],"class_list":{"0":"post-75021","1":"product","2":"type-product","3":"status-publish","4":"has-post-thumbnail","6":"product_cat-elastic-bracelets","7":"product_cat-element-edition-bracelets","8":"product_cat-mens-jewellery","9":"product_cat-natural-gemstone-bracelets-for-men","10":"product_cat-natural-gemstone-bracelets","11":"product_cat-womens-jewellery","13":"first","14":"instock","15":"taxable","16":"shipping-taxable","17":"purchasable","18":"product-type-variable","19":"has-default-attributes"},"acf":[],"_links":{"self":[{"href":"https:\/\/trimakasi.eu\/es\/wp-json\/wp\/v2\/product\/75021","targetHints":{"allow":["GET"]}}],"collection":[{"href":"https:\/\/trimakasi.eu\/es\/wp-json\/wp\/v2\/product"}],"about":[{"href":"https:\/\/trimakasi.eu\/es\/wp-json\/wp\/v2\/types\/product"}],"replies":[{"embeddable":true,"href":"https:\/\/trimakasi.eu\/es\/wp-json\/wp\/v2\/comments?post=75021"}],"wp:featuredmedia":[{"embeddable":true,"href":"https:\/\/trimakasi.eu\/es\/wp-json\/wp\/v2\/media\/75072"}],"wp:attachment":[{"href":"https:\/\/trimakasi.eu\/es\/wp-json\/wp\/v2\/media?parent=75021"}],"wp:term":[{"taxonomy":"product_brand","embeddable":true,"href":"https:\/\/trimakasi.eu\/es\/wp-json\/wp\/v2\/product_brand?post=75021"},{"taxonomy":"product_cat","embeddable":true,"href":"https:\/\/trimakasi.eu\/es\/wp-json\/wp\/v2\/product_cat?post=75021"},{"taxonomy":"product_tag","embeddable":true,"href":"https:\/\/trimakasi.eu\/es\/wp-json\/wp\/v2\/product_tag?post=75021"}],"curies":[{"name":"wp","href":"https:\/\/api.w.org\/{rel}","templated":true}]}}