{"id":74993,"date":"2019-11-05T16:59:17","date_gmt":"2019-11-05T15:59:17","guid":{"rendered":"https:\/\/trimakasi.eu\/?post_type=product&#038;p=74993"},"modified":"2025-05-30T19:24:39","modified_gmt":"2025-05-30T17:24:39","slug":"pulsera-de-aire-primal","status":"publish","type":"product","link":"https:\/\/trimakasi.eu\/es\/product\/primal-air-bracelet\/","title":{"rendered":"Pulsera Primal Air"},"content":{"rendered":"<h3>Aire primigenio<\/h3>\n<p id=\"tw-target-text\" class=\"tw-data-text tw-text-large tw-ta\" dir=\"ltr\" data-placeholder=\"P\u0159eklad\"><span lang=\"en\" tabindex=\"0\">De todos los elementos, el elemento aire est\u00e1 m\u00e1s conectado con la mente humana y estimula su v\u00f3rtice de emociones y pensamientos. El aire \/ viento se caracteriza por su volatilidad y, de manera similar, las personas afectadas por un elemento del aire pueden ser impredecibles.<\/span><\/p>\n<h3 class=\"product-title entry-title\"><a href=\"https:\/\/trimakasi.eu\/es\/product\/trimakasi-bracelet-himalayan-energy-quartz\/\">Cuarzo de energ\u00eda de monta\u00f1a<\/a><\/h3>\n<p>Esta pulsera est\u00e1 hecha de cuarzo de monta\u00f1a. La piedra preciosa \u00fanica que lleva la energ\u00eda pura de las monta\u00f1as.<\/p>\n<h3><a href=\"https:\/\/trimakasi.eu\/es\/product\/pulsera-labradorita-mate\/\">Labradorita<\/a><\/h3>\n<p>Es una piedra de chamanes, druidas, curanderos y todos los que buscan una comprensi\u00f3n m\u00e1s profunda de este mundo y un conocimiento espiritual m\u00e1s profundo. La labradorita enciende el fuego de la imaginaci\u00f3n creativa y calma la mente del miedo y la ansiedad.<\/p>\n<h3><a href=\"https:\/\/trimakasi.eu\/es\/product\/piedra-de-lava\/\">Piedra de lava<\/a><\/h3>\n<p>La lava proviene directamente del n\u00facleo de la tierra, y su significado espiritual se trata de conectarse a tierra y conectarse con la naturaleza.<\/p>\n<p id=\"tw-target-text\" class=\"tw-data-text tw-text-large tw-ta\" dir=\"ltr\" data-placeholder=\"P\u0159eklad\"><strong><span lang=\"en\" tabindex=\"0\">Elemento primigenio <\/span><\/strong><\/p>\n<p class=\"tw-data-text tw-text-large tw-ta\" dir=\"ltr\" data-placeholder=\"P\u0159eklad\"><span lang=\"en\" tabindex=\"0\">Esta edici\u00f3n de pulseras est\u00e1 inspirada en cuatro elementos b\u00e1sicos que mantienen el equilibrio en nuestro planeta: Fuego, Agua, Tierra y Aire. El uso de la piedra de lava, que se puede encontrar en todas las pulseras de esta edici\u00f3n, simboliza el regreso en el tiempo a la esencia m\u00e1s fuerte, la esencia primordial de cada elemento. La esencia primaria de cada uno de estos elementos se origin\u00f3 durante una de las cuatro etapas evolutivas del planeta Tierra: <\/span><\/p>\n<p class=\"tw-data-text tw-text-large tw-ta\" dir=\"ltr\" data-placeholder=\"P\u0159eklad\"><span lang=\"en\" tabindex=\"0\"><a href=\"https:\/\/trimakasi.eu\/es\/product\/pulsera-de-fuego-primal\/\"><strong>Fuego Primigenio<\/strong>:<\/a> Al principio, la Tierra estaba formada por el caos, un infierno de fuego que cre\u00f3 un n\u00facleo fundido de la Tierra. Esto proporcion\u00f3 gravedad a la Tierra, y gracias a la gravedad fue posible crear y luego mantener la atm\u00f3sfera en la Tierra. El elemento fuego simboliza el caos, la destrucci\u00f3n y nuevos comienzos.<\/span><\/p>\n<p id=\"tw-target-text\" class=\"tw-data-text tw-text-large tw-ta\" dir=\"ltr\" data-placeholder=\"P\u0159eklad\"><span lang=\"en\" tabindex=\"0\"><a href=\"https:\/\/trimakasi.eu\/es\/product\/pulsera-de-agua-primal\/\"><strong>Agua primigenia<\/strong><\/a>: Despu\u00e9s de que la superficie de la Tierra se enfri\u00f3, las primeras nubes y la lluvia se formaron a partir del agua evaporada de los cometas y gradualmente llenaron el Oc\u00e9ano Mundial de agua. El agua ocup\u00f3 casi toda la superficie de la Tierra y domin\u00f3 el planeta. El agua en su profundidad brinda paz y es un s\u00edmbolo de perseverancia, porque el fluir del agua siempre encuentra su camino hacia su destino. <\/span><\/p>\n<p class=\"tw-data-text tw-text-large tw-ta\" dir=\"ltr\" data-placeholder=\"P\u0159eklad\"><span lang=\"en\" tabindex=\"0\"><a href=\"https:\/\/trimakasi.eu\/es\/product\/pulsera-tierra-primal\/\"><strong>Tierra primigenia<\/strong><\/a>: Gracias al agua, la primera semilla de vida pudo germinar en la Tierra y el planeta se volvi\u00f3 vivo y verde. El elemento de la tierra lleva la esencia curativa de la vida que reaviva la energ\u00eda vital del cuerpo humano. <\/span><\/p>\n<p class=\"tw-data-text tw-text-large tw-ta\" dir=\"ltr\" data-placeholder=\"P\u0159eklad\"><span lang=\"en\" tabindex=\"0\"><a href=\"https:\/\/trimakasi.eu\/es\/product\/pulsera-de-aire-primal\/\"><strong>Aire primigenio<\/strong>:<\/a> La fotos\u00edntesis de las primeras plantas y algas ha creado una atm\u00f3sfera: aire respirable como lo conocemos hoy. El elemento aire simboliza el movimiento y el cambio, y su energ\u00eda tiene un efecto beneficioso en la mente humana.<\/span><\/p>\n<p>Signo del zodiaco: <strong>Adecuado para todos los signos del zod\u00edaco.<\/strong><\/p>\n<p>Elemento: <strong>Aire<\/strong><\/p>\n<p>La pulsera armoniza el chakra de la ra\u00edz, el chakra del coraz\u00f3n y el chakra de la corona:<\/p>\n<p><a href=\"https:\/\/trimakasi.eu\/wp-content\/uploads\/\u010dakra1.jpg\"><img loading=\"lazy\" decoding=\"async\" class=\"alignnone size-full wp-image-138513\" src=\"https:\/\/trimakasi.eu\/wp-content\/uploads\/\u010dakra1.jpg\" alt=\"Chakra de la ra\u00edz\" width=\"81\" height=\"88\" srcset=\"https:\/\/trimakasi.eu\/wp-content\/uploads\/\u010dakra1.jpg 81w, https:\/\/trimakasi.eu\/wp-content\/uploads\/\u010dakra1-11x12.jpg 11w\" sizes=\"auto, (max-width: 81px) 100vw, 81px\" \/><\/a><a href=\"https:\/\/trimakasi.eu\/wp-content\/uploads\/2020\/07\/\u010dakra4.jpg\"><img loading=\"lazy\" decoding=\"async\" class=\"alignnone size-full wp-image-83566\" src=\"https:\/\/trimakasi.eu\/wp-content\/uploads\/2020\/07\/\u010dakra4.jpg\" alt=\"Chakra del coraz\u00f3n\" width=\"79\" height=\"93\" srcset=\"https:\/\/trimakasi.eu\/wp-content\/uploads\/2020\/07\/\u010dakra4.jpg 79w, https:\/\/trimakasi.eu\/wp-content\/uploads\/2020\/07\/\u010dakra4-10x12.jpg 10w\" sizes=\"auto, (max-width: 79px) 100vw, 79px\" \/><\/a><a href=\"https:\/\/trimakasi.eu\/wp-content\/uploads\/crown-chakra.jpg\"><img loading=\"lazy\" decoding=\"async\" class=\"alignnone size-full wp-image-132743\" src=\"https:\/\/trimakasi.eu\/wp-content\/uploads\/crown-chakra.jpg\" alt=\"\" width=\"92\" height=\"102\" srcset=\"https:\/\/trimakasi.eu\/wp-content\/uploads\/crown-chakra.jpg 92w, https:\/\/trimakasi.eu\/wp-content\/uploads\/crown-chakra-11x12.jpg 11w\" sizes=\"auto, (max-width: 92px) 100vw, 92px\" \/><\/a><\/p>\n<p><a href=\"https:\/\/trimakasi.eu\/es\/vlog\/\"><u>Visita nuestro video blog para descubrir las conexiones entre piedras preciosas, signos del zod\u00edaco, chakras y mucho m\u00e1s.<\/u><\/a><\/p>\n<p>&nbsp;<\/p>","protected":false},"excerpt":{"rendered":"<p>Esta pulsera te conectar\u00e1 con el elemento Aire, que\u00a0<span lang=\"en\" tabindex=\"0\">estimula tu creatividad, habilidad de <\/span><span lang=\"en\" tabindex=\"0\">autoexpresi\u00f3n y que\u00a0<\/span><span lang=\"en\" tabindex=\"0\">abre tu mente a las infinitas posibilidades del universo.\u00a0<\/span>Obtenga m\u00e1s informaci\u00f3n sobre las propiedades de esta pulsera a continuaci\u00f3n.<\/p>\n<p>Elija una pulsera por el tama\u00f1o.\u00a0<a href=\"https:\/\/trimakasi.eu\/es\/como-elegir-la-talla-de-pulsera\/\">Las instrucciones sobre c\u00f3mo determinar correctamente el tama\u00f1o se pueden encontrar aqu\u00ed.<\/a><\/p>","protected":false},"featured_media":75061,"comment_status":"open","ping_status":"closed","template":"","meta":{"_acf_changed":false,"_themeisle_gutenberg_block_has_review":false},"product_brand":[],"product_cat":[1687,1151,1064,554,1068,553],"product_tag":[],"class_list":{"0":"post-74993","1":"product","2":"type-product","3":"status-publish","4":"has-post-thumbnail","6":"product_cat-elastic-bracelets","7":"product_cat-element-edition-bracelets","8":"product_cat-mens-jewellery","9":"product_cat-natural-gemstone-bracelets","10":"product_cat-natural-gemstone-bracelets-for-men","11":"product_cat-womens-jewellery","13":"first","14":"instock","15":"taxable","16":"shipping-taxable","17":"purchasable","18":"product-type-variable","19":"has-default-attributes"},"acf":[],"_links":{"self":[{"href":"https:\/\/trimakasi.eu\/es\/wp-json\/wp\/v2\/product\/74993","targetHints":{"allow":["GET"]}}],"collection":[{"href":"https:\/\/trimakasi.eu\/es\/wp-json\/wp\/v2\/product"}],"about":[{"href":"https:\/\/trimakasi.eu\/es\/wp-json\/wp\/v2\/types\/product"}],"replies":[{"embeddable":true,"href":"https:\/\/trimakasi.eu\/es\/wp-json\/wp\/v2\/comments?post=74993"}],"wp:featuredmedia":[{"embeddable":true,"href":"https:\/\/trimakasi.eu\/es\/wp-json\/wp\/v2\/media\/75061"}],"wp:attachment":[{"href":"https:\/\/trimakasi.eu\/es\/wp-json\/wp\/v2\/media?parent=74993"}],"wp:term":[{"taxonomy":"product_brand","embeddable":true,"href":"https:\/\/trimakasi.eu\/es\/wp-json\/wp\/v2\/product_brand?post=74993"},{"taxonomy":"product_cat","embeddable":true,"href":"https:\/\/trimakasi.eu\/es\/wp-json\/wp\/v2\/product_cat?post=74993"},{"taxonomy":"product_tag","embeddable":true,"href":"https:\/\/trimakasi.eu\/es\/wp-json\/wp\/v2\/product_tag?post=74993"}],"curies":[{"name":"wp","href":"https:\/\/api.w.org\/{rel}","templated":true}]}}