{"id":74601,"date":"2021-10-01T13:44:55","date_gmt":"2021-10-01T11:44:55","guid":{"rendered":"https:\/\/trimakasi.eu\/product\/botswansky-achat-ruzovy-naramek\/"},"modified":"2026-04-01T14:16:56","modified_gmt":"2026-04-01T12:16:56","slug":"agata-rosa-de-botswana","status":"publish","type":"product","link":"https:\/\/trimakasi.eu\/es\/product\/pink-botswana-agate\/","title":{"rendered":"Pulsera de \u00e1gata rosa de botswana"},"content":{"rendered":"<h3>\u00c1gata de Botswana \u2013 propiedades<\/h3>\n<p>La \u00e1gata de Botswana fue creada hace unos 187 millones de a\u00f1os por la actividad volc\u00e1nica de lava rica en silicio. Capas individuales de lava crearon estos patrones \u00fanicos de este mineral, que hoy en d\u00eda puede complacer al ojo humano. Esta piedra preciosa lleva el nombre del \u00fanico lugar en la tierra donde se puede encontrar, un peque\u00f1o pa\u00eds sudafricano, Botswana. Los abor\u00edgenes valoraron esta piedra desde la antig\u00fcedad por su capacidad para retener la energ\u00eda de la luz solar y calmar la mente humana rodeada de oscuridad. Tambi\u00e9n creen hasta hoy que esta piedra puede estimular las energ\u00edas sexuales y la fertilidad.<\/p>\n<p>El \u00e1gata de Botswana se valora hoy por su capacidad para ayudarnos a realizar cambios fundamentales en nuestras vidas y ver soluciones en lugar de encontrar problemas. Las \u00e1gatas generalmente promueven la estabilidad interna, la calma y la madurez. Sus agradables vibraciones tienen propiedades protectoras que promueven la autoconfianza y la sensaci\u00f3n de seguridad.<\/p>\n<p>Elemento:<strong> Fuego, tierra<\/strong><\/p>\n<p>Signo del zodiaco: <strong>Libra, G\u00e9minis<\/strong><\/p>\n<p>Sunstone armoniza el chakra ra\u00edz, el chakra sacro y el chakra del plexo solar<\/p>\n<p><a href=\"https:\/\/trimakasi.eu\/wp-content\/uploads\/\u010dakra1.jpg\"><img loading=\"lazy\" decoding=\"async\" class=\"alignnone size-full wp-image-138513\" src=\"https:\/\/trimakasi.eu\/wp-content\/uploads\/\u010dakra1.jpg\" alt=\"Chakra de la ra\u00edz\" width=\"81\" height=\"88\" srcset=\"https:\/\/trimakasi.eu\/wp-content\/uploads\/\u010dakra1.jpg 81w, https:\/\/trimakasi.eu\/wp-content\/uploads\/\u010dakra1-11x12.jpg 11w\" sizes=\"auto, (max-width: 81px) 100vw, 81px\" \/><\/a><a href=\"https:\/\/trimakasi.eu\/wp-content\/uploads\/\u010dakra2.jpg\"><img loading=\"lazy\" decoding=\"async\" class=\"alignnone size-full wp-image-138514\" src=\"https:\/\/trimakasi.eu\/wp-content\/uploads\/\u010dakra2.jpg\" alt=\"Chakra sacro\" width=\"76\" height=\"96\" srcset=\"https:\/\/trimakasi.eu\/wp-content\/uploads\/\u010dakra2.jpg 76w, https:\/\/trimakasi.eu\/wp-content\/uploads\/\u010dakra2-10x12.jpg 10w\" sizes=\"auto, (max-width: 76px) 100vw, 76px\" \/><\/a><a href=\"https:\/\/trimakasi.eu\/wp-content\/uploads\/2020\/07\/\u010dakra3.jpg\"><img loading=\"lazy\" decoding=\"async\" class=\"alignnone size-full wp-image-83567\" src=\"https:\/\/trimakasi.eu\/wp-content\/uploads\/2020\/07\/\u010dakra3.jpg\" alt=\"Chakra del plexo solar\" width=\"77\" height=\"86\" srcset=\"https:\/\/trimakasi.eu\/wp-content\/uploads\/2020\/07\/\u010dakra3.jpg 77w, https:\/\/trimakasi.eu\/wp-content\/uploads\/2020\/07\/\u010dakra3-11x12.jpg 11w\" sizes=\"auto, (max-width: 77px) 100vw, 77px\" \/><\/a><\/p>\n<p><a href=\"https:\/\/trimakasi.eu\/es\/vlog\/\"><u>Visita nuestro video blog para descubrir las conexiones entre piedras preciosas, signos del zod\u00edaco, chakras y mucho m\u00e1s.<\/u><\/a><\/p>","protected":false},"excerpt":{"rendered":"<p>Esta rara forma de \u00e1gata africana tambi\u00e9n se conoce como la &quot;Piedra del Atardecer&quot;, y es considerada como el &quot;Rey de las \u00e1gatas&quot; por sus patrones de hermosos colores. \u00a1La variaci\u00f3n rosada de esta piedra se valora especialmente entre las mujeres! Obtenga m\u00e1s informaci\u00f3n sobre las propiedades de esta piedra a continuaci\u00f3n.<\/p>\n<p>Elija una pulsera por su tama\u00f1o y por el color de la \u00faltima cuenta.\u00a0<a href=\"https:\/\/trimakasi.eu\/es\/como-elegir-la-talla-de-pulsera\/\">Las instrucciones sobre c\u00f3mo determinar correctamente el tama\u00f1o se pueden encontrar aqu\u00ed.<\/a><\/p>","protected":false},"featured_media":104877,"comment_status":"open","ping_status":"closed","template":"","meta":{"_acf_changed":false,"_themeisle_gutenberg_block_has_review":false},"product_brand":[],"product_cat":[1687,554,553],"product_tag":[],"class_list":{"0":"post-74601","1":"product","2":"type-product","3":"status-publish","4":"has-post-thumbnail","6":"product_cat-elastic-bracelets","7":"product_cat-natural-gemstone-bracelets","8":"product_cat-womens-jewellery","10":"first","11":"outofstock","12":"taxable","13":"shipping-taxable","14":"purchasable","15":"product-type-variable","16":"has-default-attributes"},"acf":[],"_links":{"self":[{"href":"https:\/\/trimakasi.eu\/es\/wp-json\/wp\/v2\/product\/74601","targetHints":{"allow":["GET"]}}],"collection":[{"href":"https:\/\/trimakasi.eu\/es\/wp-json\/wp\/v2\/product"}],"about":[{"href":"https:\/\/trimakasi.eu\/es\/wp-json\/wp\/v2\/types\/product"}],"replies":[{"embeddable":true,"href":"https:\/\/trimakasi.eu\/es\/wp-json\/wp\/v2\/comments?post=74601"}],"wp:featuredmedia":[{"embeddable":true,"href":"https:\/\/trimakasi.eu\/es\/wp-json\/wp\/v2\/media\/104877"}],"wp:attachment":[{"href":"https:\/\/trimakasi.eu\/es\/wp-json\/wp\/v2\/media?parent=74601"}],"wp:term":[{"taxonomy":"product_brand","embeddable":true,"href":"https:\/\/trimakasi.eu\/es\/wp-json\/wp\/v2\/product_brand?post=74601"},{"taxonomy":"product_cat","embeddable":true,"href":"https:\/\/trimakasi.eu\/es\/wp-json\/wp\/v2\/product_cat?post=74601"},{"taxonomy":"product_tag","embeddable":true,"href":"https:\/\/trimakasi.eu\/es\/wp-json\/wp\/v2\/product_tag?post=74601"}],"curies":[{"name":"wp","href":"https:\/\/api.w.org\/{rel}","templated":true}]}}