{"id":74593,"date":"2024-03-23T13:44:46","date_gmt":"2024-03-23T12:44:46","guid":{"rendered":"https:\/\/trimakasi.eu\/product\/cerny-obsidian-naramek\/"},"modified":"2026-02-05T04:21:09","modified_gmt":"2026-02-05T03:21:09","slug":"obsidiana-negra","status":"publish","type":"product","link":"https:\/\/trimakasi.eu\/es\/product\/black-obsidian\/","title":{"rendered":"Pulsera de obsidiana negra"},"content":{"rendered":"<h3>Obsidiana \u2013 propiedades<\/h3>\n<p><span lang=\"en\" tabindex=\"0\">La obsidiana es una forma especial de vidrio natural, que se crea por el r\u00e1pido enfriamiento de la lava caliente en la superficie de la tierra. Ha sido utilizado por la humanidad desde la Edad de Piedra, cuando los cazadores fabricaban las puntas de sus armas con sus afiladas astillas. Esta piedra tambi\u00e9n fue\u00a0<\/span><span lang=\"en\" tabindex=\"0\">valorado entre los antiguos aztecas, quienes lo llamaron \u201cPiedra de Dios\u201d. Su daga sagrada, dise\u00f1ada para su infame ritual de realizar sacrificios humanos a los dioses, estaba hecha de esta piedra.<\/span><\/p>\n<p><span lang=\"en\" tabindex=\"0\">El \u00f3nix negro, la turmalina negra y la obsidiana negra se consideran piedras protectoras tradicionales debido a su color oscuro. Pueden rodearte de una atm\u00f3sfera protectora que absorba toda la negatividad de tu entorno. Sobre todo, ayudan a superar los patrones de pensamiento negativos que surgen de las emociones m\u00e1s debilitantes y t\u00f3xicas: el miedo.<\/span><\/p>\n<p>Elemento: <strong>Fuego<\/strong><\/p>\n<p>Signo del zodiaco:\u00a0<strong>Sagitario, Escorpio<\/strong><\/p>\n<p>La pulsera armoniza el chakra de la ra\u00edz.<\/p>\n<p><a href=\"https:\/\/trimakasi.eu\/wp-content\/uploads\/\u010dakra1.jpg\"><img loading=\"lazy\" decoding=\"async\" class=\"alignnone size-full wp-image-138513\" src=\"https:\/\/trimakasi.eu\/wp-content\/uploads\/\u010dakra1.jpg\" alt=\"Chakra de la ra\u00edz\" width=\"81\" height=\"88\" srcset=\"https:\/\/trimakasi.eu\/wp-content\/uploads\/\u010dakra1.jpg 81w, https:\/\/trimakasi.eu\/wp-content\/uploads\/\u010dakra1-11x12.jpg 11w\" sizes=\"auto, (max-width: 81px) 100vw, 81px\" \/><\/a><\/p>\n<p><a href=\"https:\/\/trimakasi.eu\/es\/vlog\/\"><u>Visita nuestro video blog para descubrir las conexiones entre piedras preciosas, signos del zod\u00edaco, chakras y mucho m\u00e1s.<\/u><\/a><\/p>","protected":false},"excerpt":{"rendered":"<p>Abraza la energ\u00eda protectora de nuestra Pulsera de Obsidiana Negra. Elaborada con aut\u00e9ntica obsidiana negra, esta pulsera sirve como un poderoso escudo contra la negatividad, ayud\u00e1ndote a mantenerte firme y protegido en tus actividades diarias. Conoce m\u00e1s sobre las propiedades de esta piedra a continuaci\u00f3n.<\/p>\n<p>Elija una pulsera por su tama\u00f1o y por el color de la \u00faltima cuenta.\u00a0<a href=\"https:\/\/trimakasi.eu\/es\/como-elegir-la-talla-de-pulsera\/\">Las instrucciones sobre c\u00f3mo determinar correctamente el tama\u00f1o se pueden encontrar aqu\u00ed.<\/a><\/p>","protected":false},"featured_media":105151,"comment_status":"open","ping_status":"closed","template":"","meta":{"_acf_changed":false,"_themeisle_gutenberg_block_has_review":false},"product_brand":[],"product_cat":[1687,1064,554,1068,553],"product_tag":[],"class_list":{"0":"post-74593","1":"product","2":"type-product","3":"status-publish","4":"has-post-thumbnail","6":"product_cat-elastic-bracelets","7":"product_cat-mens-jewellery","8":"product_cat-natural-gemstone-bracelets","9":"product_cat-natural-gemstone-bracelets-for-men","10":"product_cat-womens-jewellery","12":"first","13":"instock","14":"taxable","15":"shipping-taxable","16":"purchasable","17":"product-type-variable","18":"has-default-attributes"},"acf":[],"_links":{"self":[{"href":"https:\/\/trimakasi.eu\/es\/wp-json\/wp\/v2\/product\/74593","targetHints":{"allow":["GET"]}}],"collection":[{"href":"https:\/\/trimakasi.eu\/es\/wp-json\/wp\/v2\/product"}],"about":[{"href":"https:\/\/trimakasi.eu\/es\/wp-json\/wp\/v2\/types\/product"}],"replies":[{"embeddable":true,"href":"https:\/\/trimakasi.eu\/es\/wp-json\/wp\/v2\/comments?post=74593"}],"wp:featuredmedia":[{"embeddable":true,"href":"https:\/\/trimakasi.eu\/es\/wp-json\/wp\/v2\/media\/105151"}],"wp:attachment":[{"href":"https:\/\/trimakasi.eu\/es\/wp-json\/wp\/v2\/media?parent=74593"}],"wp:term":[{"taxonomy":"product_brand","embeddable":true,"href":"https:\/\/trimakasi.eu\/es\/wp-json\/wp\/v2\/product_brand?post=74593"},{"taxonomy":"product_cat","embeddable":true,"href":"https:\/\/trimakasi.eu\/es\/wp-json\/wp\/v2\/product_cat?post=74593"},{"taxonomy":"product_tag","embeddable":true,"href":"https:\/\/trimakasi.eu\/es\/wp-json\/wp\/v2\/product_tag?post=74593"}],"curies":[{"name":"wp","href":"https:\/\/api.w.org\/{rel}","templated":true}]}}