{"id":74584,"date":"2019-05-23T13:44:36","date_gmt":"2019-05-23T11:44:36","guid":{"rendered":"https:\/\/trimakasi.eu\/product\/lavovy-kamen-naramek\/"},"modified":"2025-08-05T20:45:58","modified_gmt":"2025-08-05T18:45:58","slug":"piedra-de-lava","status":"publish","type":"product","link":"https:\/\/trimakasi.eu\/es\/product\/lava-stone\/","title":{"rendered":"Pulsera de piedra de lava"},"content":{"rendered":"<h3>Piedra de lava \u2013 propiedades<\/h3>\n<p>Gracias a la estructura porosa natural de estas piedras, a veces llamadas vulkanita, nunca encontrar\u00e1s dos cuentas id\u00e9nticas. La lava proviene directamente del n\u00facleo de la tierra, y su significado espiritual se trata de conectarse a tierra y conectarse con la naturaleza. Los nativos americanos usaron un trozo de piedra de lava en las batallas porque cre\u00edan que su poder les brindar\u00eda coraje y fuerza.<\/p>\n<p>La piedra de lava tambi\u00e9n recibe el sobrenombre de \u201cLa piedra del renacimiento\u201d porque tiene la capacidad de ayudar a quienes la usan a deshacerse de emociones innecesarias y malsanas. La piedra de lava nos mantiene estables mentalmente y nos ayuda a bajar la ira. El efecto de puesta a tierra de piedra de lava tambi\u00e9n se utiliza, por ejemplo, para masajes.<\/p>\n<p>Elemento:<strong> Fuego, tierra<\/strong><\/p>\n<p>Signo del zodiaco:<strong> Beneficioso para todos los signos del zod\u00edaco.<\/strong><\/p>\n<p>La piedra de lava armoniza el chakra de la ra\u00edz:<\/p>\n<p><a href=\"https:\/\/trimakasi.eu\/wp-content\/uploads\/\u010dakra1.jpg\"><img loading=\"lazy\" decoding=\"async\" class=\"alignnone size-full wp-image-138513\" src=\"https:\/\/trimakasi.eu\/wp-content\/uploads\/\u010dakra1.jpg\" alt=\"Chakra de la ra\u00edz\" width=\"81\" height=\"88\" srcset=\"https:\/\/trimakasi.eu\/wp-content\/uploads\/\u010dakra1.jpg 81w, https:\/\/trimakasi.eu\/wp-content\/uploads\/\u010dakra1-11x12.jpg 11w\" sizes=\"auto, (max-width: 81px) 100vw, 81px\" \/><\/a><\/p>\n<p><a href=\"https:\/\/trimakasi.eu\/es\/vlog\/\"><u>Visita nuestro video blog para descubrir las conexiones entre piedras preciosas, signos del zod\u00edaco, chakras y mucho m\u00e1s.<\/u><\/a><\/p>\n<p>&nbsp;<\/p>","protected":false},"excerpt":{"rendered":"<p>Eleva tu estilo diario con este impresionante brazalete de piedra volc\u00e1nica. Extra\u00eddo de roca volc\u00e1nica, cada cuenta simboliza arraigo y renovaci\u00f3n, record\u00e1ndote mantenerte firme mientras abrazas nuevos comienzos. Descubre m\u00e1s sobre sus propiedades \u00fanicas a continuaci\u00f3n.<\/p>\n<p>Elija una pulsera por su tama\u00f1o y por el color de la \u00faltima cuenta.\u00a0<a href=\"https:\/\/trimakasi.eu\/es\/como-elegir-la-talla-de-pulsera\/\">Las instrucciones sobre c\u00f3mo determinar correctamente el tama\u00f1o se pueden encontrar aqu\u00ed.<\/a><\/p>","protected":false},"featured_media":74833,"comment_status":"open","ping_status":"closed","template":"","meta":{"_acf_changed":false,"_themeisle_gutenberg_block_has_review":false},"product_brand":[],"product_cat":[1687,1064,554,1068,553],"product_tag":[],"class_list":{"0":"post-74584","1":"product","2":"type-product","3":"status-publish","4":"has-post-thumbnail","6":"product_cat-elastic-bracelets","7":"product_cat-mens-jewellery","8":"product_cat-natural-gemstone-bracelets","9":"product_cat-natural-gemstone-bracelets-for-men","10":"product_cat-womens-jewellery","12":"first","13":"instock","14":"taxable","15":"shipping-taxable","16":"purchasable","17":"product-type-variable","18":"has-default-attributes"},"acf":[],"_links":{"self":[{"href":"https:\/\/trimakasi.eu\/es\/wp-json\/wp\/v2\/product\/74584","targetHints":{"allow":["GET"]}}],"collection":[{"href":"https:\/\/trimakasi.eu\/es\/wp-json\/wp\/v2\/product"}],"about":[{"href":"https:\/\/trimakasi.eu\/es\/wp-json\/wp\/v2\/types\/product"}],"replies":[{"embeddable":true,"href":"https:\/\/trimakasi.eu\/es\/wp-json\/wp\/v2\/comments?post=74584"}],"wp:featuredmedia":[{"embeddable":true,"href":"https:\/\/trimakasi.eu\/es\/wp-json\/wp\/v2\/media\/74833"}],"wp:attachment":[{"href":"https:\/\/trimakasi.eu\/es\/wp-json\/wp\/v2\/media?parent=74584"}],"wp:term":[{"taxonomy":"product_brand","embeddable":true,"href":"https:\/\/trimakasi.eu\/es\/wp-json\/wp\/v2\/product_brand?post=74584"},{"taxonomy":"product_cat","embeddable":true,"href":"https:\/\/trimakasi.eu\/es\/wp-json\/wp\/v2\/product_cat?post=74584"},{"taxonomy":"product_tag","embeddable":true,"href":"https:\/\/trimakasi.eu\/es\/wp-json\/wp\/v2\/product_tag?post=74584"}],"curies":[{"name":"wp","href":"https:\/\/api.w.org\/{rel}","templated":true}]}}