{"id":74575,"date":"2019-05-23T13:44:26","date_gmt":"2019-05-23T11:44:26","guid":{"rendered":"https:\/\/trimakasi.eu\/product\/howlit-naramek\/"},"modified":"2024-04-04T23:18:33","modified_gmt":"2024-04-04T21:18:33","slug":"howlita","status":"publish","type":"product","link":"https:\/\/trimakasi.eu\/es\/product\/howlite\/","title":{"rendered":"Pulsera Howlita"},"content":{"rendered":"<h3>Howlita \u2013 propiedades<\/h3>\n<p>Esta piedra blanca aporta profunda paz, relajaci\u00f3n, armon\u00eda y calma las emociones y nos hace m\u00e1s resistentes al estr\u00e9s. Howlita tambi\u00e9n se conoce como L\u00e1pis Howlit, White Turquoise y Kaolinite. Al calmar las emociones, esta piedra puede ralentizar la mente hiperactiva y puede ayudar a lograr un sue\u00f1o profundo y tranquilo. Al calmar nuestro subconsciente, tambi\u00e9n puede ayudar a liberar las emociones estancadas, as\u00ed como a eliminar el dolor, el estr\u00e9s o la ira.<\/p>\n<p>Elemento: <strong>Aire<\/strong><\/p>\n<p id=\"tw-target-text\" class=\"tw-data-text tw-ta tw-text-small\" dir=\"ltr\" data-placeholder=\"P\u0159eklad\"><span lang=\"en\" tabindex=\"0\">Signo del zodiaco: <strong>Sagitario, Leo, Virgo<\/strong><\/span><\/p>\n<p>Esta pulsera armoniza el chakra del hogar:<\/p>\n<p><a href=\"https:\/\/trimakasi.eu\/wp-content\/uploads\/2020\/07\/\u010dakra4.jpg\"><img loading=\"lazy\" decoding=\"async\" class=\"alignnone size-full wp-image-83566\" src=\"https:\/\/trimakasi.eu\/wp-content\/uploads\/2020\/07\/\u010dakra4.jpg\" alt=\"Chakra del coraz\u00f3n\" width=\"79\" height=\"93\" srcset=\"https:\/\/trimakasi.eu\/wp-content\/uploads\/2020\/07\/\u010dakra4.jpg 79w, https:\/\/trimakasi.eu\/wp-content\/uploads\/2020\/07\/\u010dakra4-10x12.jpg 10w\" sizes=\"auto, (max-width: 79px) 100vw, 79px\" \/><\/a><\/p>\n<p><a href=\"https:\/\/trimakasi.eu\/es\/vlog\/\"><u>Visita nuestro video blog para descubrir las conexiones entre piedras preciosas, signos del zod\u00edaco, chakras y mucho m\u00e1s.<\/u><\/a><\/p>","protected":false},"excerpt":{"rendered":"<p id=\"tw-target-text\" class=\"tw-data-text tw-ta tw-text-small\" dir=\"ltr\" data-placeholder=\"P\u0159eklad\"><span lang=\"en\" tabindex=\"0\">Este elegante brazalete est\u00e1 hecho de howlita, un mineral que parece un lujoso m\u00e1rmol.\u00a0<\/span>Obtenga m\u00e1s informaci\u00f3n sobre las propiedades de esta piedra a continuaci\u00f3n.<\/p>\n<p>Elija una pulsera por su tama\u00f1o y por el color de la \u00faltima cuenta.\u00a0<a href=\"https:\/\/trimakasi.eu\/es\/como-elegir-la-talla-de-pulsera\/\">Las instrucciones sobre c\u00f3mo determinar correctamente el tama\u00f1o se pueden encontrar aqu\u00ed.<\/a><\/p>","protected":false},"featured_media":104813,"comment_status":"open","ping_status":"closed","template":"","meta":{"_acf_changed":false,"_themeisle_gutenberg_block_has_review":false},"product_brand":[],"product_cat":[1687,1064,1068,554,553],"product_tag":[],"class_list":{"0":"post-74575","1":"product","2":"type-product","3":"status-publish","4":"has-post-thumbnail","6":"product_cat-elastic-bracelets","7":"product_cat-mens-jewellery","8":"product_cat-natural-gemstone-bracelets-for-men","9":"product_cat-natural-gemstone-bracelets","10":"product_cat-womens-jewellery","12":"first","13":"outofstock","14":"taxable","15":"shipping-taxable","16":"purchasable","17":"product-type-variable","18":"has-default-attributes"},"acf":[],"_links":{"self":[{"href":"https:\/\/trimakasi.eu\/es\/wp-json\/wp\/v2\/product\/74575","targetHints":{"allow":["GET"]}}],"collection":[{"href":"https:\/\/trimakasi.eu\/es\/wp-json\/wp\/v2\/product"}],"about":[{"href":"https:\/\/trimakasi.eu\/es\/wp-json\/wp\/v2\/types\/product"}],"replies":[{"embeddable":true,"href":"https:\/\/trimakasi.eu\/es\/wp-json\/wp\/v2\/comments?post=74575"}],"wp:featuredmedia":[{"embeddable":true,"href":"https:\/\/trimakasi.eu\/es\/wp-json\/wp\/v2\/media\/104813"}],"wp:attachment":[{"href":"https:\/\/trimakasi.eu\/es\/wp-json\/wp\/v2\/media?parent=74575"}],"wp:term":[{"taxonomy":"product_brand","embeddable":true,"href":"https:\/\/trimakasi.eu\/es\/wp-json\/wp\/v2\/product_brand?post=74575"},{"taxonomy":"product_cat","embeddable":true,"href":"https:\/\/trimakasi.eu\/es\/wp-json\/wp\/v2\/product_cat?post=74575"},{"taxonomy":"product_tag","embeddable":true,"href":"https:\/\/trimakasi.eu\/es\/wp-json\/wp\/v2\/product_tag?post=74575"}],"curies":[{"name":"wp","href":"https:\/\/api.w.org\/{rel}","templated":true}]}}