{"id":74305,"date":"2019-05-23T13:38:41","date_gmt":"2019-05-23T11:38:41","guid":{"rendered":"https:\/\/trimakasi.eu\/product\/zeleny-jadeit-naramek\/"},"modified":"2025-07-28T14:41:24","modified_gmt":"2025-07-28T12:41:24","slug":"jade-verde","status":"publish","type":"product","link":"https:\/\/trimakasi.eu\/es\/product\/green-jade\/","title":{"rendered":"Pulsera de jade verde"},"content":{"rendered":"<h3>Jade verde \u2013 propiedades<\/h3>\n<p>El jade verde es una piedra limpiadora muy fuerte que disipa los pensamientos negativos y la irritabilidad. Usar jade como talism\u00e1n deber\u00eda proteger contra el fracaso y la desgracia. El jade verde deber\u00eda proteger universalmente contra las enfermedades al mejorar las fuerzas vitales del cuerpo humano. Debido a sus efectos rejuvenecedores, se le conoce como &quot;La piedra de la eterna juventud&quot;. En Asia,<\/p>\n<p id=\"tw-target-text\" class=\"tw-data-text tw-ta tw-text-small\" dir=\"ltr\" data-placeholder=\"Translation\"><span lang=\"en\" tabindex=\"0\">En Asia, el jade siempre fue adorado como una piedra noble porque los chinos cre\u00edan que el jade era una cura para todas las enfermedades y, por lo tanto, esta piedra era la piedra angular de la medicina china. El jade tambi\u00e9n fue tallado en varios amuletos y esculturas, siendo las m\u00e1s famosas las esculturas de dragones que decoraban el palacio del emperador chino.<\/span><\/p>\n<p>Elemento: <strong>tierra<\/strong><\/p>\n<p>Signos del zodiaco: <strong>Virgo, Aries, Tauro y Libra<\/strong><\/p>\n<p>La pulsera armoniza el chakra del coraz\u00f3n:<\/p>\n<p><img loading=\"lazy\" decoding=\"async\" class=\"alignnone wp-image-72746\" src=\"https:\/\/trimakasi.cz\/wp-content\/uploads\/2018\/07\/\u010dakra4.jpg\" alt=\"Srde\u010dn\u00ed \u010dakra\" width=\"74\" height=\"87\" \/><u><\/u><\/p>\n<p><a href=\"https:\/\/trimakasi.eu\/es\/vlog\/\"><u>Visita nuestro video blog para descubrir las conexiones entre piedras preciosas, signos del zod\u00edaco, chakras y mucho m\u00e1s.<\/u><\/a><\/p>","protected":false},"excerpt":{"rendered":"<p>El jade verde se considera tradicionalmente como una de las piedras curativas m\u00e1s nobles y en Asia se lo conoce con el seud\u00f3nimo: &quot;La piedra de la eterna juventud&quot;. Nuestro jade verde tiene una superficie mate exclusiva. Obtenga m\u00e1s informaci\u00f3n sobre las propiedades de esta piedra a continuaci\u00f3n.<\/p>\n<p>Elija una pulsera por su tama\u00f1o y por el color de la \u00faltima cuenta.\u00a0<a href=\"https:\/\/trimakasi.eu\/es\/como-elegir-la-talla-de-pulsera\/\">Las instrucciones sobre c\u00f3mo determinar correctamente el tama\u00f1o se pueden encontrar aqu\u00ed.<\/a><\/p>","protected":false},"featured_media":105008,"comment_status":"open","ping_status":"closed","template":"","meta":{"_acf_changed":false,"_themeisle_gutenberg_block_has_review":false},"product_brand":[],"product_cat":[1687,1064,554,1068,553],"product_tag":[],"class_list":{"0":"post-74305","1":"product","2":"type-product","3":"status-publish","4":"has-post-thumbnail","6":"product_cat-elastic-bracelets","7":"product_cat-mens-jewellery","8":"product_cat-natural-gemstone-bracelets","9":"product_cat-natural-gemstone-bracelets-for-men","10":"product_cat-womens-jewellery","12":"first","13":"instock","14":"taxable","15":"shipping-taxable","16":"purchasable","17":"product-type-variable","18":"has-default-attributes"},"acf":[],"_links":{"self":[{"href":"https:\/\/trimakasi.eu\/es\/wp-json\/wp\/v2\/product\/74305","targetHints":{"allow":["GET"]}}],"collection":[{"href":"https:\/\/trimakasi.eu\/es\/wp-json\/wp\/v2\/product"}],"about":[{"href":"https:\/\/trimakasi.eu\/es\/wp-json\/wp\/v2\/types\/product"}],"replies":[{"embeddable":true,"href":"https:\/\/trimakasi.eu\/es\/wp-json\/wp\/v2\/comments?post=74305"}],"wp:featuredmedia":[{"embeddable":true,"href":"https:\/\/trimakasi.eu\/es\/wp-json\/wp\/v2\/media\/105008"}],"wp:attachment":[{"href":"https:\/\/trimakasi.eu\/es\/wp-json\/wp\/v2\/media?parent=74305"}],"wp:term":[{"taxonomy":"product_brand","embeddable":true,"href":"https:\/\/trimakasi.eu\/es\/wp-json\/wp\/v2\/product_brand?post=74305"},{"taxonomy":"product_cat","embeddable":true,"href":"https:\/\/trimakasi.eu\/es\/wp-json\/wp\/v2\/product_cat?post=74305"},{"taxonomy":"product_tag","embeddable":true,"href":"https:\/\/trimakasi.eu\/es\/wp-json\/wp\/v2\/product_tag?post=74305"}],"curies":[{"name":"wp","href":"https:\/\/api.w.org\/{rel}","templated":true}]}}