{"id":74243,"date":"2021-05-23T13:37:10","date_gmt":"2021-05-23T11:37:10","guid":{"rendered":"https:\/\/trimakasi.eu\/product\/seraphinit-naramek\/"},"modified":"2025-08-23T22:01:25","modified_gmt":"2025-08-23T20:01:25","slug":"pulsera-serafinita","status":"publish","type":"product","link":"https:\/\/trimakasi.eu\/es\/product\/seraphinite-bracelet\/","title":{"rendered":"Pulsera serafinita"},"content":{"rendered":"<h3>Serafinita \u2013 propiedades<\/h3>\n<p>La serafinita es una piedra preciosa rara recientemente descubierta de la Nueva Era, que se extrae en el lago Baikal en la Siberia rusa. Su mineral misterioso de color verde que se entrelaza con agujas blancas que reflejan la luz. Aporta armon\u00eda, iluminaci\u00f3n y energ\u00eda alegre a la vida humana. La serafinita mejora las relaciones sociales y ayuda a resolver disputas al encontrar un compromiso constructivo.<\/p>\n<p>El nombre Serafinita proviene de la palabra Seraf\u00edn, que denota el orden m\u00e1s alto de \u00e1ngeles, los seres m\u00e1s cercanos a Dios y los guardianes del trono divino. Esta piedra armoniza el chakra del coraz\u00f3n y adem\u00e1s crea una fuerte conexi\u00f3n con el chakra de la corona \/ poder divino superior.<\/p>\n<div>Elemento:<strong> Aire<\/strong><\/div>\n<div><\/div>\n<div>Signo del zodiaco: <strong>Adecuado para todos los signos<\/strong><\/div>\n<div><\/div>\n<div>La pulsera armoniza el Chakra del Coraz\u00f3n y el Chakra de la Corona:<\/div>\n<div><a href=\"https:\/\/trimakasi.eu\/wp-content\/uploads\/2020\/07\/\u010dakra4.jpg\"><img loading=\"lazy\" decoding=\"async\" class=\"alignnone size-full wp-image-83566\" src=\"https:\/\/trimakasi.eu\/wp-content\/uploads\/2020\/07\/\u010dakra4.jpg\" alt=\"Chakra del coraz\u00f3n\" width=\"79\" height=\"93\" srcset=\"https:\/\/trimakasi.eu\/wp-content\/uploads\/2020\/07\/\u010dakra4.jpg 79w, https:\/\/trimakasi.eu\/wp-content\/uploads\/2020\/07\/\u010dakra4-10x12.jpg 10w\" sizes=\"auto, (max-width: 79px) 100vw, 79px\" \/><\/a><a href=\"https:\/\/trimakasi.eu\/wp-content\/uploads\/crown-chakra.jpg\"><img loading=\"lazy\" decoding=\"async\" class=\"alignnone size-full wp-image-132743\" src=\"https:\/\/trimakasi.eu\/wp-content\/uploads\/crown-chakra.jpg\" alt=\"\" width=\"92\" height=\"102\" srcset=\"https:\/\/trimakasi.eu\/wp-content\/uploads\/crown-chakra.jpg 92w, https:\/\/trimakasi.eu\/wp-content\/uploads\/crown-chakra-11x12.jpg 11w\" sizes=\"auto, (max-width: 92px) 100vw, 92px\" \/><\/a><\/div>\n<div><a href=\"https:\/\/trimakasi.eu\/es\/vlog\/\"><u>Visita nuestro video blog para descubrir las conexiones entre piedras preciosas, signos del zod\u00edaco, chakras y mucho m\u00e1s.<\/u><\/a><\/div>","protected":false},"excerpt":{"rendered":"<p>La preciosa serafinita se extrae en un solo lugar del planeta, en Siberia, y su precio aumenta constantemente debido a la cantidad limitada de este mineral en el mercado y a su gran demanda. Ad\u00e9ntrate en un mundo de tranquilidad con nuestra pulsera Serafinita, una joya que nutre tu bienestar espiritual. Conoce m\u00e1s sobre las propiedades de esta piedra a continuaci\u00f3n.<\/p>\n<p>Elija una pulsera por su tama\u00f1o y por el color de la \u00faltima cuenta.\u00a0<a href=\"https:\/\/trimakasi.eu\/es\/como-elegir-la-talla-de-pulsera\/\"><u>Las instrucciones sobre c\u00f3mo determinar correctamente el tama\u00f1o se pueden encontrar aqu\u00ed.<\/u><\/a><\/p>","protected":false},"featured_media":124228,"comment_status":"open","ping_status":"closed","template":"","meta":{"_acf_changed":false,"_themeisle_gutenberg_block_has_review":false},"product_brand":[],"product_cat":[1687,1064,1068,554,1316,553],"product_tag":[],"class_list":{"0":"post-74243","1":"product","2":"type-product","3":"status-publish","4":"has-post-thumbnail","6":"product_cat-elastic-bracelets","7":"product_cat-mens-jewellery","8":"product_cat-natural-gemstone-bracelets-for-men","9":"product_cat-natural-gemstone-bracelets","10":"product_cat-rare-gemstone-bracelets","11":"product_cat-womens-jewellery","13":"first","14":"instock","15":"taxable","16":"shipping-taxable","17":"purchasable","18":"product-type-variable","19":"has-default-attributes"},"acf":[],"_links":{"self":[{"href":"https:\/\/trimakasi.eu\/es\/wp-json\/wp\/v2\/product\/74243","targetHints":{"allow":["GET"]}}],"collection":[{"href":"https:\/\/trimakasi.eu\/es\/wp-json\/wp\/v2\/product"}],"about":[{"href":"https:\/\/trimakasi.eu\/es\/wp-json\/wp\/v2\/types\/product"}],"replies":[{"embeddable":true,"href":"https:\/\/trimakasi.eu\/es\/wp-json\/wp\/v2\/comments?post=74243"}],"wp:featuredmedia":[{"embeddable":true,"href":"https:\/\/trimakasi.eu\/es\/wp-json\/wp\/v2\/media\/124228"}],"wp:attachment":[{"href":"https:\/\/trimakasi.eu\/es\/wp-json\/wp\/v2\/media?parent=74243"}],"wp:term":[{"taxonomy":"product_brand","embeddable":true,"href":"https:\/\/trimakasi.eu\/es\/wp-json\/wp\/v2\/product_brand?post=74243"},{"taxonomy":"product_cat","embeddable":true,"href":"https:\/\/trimakasi.eu\/es\/wp-json\/wp\/v2\/product_cat?post=74243"},{"taxonomy":"product_tag","embeddable":true,"href":"https:\/\/trimakasi.eu\/es\/wp-json\/wp\/v2\/product_tag?post=74243"}],"curies":[{"name":"wp","href":"https:\/\/api.w.org\/{rel}","templated":true}]}}