{"id":74147,"date":"2019-05-23T13:36:27","date_gmt":"2019-05-23T11:36:27","guid":{"rendered":"https:\/\/trimakasi.eu\/product\/Trimakasi-naramek-tygri-oko\/"},"modified":"2024-08-05T17:36:06","modified_gmt":"2024-08-05T15:36:06","slug":"pulsera-trenzada-ojo-de-tigre","status":"publish","type":"product","link":"https:\/\/trimakasi.eu\/es\/product\/tigers-eye-braided-bracelet\/","title":{"rendered":"Pulsera trenzada ojo de tigre"},"content":{"rendered":"<h3>Pulseras trenzadas Trimakasi<\/h3>\n<p>Pulseras de lujo artesanales que combinan espiritualidad y modernidad. Las pulseras Trimakasi son talismanes de gratitud, equilibrio y esperanza, que te recargar\u00e1n de energ\u00eda positiva incluso durante los d\u00edas m\u00e1s oscuros.<\/p>\n<p>Las pulseras trenzadas Trimakasi est\u00e1n hechas de cord\u00f3n de nylon de la m\u00e1s alta calidad atado con gui\u00f1os especiales. Contienen el poder oculto de la naturaleza en las cuentas hechas de piedras preciosas naturales.<\/p>\n<h3 class=\"LC20lb\">Ojo de tigre<\/h3>\n<p>Este mineral, como talism\u00e1n, acompa\u00f1a a la humanidad desde la antig\u00fcedad. Durante el auge del imperio egipcio, se utiliz\u00f3 a los ojos de las estatuas de los dioses egipcios, por lo que esta piedra se gan\u00f3 el sobrenombre de &quot;el ojo omnisciente y omnisciente&quot;. El ojo de tigre en el antiguo Egipto expresaba divinidad y protecci\u00f3n a trav\u00e9s de la combinaci\u00f3n del poder de la tierra y el sol (Ra, el Dios del Sol, y Geb, el Dios de la tierra y el padre de todos los dioses).<\/p>\n<p>Los soldados romanos usaban un ojo de tigre en las batallas con la creencia de que les dar\u00eda valor. Esto tambi\u00e9n se asocia con el hecho de que esta piedra todav\u00eda se considera una joya masculina que devuelve a los hombres la esencia de los valientes guerreros. Tambi\u00e9n es interesante que esta piedra se valorara m\u00e1s que el oro en el siglo XVI entre las tribus africanas.<\/p>\n<p>La piedra tiene la capacidad de disipar la negatividad y su color dorado atrae prosperidad, riqueza y un estatus social significativo. Representa el sol y la tendencia asociada a &quot;estar en el centro de atenci\u00f3n&quot;. \u00a1Las vibraciones fuertes, de conexi\u00f3n a tierra y positivas de esta piedra son buenas para inducir el estado profundo de meditaci\u00f3n!<\/p>\n<p>Elemento: <strong>Tierra, fuego<\/strong><\/p>\n<p>Signo del zodiaco: <strong>Capricornio, Libra, Virgo, Leo, G\u00e9minis, Aries<\/strong><\/p>\n<p>La pulsera armoniza el chakra del plexo solar y el chakra de la ra\u00edz<\/p>\n<p><img loading=\"lazy\" decoding=\"async\" class=\"alignnone size-full wp-image-72745\" src=\"https:\/\/trimakasi.cz\/wp-content\/uploads\/2018\/07\/%C4%8Dakra3.jpg\" alt=\"\" width=\"77\" height=\"86\" \/><img loading=\"lazy\" decoding=\"async\" class=\"alignnone size-full wp-image-72742\" src=\"https:\/\/trimakasi.cz\/wp-content\/uploads\/2018\/08\/%C4%8Dakra1.jpg\" alt=\"Z\u00e1kladn\u00ed \u010dakra\" width=\"81\" height=\"88\" \/><\/p>\n<p><a href=\"https:\/\/trimakasi.eu\/es\/vlog\/\"><u>Visita nuestro video blog para descubrir las conexiones entre piedras preciosas, signos del zod\u00edaco, chakras y mucho m\u00e1s.<\/u><\/a><\/p>","protected":false},"excerpt":{"rendered":"<p>\u00bfQui\u00e9n no sabr\u00eda qu\u00e9 es el ojo de tigre? \u00bfUna forma natural de cuarzo, que ha fascinado a la gente durante siglos con su color dorado a marr\u00f3n miel y un brillo sedoso? En algunas partes del mundo, se cree tradicionalmente que esta piedra puede protegerse del &quot;mal de ojo&quot;. Obtenga m\u00e1s informaci\u00f3n sobre las propiedades de esta piedra a continuaci\u00f3n.<\/p>\n<p>Pulsera trenzada que se puede ajustar por talla, pero recomendamos elegirla seg\u00fan el tama\u00f1o de la circunferencia de tu mu\u00f1eca.\u00a0<u><a href=\"https:\/\/trimakasi.eu\/es\/como-elegir-la-talla-de-pulsera\/\">Instrucciones sobre c\u00f3mo determinar correctamente t<\/a><\/u><u><\/u><a href=\"https:\/\/trimakasi.eu\/es\/como-elegir-la-talla-de-pulsera\/\"><u>El tama\u00f1o se puede encontrar aqu\u00ed<\/u><\/a><\/p>","protected":false},"featured_media":74190,"comment_status":"open","ping_status":"closed","template":"","meta":{"_acf_changed":false,"_themeisle_gutenberg_block_has_review":false},"product_brand":[],"product_cat":[1688,570,1069,1064,553],"product_tag":[],"class_list":{"0":"post-74147","1":"product","2":"type-product","3":"status-publish","4":"has-post-thumbnail","6":"product_cat-braided-bracelets","7":"product_cat-braided-bracelets-for-women","8":"product_cat-braided-bracelets-for-men","9":"product_cat-mens-jewellery","10":"product_cat-womens-jewellery","12":"first","13":"instock","14":"taxable","15":"shipping-taxable","16":"purchasable","17":"product-type-variable","18":"has-default-attributes"},"acf":[],"_links":{"self":[{"href":"https:\/\/trimakasi.eu\/es\/wp-json\/wp\/v2\/product\/74147","targetHints":{"allow":["GET"]}}],"collection":[{"href":"https:\/\/trimakasi.eu\/es\/wp-json\/wp\/v2\/product"}],"about":[{"href":"https:\/\/trimakasi.eu\/es\/wp-json\/wp\/v2\/types\/product"}],"replies":[{"embeddable":true,"href":"https:\/\/trimakasi.eu\/es\/wp-json\/wp\/v2\/comments?post=74147"}],"wp:featuredmedia":[{"embeddable":true,"href":"https:\/\/trimakasi.eu\/es\/wp-json\/wp\/v2\/media\/74190"}],"wp:attachment":[{"href":"https:\/\/trimakasi.eu\/es\/wp-json\/wp\/v2\/media?parent=74147"}],"wp:term":[{"taxonomy":"product_brand","embeddable":true,"href":"https:\/\/trimakasi.eu\/es\/wp-json\/wp\/v2\/product_brand?post=74147"},{"taxonomy":"product_cat","embeddable":true,"href":"https:\/\/trimakasi.eu\/es\/wp-json\/wp\/v2\/product_cat?post=74147"},{"taxonomy":"product_tag","embeddable":true,"href":"https:\/\/trimakasi.eu\/es\/wp-json\/wp\/v2\/product_tag?post=74147"}],"curies":[{"name":"wp","href":"https:\/\/api.w.org\/{rel}","templated":true}]}}