{"id":73990,"date":"2022-05-23T13:16:36","date_gmt":"2022-05-23T11:16:36","guid":{"rendered":"https:\/\/trimakasi.eu\/product\/modry-apatit-naramek\/"},"modified":"2025-09-09T20:41:36","modified_gmt":"2025-09-09T18:41:36","slug":"apatito-azul","status":"publish","type":"product","link":"https:\/\/trimakasi.eu\/es\/product\/blue-apatite\/","title":{"rendered":"Pulsera apatita azul"},"content":{"rendered":"<h3>Apatita azul \u2013 propiedades<\/h3>\n<p class=\"tw-data-text tw-ta tw-text-small\" dir=\"ltr\" data-placeholder=\"P\u0159eklad\">Apatit es conocido como la &quot;Piedra de la Realizaci\u00f3n&quot;, que puede ayudar a que sus pensamientos se conviertan en realidad al conectar la conciencia y la materia. Esta piedra ayuda a que la energ\u00eda entre en la mente al eliminar la confusi\u00f3n, la apat\u00eda y la negatividad. Por el contrario, estimula el intelecto para expandir conocimientos que ayuden en el crecimiento personal. Esta piedra preciosa tambi\u00e9n puede aclarar la mente y ayudar a revelar la verdad.<\/p>\n<p id=\"tw-target-text\" class=\"tw-data-text tw-ta tw-text-small\" dir=\"ltr\" data-placeholder=\"P\u0159eklad\">La apatita azul es tambi\u00e9n una piedra de motivaci\u00f3n que promueve la independencia y la ambici\u00f3n. Por lo tanto, es especialmente adecuado para representantes de ventas y gerentes.<\/p>\n<p class=\"tw-data-text tw-ta tw-text-small\" dir=\"ltr\" data-placeholder=\"P\u0159eklad\">Es una piedra de la Nueva Era porque fue descubierta y descrita recientemente en el siglo XIX. La popularidad de este mineral ha crecido r\u00e1pidamente en los \u00faltimos a\u00f1os. Despu\u00e9s de observar el color y la estructura de este mineral en detalle, comprender\u00e1 por qu\u00e9.<\/p>\n<p>Elemento: <strong>Agua<\/strong><\/p>\n<p>Signos del zodiaco: <strong>G\u00e9minis, Libra, Acuario, Aries, Leo<\/strong><\/p>\n<p>Esta pulsera armoniza el chakra de la Garganta, el Tercer Ojo y la Corona:<\/p>\n<p><img loading=\"lazy\" decoding=\"async\" class=\"alignnone wp-image-72747\" src=\"https:\/\/trimakasi.cz\/wp-content\/uploads\/2018\/07\/\u010dakra5.jpg\" alt=\"Hrdeln\u00ed \u010dakra\" width=\"68\" height=\"73\" \/><img loading=\"lazy\" decoding=\"async\" class=\"alignnone wp-image-72748\" style=\"color: #333333; font-size: 14.4px;\" src=\"https:\/\/trimakasi.cz\/wp-content\/uploads\/2018\/07\/\u010dakra6.jpg\" alt=\"\" width=\"70\" height=\"67\" \/>\u00a0<img loading=\"lazy\" decoding=\"async\" class=\"alignnone wp-image-74571\" src=\"https:\/\/trimakasi.eu\/wp-content\/uploads\/2019\/05\/akra7.jpg\" alt=\"\" width=\"77\" height=\"85\" srcset=\"https:\/\/trimakasi.eu\/wp-content\/uploads\/2019\/05\/akra7.jpg 92w, https:\/\/trimakasi.eu\/wp-content\/uploads\/2019\/05\/akra7-11x12.jpg 11w\" sizes=\"auto, (max-width: 77px) 100vw, 77px\" \/><\/p>\n<p><a href=\"https:\/\/trimakasi.eu\/es\/vlog\/\"><u>Visita nuestro video blog para descubrir las conexiones entre piedras preciosas, signos del zod\u00edaco, chakras y mucho m\u00e1s.<\/u><\/a><\/p>","protected":false},"excerpt":{"rendered":"<p id=\"tw-target-text\" class=\"tw-data-text tw-ta tw-text-small\" dir=\"ltr\" data-placeholder=\"P\u0159eklad\"><span lang=\"en\" tabindex=\"0\">Azul fresco <\/span><span lang=\"en\" tabindex=\"0\">\u00a0color de esta piedra que se funde suavemente con tonos turquesas, vierte energ\u00eda positiva en la mente y el cuerpo y ayuda a superar los per\u00edodos dif\u00edciles de la vida.\u00a0<\/span>Obtenga m\u00e1s informaci\u00f3n sobre las propiedades de esta piedra a continuaci\u00f3n.<\/p>\n<p>Elija una pulsera por su tama\u00f1o y por el color de la \u00faltima cuenta.\u00a0<a href=\"https:\/\/trimakasi.eu\/es\/como-elegir-la-talla-de-pulsera\/\">Las instrucciones sobre c\u00f3mo determinar correctamente el tama\u00f1o se pueden encontrar aqu\u00ed.<\/a><\/p>","protected":false},"featured_media":105028,"comment_status":"open","ping_status":"closed","template":"","meta":{"_acf_changed":false,"_themeisle_gutenberg_block_has_review":false},"product_brand":[],"product_cat":[1687,1064,1068,554,553],"product_tag":[],"class_list":{"0":"post-73990","1":"product","2":"type-product","3":"status-publish","4":"has-post-thumbnail","6":"product_cat-elastic-bracelets","7":"product_cat-mens-jewellery","8":"product_cat-natural-gemstone-bracelets-for-men","9":"product_cat-natural-gemstone-bracelets","10":"product_cat-womens-jewellery","12":"first","13":"instock","14":"taxable","15":"shipping-taxable","16":"purchasable","17":"product-type-variable","18":"has-default-attributes"},"acf":[],"_links":{"self":[{"href":"https:\/\/trimakasi.eu\/es\/wp-json\/wp\/v2\/product\/73990","targetHints":{"allow":["GET"]}}],"collection":[{"href":"https:\/\/trimakasi.eu\/es\/wp-json\/wp\/v2\/product"}],"about":[{"href":"https:\/\/trimakasi.eu\/es\/wp-json\/wp\/v2\/types\/product"}],"replies":[{"embeddable":true,"href":"https:\/\/trimakasi.eu\/es\/wp-json\/wp\/v2\/comments?post=73990"}],"wp:featuredmedia":[{"embeddable":true,"href":"https:\/\/trimakasi.eu\/es\/wp-json\/wp\/v2\/media\/105028"}],"wp:attachment":[{"href":"https:\/\/trimakasi.eu\/es\/wp-json\/wp\/v2\/media?parent=73990"}],"wp:term":[{"taxonomy":"product_brand","embeddable":true,"href":"https:\/\/trimakasi.eu\/es\/wp-json\/wp\/v2\/product_brand?post=73990"},{"taxonomy":"product_cat","embeddable":true,"href":"https:\/\/trimakasi.eu\/es\/wp-json\/wp\/v2\/product_cat?post=73990"},{"taxonomy":"product_tag","embeddable":true,"href":"https:\/\/trimakasi.eu\/es\/wp-json\/wp\/v2\/product_tag?post=73990"}],"curies":[{"name":"wp","href":"https:\/\/api.w.org\/{rel}","templated":true}]}}