{"id":73975,"date":"2019-05-23T13:16:10","date_gmt":"2019-05-23T11:16:10","guid":{"rendered":"https:\/\/trimakasi.eu\/product\/iolit-naramek\/"},"modified":"2025-07-12T10:22:02","modified_gmt":"2025-07-12T08:22:02","slug":"iolita","status":"publish","type":"product","link":"https:\/\/trimakasi.eu\/es\/product\/iolite\/","title":{"rendered":"Pulsera de iolita"},"content":{"rendered":"<h3>Iolita \u2013 propiedades<\/h3>\n<p>Esta piedra preciosa est\u00e1 asociada con los navegantes vikingos, que seg\u00fan. la leyenda lo usaba como br\u00fajula para orientarse en el mar. Cuando hubo una situaci\u00f3n en la que no se pod\u00eda ver el sol desde detr\u00e1s de una gruesa capa de nubes, los vikingos se perdieron en el mar. Sin la posici\u00f3n del sol, no podr\u00edan determinar su ubicaci\u00f3n y la siguiente direcci\u00f3n del viaje. Pero eso cambi\u00f3 la piedra preciosa de Iolita, un mineral natural que puede responder con mucha fuerza a la luz solar y cambiar de color cuando los rayos del sol impactan en su superficie. As\u00ed que los vikingos tuvieron que levantar el cristal sobre sus cabezas y dar vueltas con \u00e9l en el cielo nublado. En el momento en que se ilumin\u00f3 el cristal, sab\u00edan exactamente d\u00f3nde estaba el sol.<\/p>\n<p>Las leyendas dicen que Leif Eriksson y otros exploradores vikingos se aventuraron lejos de la costa hacia el Oc\u00e9ano Atl\u00e1ntico, solo con su arma secreta: el cristal de iolita. Gracias a esta piedra preciosa, pudieron determinar la ubicaci\u00f3n exacta del sol y as\u00ed llegar con seguridad al continente americano y encontrar el camino de regreso. En el pasado, algunas personas llamaban a iolit &#039;zafiro de agua&#039; porque en cierto \u00e1ngulo puede parecerse a la preciosa piedra preciosa de zafiro.<\/p>\n<p>El tono p\u00farpura oscuro de la iolita resuena directamente con la energ\u00eda del anochecer y es ideal para so\u00f1adores y visionarios. Es la piedra perfecta para l\u00edderes que necesitan estimular su imaginaci\u00f3n. Les ayuda a encontrar el camino correcto en la vida y a promover ideas originales fortaleciendo su intuici\u00f3n. Tambi\u00e9n se utiliza como piedra protectora para que peregrinos y viajeros encuentren el camino de regreso a casa. Tambi\u00e9n es apodada como la piedra del tesoro interior, porque supuestamente es capaz de desbloquear su potencial oculto en los humanos, sobre el cual a\u00fan no tienen ni idea.<\/p>\n<div>Elemento: <strong>Agua<\/strong><\/div>\n<div><\/div>\n<div>Signo del zodiaco: <strong>Piscis, C\u00e1ncer, Escorpio, Libra, Aries<\/strong><\/div>\n<div><\/div>\n<div>La pulsera armoniza el chakra de la garganta y el tercer ojo.<\/div>\n<div><a href=\"https:\/\/trimakasi.eu\/wp-content\/uploads\/\u010dakra5.jpg\"><img loading=\"lazy\" decoding=\"async\" class=\"alignnone size-full wp-image-138515\" src=\"https:\/\/trimakasi.eu\/wp-content\/uploads\/\u010dakra5.jpg\" alt=\"Chakra de la garganta\" width=\"81\" height=\"87\" srcset=\"https:\/\/trimakasi.eu\/wp-content\/uploads\/\u010dakra5.jpg 81w, https:\/\/trimakasi.eu\/wp-content\/uploads\/\u010dakra5-11x12.jpg 11w\" sizes=\"auto, (max-width: 81px) 100vw, 81px\" \/><\/a><a href=\"https:\/\/trimakasi.eu\/wp-content\/uploads\/\u010dakra6.jpg\"><img loading=\"lazy\" decoding=\"async\" class=\"alignnone size-full wp-image-138516\" src=\"https:\/\/trimakasi.eu\/wp-content\/uploads\/\u010dakra6.jpg\" alt=\"Chakra del tercer ojo\" width=\"103\" height=\"98\" srcset=\"https:\/\/trimakasi.eu\/wp-content\/uploads\/\u010dakra6.jpg 103w, https:\/\/trimakasi.eu\/wp-content\/uploads\/\u010dakra6-13x12.jpg 13w\" sizes=\"auto, (max-width: 103px) 100vw, 103px\" \/><\/a><\/div>\n<div><a href=\"https:\/\/trimakasi.eu\/es\/vlog\/\"><u>Visita nuestro video blog para descubrir las conexiones entre piedras preciosas, signos del zod\u00edaco, chakras y mucho m\u00e1s.<\/u><\/a><\/div>","protected":false},"excerpt":{"rendered":"<p>Iolite y su atractivo juego de colores en tonalidades de gris, azul \u00edndigo a violeta te recordar\u00e1n el oscuro cielo invernal. Es una piedra de viajero y, seg\u00fan la leyenda, se la conoce como la &quot;Piedra de los vikingos&quot;. Obtenga m\u00e1s informaci\u00f3n sobre las propiedades de esta piedra a continuaci\u00f3n.<\/p>\n<p>Elija una pulsera por su tama\u00f1o y por el color de la \u00faltima cuenta.\u00a0<a href=\"https:\/\/trimakasi.eu\/es\/como-elegir-la-talla-de-pulsera\/\"><u>Las instrucciones sobre c\u00f3mo determinar correctamente el tama\u00f1o se pueden encontrar aqu\u00ed.<\/u><\/a><\/p>","protected":false},"featured_media":105081,"comment_status":"open","ping_status":"closed","template":"","meta":{"_acf_changed":false,"_themeisle_gutenberg_block_has_review":false},"product_brand":[],"product_cat":[1687,1064,1068,554,1316,553],"product_tag":[],"class_list":{"0":"post-73975","1":"product","2":"type-product","3":"status-publish","4":"has-post-thumbnail","6":"product_cat-elastic-bracelets","7":"product_cat-mens-jewellery","8":"product_cat-natural-gemstone-bracelets-for-men","9":"product_cat-natural-gemstone-bracelets","10":"product_cat-rare-gemstone-bracelets","11":"product_cat-womens-jewellery","13":"first","14":"instock","15":"taxable","16":"shipping-taxable","17":"purchasable","18":"product-type-variable","19":"has-default-attributes"},"acf":[],"_links":{"self":[{"href":"https:\/\/trimakasi.eu\/es\/wp-json\/wp\/v2\/product\/73975","targetHints":{"allow":["GET"]}}],"collection":[{"href":"https:\/\/trimakasi.eu\/es\/wp-json\/wp\/v2\/product"}],"about":[{"href":"https:\/\/trimakasi.eu\/es\/wp-json\/wp\/v2\/types\/product"}],"replies":[{"embeddable":true,"href":"https:\/\/trimakasi.eu\/es\/wp-json\/wp\/v2\/comments?post=73975"}],"wp:featuredmedia":[{"embeddable":true,"href":"https:\/\/trimakasi.eu\/es\/wp-json\/wp\/v2\/media\/105081"}],"wp:attachment":[{"href":"https:\/\/trimakasi.eu\/es\/wp-json\/wp\/v2\/media?parent=73975"}],"wp:term":[{"taxonomy":"product_brand","embeddable":true,"href":"https:\/\/trimakasi.eu\/es\/wp-json\/wp\/v2\/product_brand?post=73975"},{"taxonomy":"product_cat","embeddable":true,"href":"https:\/\/trimakasi.eu\/es\/wp-json\/wp\/v2\/product_cat?post=73975"},{"taxonomy":"product_tag","embeddable":true,"href":"https:\/\/trimakasi.eu\/es\/wp-json\/wp\/v2\/product_tag?post=73975"}],"curies":[{"name":"wp","href":"https:\/\/api.w.org\/{rel}","templated":true}]}}