{"id":73413,"date":"2022-10-23T22:43:27","date_gmt":"2022-10-23T20:43:27","guid":{"rendered":"https:\/\/trimakasi.eu\/product\/import-placeholder-for-73264\/"},"modified":"2026-02-11T14:12:03","modified_gmt":"2026-02-11T13:12:03","slug":"jaspe-dragon-sangre","status":"publish","type":"product","link":"https:\/\/trimakasi.eu\/es\/product\/jasper-dragon-blood\/","title":{"rendered":"Pulsera de jaspe de sangre de drag\u00f3n"},"content":{"rendered":"<h3>Sangre de drag\u00f3n jaspe \u2013 propiedades<\/h3>\n<p>Los dep\u00f3sitos m\u00e1s importantes de esta piedra se encuentran en Australia. Los ind\u00edgenas de este continente cre\u00edan que se trataba de un vestigio fosilizado de antiguos dragones fallecidos, poderosas criaturas de piel verde y sangre rojo oscuro.<\/p>\n<p>&quot;El drag\u00f3n no puede ser domesticado, es una bestia salvaje y desencadenada, un gran aliado y un enemigo peligroso&quot;. Seg\u00fan las leyendas mencionadas, el portador de esta piedra obtendr\u00e1 estas propiedades de drag\u00f3n.<\/p>\n<p>Este mineral tiene una s\u00f3lida reputaci\u00f3n por estimular la fuerza vital f\u00edsica y mental, el coraje y la vitalidad. Tambi\u00e9n puede ayudar a la persona que lo us\u00f3 a lograr sus objetivos y deshacerse de adicciones no rentables.<\/p>\n<p>Al vincular el chakra ra\u00edz y el chakra del coraz\u00f3n, esta piedra estimula el coraje y la lucha por lo correcto. Puede ayudar a manifestar el deseo del coraz\u00f3n en el mundo f\u00edsico.<\/p>\n<p>Signo del zodiaco: <strong>Leo, Aries<\/strong><\/p>\n<p>Elemento: <strong>tierra<\/strong><\/p>\n<p>La pulsera armoniza el chakra de la ra\u00edz y el chakra del coraz\u00f3n.<\/p>\n<p><a href=\"https:\/\/trimakasi.eu\/wp-content\/uploads\/\u010dakra1.jpg\"><img loading=\"lazy\" decoding=\"async\" class=\"alignnone size-full wp-image-138513\" src=\"https:\/\/trimakasi.eu\/wp-content\/uploads\/\u010dakra1.jpg\" alt=\"Chakra de la ra\u00edz\" width=\"81\" height=\"88\" srcset=\"https:\/\/trimakasi.eu\/wp-content\/uploads\/\u010dakra1.jpg 81w, https:\/\/trimakasi.eu\/wp-content\/uploads\/\u010dakra1-11x12.jpg 11w\" sizes=\"auto, (max-width: 81px) 100vw, 81px\" \/><\/a><a href=\"https:\/\/trimakasi.eu\/wp-content\/uploads\/2020\/07\/\u010dakra4.jpg\"><img loading=\"lazy\" decoding=\"async\" class=\"alignnone size-full wp-image-83566\" src=\"https:\/\/trimakasi.eu\/wp-content\/uploads\/2020\/07\/\u010dakra4.jpg\" alt=\"Chakra del coraz\u00f3n\" width=\"79\" height=\"93\" srcset=\"https:\/\/trimakasi.eu\/wp-content\/uploads\/2020\/07\/\u010dakra4.jpg 79w, https:\/\/trimakasi.eu\/wp-content\/uploads\/2020\/07\/\u010dakra4-10x12.jpg 10w\" sizes=\"auto, (max-width: 79px) 100vw, 79px\" \/><\/a><\/p>\n<p><a href=\"https:\/\/trimakasi.eu\/es\/vlog\/\"><u>Visita nuestro video blog para descubrir las conexiones entre piedras preciosas, signos del zod\u00edaco, chakras y mucho m\u00e1s.<\/u><\/a><\/p>","protected":false},"excerpt":{"rendered":"<p>Esta variedad de jaspe, apodada \u201cPiedra del Coraje\u201d, te deleitar\u00e1 con su colorida combinaci\u00f3n de tonos verde bosque con estampados rojo oscuro. Obtenga m\u00e1s informaci\u00f3n sobre las propiedades de esta piedra a continuaci\u00f3n.<\/p>\n<p>Elija una pulsera por su tama\u00f1o y por el color de la \u00faltima cuenta.\u00a0<a href=\"https:\/\/trimakasi.eu\/es\/como-elegir-la-talla-de-pulsera\/\">Las instrucciones sobre c\u00f3mo determinar correctamente el tama\u00f1o se pueden encontrar aqu\u00ed.<\/a><\/p>","protected":false},"featured_media":146798,"comment_status":"open","ping_status":"closed","template":"","meta":{"_acf_changed":false,"_themeisle_gutenberg_block_has_review":false},"product_brand":[],"product_cat":[1687,1064,1068,554,553],"product_tag":[],"class_list":{"0":"post-73413","1":"product","2":"type-product","3":"status-publish","4":"has-post-thumbnail","6":"product_cat-elastic-bracelets","7":"product_cat-mens-jewellery","8":"product_cat-natural-gemstone-bracelets-for-men","9":"product_cat-natural-gemstone-bracelets","10":"product_cat-womens-jewellery","12":"first","13":"instock","14":"taxable","15":"shipping-taxable","16":"purchasable","17":"product-type-variable","18":"has-default-attributes"},"acf":[],"_links":{"self":[{"href":"https:\/\/trimakasi.eu\/es\/wp-json\/wp\/v2\/product\/73413","targetHints":{"allow":["GET"]}}],"collection":[{"href":"https:\/\/trimakasi.eu\/es\/wp-json\/wp\/v2\/product"}],"about":[{"href":"https:\/\/trimakasi.eu\/es\/wp-json\/wp\/v2\/types\/product"}],"replies":[{"embeddable":true,"href":"https:\/\/trimakasi.eu\/es\/wp-json\/wp\/v2\/comments?post=73413"}],"wp:featuredmedia":[{"embeddable":true,"href":"https:\/\/trimakasi.eu\/es\/wp-json\/wp\/v2\/media\/146798"}],"wp:attachment":[{"href":"https:\/\/trimakasi.eu\/es\/wp-json\/wp\/v2\/media?parent=73413"}],"wp:term":[{"taxonomy":"product_brand","embeddable":true,"href":"https:\/\/trimakasi.eu\/es\/wp-json\/wp\/v2\/product_brand?post=73413"},{"taxonomy":"product_cat","embeddable":true,"href":"https:\/\/trimakasi.eu\/es\/wp-json\/wp\/v2\/product_cat?post=73413"},{"taxonomy":"product_tag","embeddable":true,"href":"https:\/\/trimakasi.eu\/es\/wp-json\/wp\/v2\/product_tag?post=73413"}],"curies":[{"name":"wp","href":"https:\/\/api.w.org\/{rel}","templated":true}]}}