{"id":73384,"date":"2024-04-23T22:43:08","date_gmt":"2024-04-23T20:43:08","guid":{"rendered":"https:\/\/trimakasi.eu\/product\/import-placeholder-for-73254\/"},"modified":"2026-01-20T19:05:37","modified_gmt":"2026-01-20T18:05:37","slug":"granate-almandino","status":"publish","type":"product","link":"https:\/\/trimakasi.eu\/es\/product\/almandine-garnet\/","title":{"rendered":"Pulsera de granate almandino"},"content":{"rendered":"<h3>Granate almandino \u2013 propiedades<\/h3>\n<p>El granate como piedra protectora refuerza la vitalidad y los instintos b\u00e1sicos de supervivencia. Supuestamente, tambi\u00e9n ayuda con la fertilidad y la libido. El granate se us\u00f3 en la Edad Media como piedra protectora contra el envenenamiento (se cre\u00eda que es capaz de neutralizar los venenos).<\/p>\n<p>A nivel mental, Almadine elimina la negatividad y alivia los estados de melancol\u00eda y depresi\u00f3n. Tambi\u00e9n nos brinda valor y esperanza en momentos cr\u00edticos. Para proteger y fortalecer el coraje, los cruzados medievales usaron granates en sus expediciones a Tierra Santa, y hoy, con el mismo prop\u00f3sito, los hombres de negocios lo usan durante importantes negociaciones.<\/p>\n<p>Un hecho interesante es que algunas tribus asi\u00e1ticas e indias utilizaron el granate como punta de flecha. Despu\u00e9s de romper la punta en el cuerpo humano, fue m\u00e1s dif\u00edcil quitar los fragmentos de piedra debido a su color rojo oscuro. En el antiguo Egipto, el granate se adoraba en relaci\u00f3n con la diosa de la guerra, la Sekmeth, que generalmente se representaba con una cabeza de le\u00f3n y un hermoso cuerpo femenino.<\/p>\n<p>Como piedra del amor f\u00edsico, ayuda en la relaci\u00f3n a comprender las necesidades y aspiraciones mutuas entre los amantes.<\/p>\n<p>El granate crea una conexi\u00f3n poco com\u00fan entre el chakra de la ra\u00edz y la corona, lo que ayuda a llevar y mantener la energ\u00eda mental en el cuerpo f\u00edsico.<\/p>\n<p>Signo del zodiaco: <strong>Acuario, Capricornio, Escorpio, Leo<\/strong><\/p>\n<p>Elemento:<strong> Fuego, tierra<\/strong><\/p>\n<p>La pulsera armoniza el chakra de la ra\u00edz y el chakra de la corona<\/p>\n<p><img loading=\"lazy\" decoding=\"async\" class=\"alignnone wp-image-72742\" src=\"https:\/\/trimakasi.cz\/wp-content\/uploads\/2018\/08\/\u010dakra1.jpg\" alt=\"Z\u00e1kladn\u00ed \u010dakra\" width=\"71\" height=\"77\" \/><img loading=\"lazy\" decoding=\"async\" class=\"alignnone wp-image-72749\" src=\"https:\/\/trimakasi.cz\/wp-content\/uploads\/2018\/07\/\u010dakra7.jpg\" alt=\"Korunn\u00ed \u010dakra\" width=\"73\" height=\"81\" \/><\/p>\n<p><a href=\"https:\/\/trimakasi.eu\/es\/vlog\/\"><u>Visita nuestro video blog para descubrir las conexiones entre piedras preciosas, signos del zod\u00edaco, chakras y mucho m\u00e1s.<\/u><\/a><\/p>","protected":false},"excerpt":{"rendered":"<p>El granate es conocido como la piedra protectora de la salud, el amor f\u00edsico y la verdad. Piedra preciosa \u00fanica con una rica historia y significado. Obtenga m\u00e1s informaci\u00f3n sobre las propiedades de esta piedra a continuaci\u00f3n.<\/p>\n<p>Elija una pulsera por su tama\u00f1o y por el color de la \u00faltima cuenta.\u00a0<a href=\"https:\/\/trimakasi.eu\/es\/como-elegir-la-talla-de-pulsera\/\">Las instrucciones sobre c\u00f3mo determinar correctamente el tama\u00f1o se pueden encontrar aqu\u00ed.<\/a><\/p>","protected":false},"featured_media":105016,"comment_status":"open","ping_status":"closed","template":"","meta":{"_acf_changed":false,"_themeisle_gutenberg_block_has_review":false},"product_brand":[],"product_cat":[1687,1064,1068,554,553],"product_tag":[],"class_list":{"0":"post-73384","1":"product","2":"type-product","3":"status-publish","4":"has-post-thumbnail","6":"product_cat-elastic-bracelets","7":"product_cat-mens-jewellery","8":"product_cat-natural-gemstone-bracelets-for-men","9":"product_cat-natural-gemstone-bracelets","10":"product_cat-womens-jewellery","12":"first","13":"instock","14":"taxable","15":"shipping-taxable","16":"purchasable","17":"product-type-variable","18":"has-default-attributes"},"acf":[],"_links":{"self":[{"href":"https:\/\/trimakasi.eu\/es\/wp-json\/wp\/v2\/product\/73384","targetHints":{"allow":["GET"]}}],"collection":[{"href":"https:\/\/trimakasi.eu\/es\/wp-json\/wp\/v2\/product"}],"about":[{"href":"https:\/\/trimakasi.eu\/es\/wp-json\/wp\/v2\/types\/product"}],"replies":[{"embeddable":true,"href":"https:\/\/trimakasi.eu\/es\/wp-json\/wp\/v2\/comments?post=73384"}],"wp:featuredmedia":[{"embeddable":true,"href":"https:\/\/trimakasi.eu\/es\/wp-json\/wp\/v2\/media\/105016"}],"wp:attachment":[{"href":"https:\/\/trimakasi.eu\/es\/wp-json\/wp\/v2\/media?parent=73384"}],"wp:term":[{"taxonomy":"product_brand","embeddable":true,"href":"https:\/\/trimakasi.eu\/es\/wp-json\/wp\/v2\/product_brand?post=73384"},{"taxonomy":"product_cat","embeddable":true,"href":"https:\/\/trimakasi.eu\/es\/wp-json\/wp\/v2\/product_cat?post=73384"},{"taxonomy":"product_tag","embeddable":true,"href":"https:\/\/trimakasi.eu\/es\/wp-json\/wp\/v2\/product_tag?post=73384"}],"curies":[{"name":"wp","href":"https:\/\/api.w.org\/{rel}","templated":true}]}}