{"id":73376,"date":"2018-10-23T22:43:05","date_gmt":"2018-10-23T20:43:05","guid":{"rendered":"https:\/\/trimakasi.eu\/product\/import-placeholder-for-73206\/"},"modified":"2025-09-24T20:27:23","modified_gmt":"2025-09-24T18:27:23","slug":"fresa-cuarzo","status":"publish","type":"product","link":"https:\/\/trimakasi.eu\/es\/product\/strawberry-quartz\/","title":{"rendered":"Pulsera de cuarzo fresa"},"content":{"rendered":"<h3>Cuarzo fresa \u2013 propiedades<\/h3>\n<p>Gracias a sus hermosos tonos de rosa, este mineral se asocia con la belleza y el amor rom\u00e1ntico. Strawberry Quartz tambi\u00e9n se llama a veces &quot;Piedra del amor interior&quot;, porque puede profundizar el amor en nuevas dimensiones. A veces incluso se usa para atraer a un alma gemela a la vida.<\/p>\n<p>El cuarzo fresa es una piedra curativa universal que tambi\u00e9n puede mejorar los efectos curativos de otros minerales. Resuena con una energ\u00eda intensa y vibrante que puede aliviar la ansiedad, la decepci\u00f3n o la debilidad ps\u00edquica.<\/p>\n<p>Desde el punto de vista geol\u00f3gico, es una masa de cuarzo con diversas adiciones de \u00f3xido de hierro, que le dan a este mineral, adem\u00e1s de su color, un aspecto punteado que puede recordar a fresa.<\/p>\n<p>Signo del zodiaco: <strong>Aries, Tauro<\/strong><\/p>\n<p>Elemento: <strong>Fuego<\/strong><\/p>\n<p>La pulsera armoniza el chakra ra\u00edz, el chakra sakral y el chakra del coraz\u00f3n:<\/p>\n<p><a href=\"https:\/\/trimakasi.eu\/wp-content\/uploads\/\u010dakra1.jpg\"><img loading=\"lazy\" decoding=\"async\" class=\"alignnone size-full wp-image-138513\" src=\"https:\/\/trimakasi.eu\/wp-content\/uploads\/\u010dakra1.jpg\" alt=\"Chakra de la ra\u00edz\" width=\"81\" height=\"88\" srcset=\"https:\/\/trimakasi.eu\/wp-content\/uploads\/\u010dakra1.jpg 81w, https:\/\/trimakasi.eu\/wp-content\/uploads\/\u010dakra1-11x12.jpg 11w\" sizes=\"auto, (max-width: 81px) 100vw, 81px\" \/><\/a><\/p>\n<p><a href=\"https:\/\/trimakasi.eu\/es\/vlog\/\"><u>Visita nuestro video blog para descubrir las conexiones entre piedras preciosas, signos del zod\u00edaco, chakras y mucho m\u00e1s.<\/u><\/a><\/p>","protected":false},"excerpt":{"rendered":"<p>Suave, radiante y de una elegancia natural, el Cuarzo Fresa es conocido como la piedra del amor, el equilibrio y la sanaci\u00f3n emocional. Sus delicados tonos rosados irradian calidez y positividad, convirti\u00e9ndolo en el accesorio ideal para quienes buscan tanto belleza como armon\u00eda interior. Descubre m\u00e1s sobre sus propiedades a continuaci\u00f3n.<\/p>\n<p>Elija una pulsera por su tama\u00f1o y por el color de la \u00faltima cuenta.\u00a0<a href=\"https:\/\/trimakasi.eu\/es\/como-elegir-la-talla-de-pulsera\/\">Las instrucciones sobre c\u00f3mo determinar correctamente el tama\u00f1o se pueden encontrar aqu\u00ed.<\/a><\/p>","protected":false},"featured_media":104816,"comment_status":"open","ping_status":"closed","template":"","meta":{"_acf_changed":false,"_themeisle_gutenberg_block_has_review":false},"product_brand":[],"product_cat":[1687,554,553],"product_tag":[],"class_list":{"0":"post-73376","1":"product","2":"type-product","3":"status-publish","4":"has-post-thumbnail","6":"product_cat-elastic-bracelets","7":"product_cat-natural-gemstone-bracelets","8":"product_cat-womens-jewellery","10":"first","11":"instock","12":"taxable","13":"shipping-taxable","14":"purchasable","15":"product-type-variable","16":"has-default-attributes"},"acf":[],"_links":{"self":[{"href":"https:\/\/trimakasi.eu\/es\/wp-json\/wp\/v2\/product\/73376","targetHints":{"allow":["GET"]}}],"collection":[{"href":"https:\/\/trimakasi.eu\/es\/wp-json\/wp\/v2\/product"}],"about":[{"href":"https:\/\/trimakasi.eu\/es\/wp-json\/wp\/v2\/types\/product"}],"replies":[{"embeddable":true,"href":"https:\/\/trimakasi.eu\/es\/wp-json\/wp\/v2\/comments?post=73376"}],"wp:featuredmedia":[{"embeddable":true,"href":"https:\/\/trimakasi.eu\/es\/wp-json\/wp\/v2\/media\/104816"}],"wp:attachment":[{"href":"https:\/\/trimakasi.eu\/es\/wp-json\/wp\/v2\/media?parent=73376"}],"wp:term":[{"taxonomy":"product_brand","embeddable":true,"href":"https:\/\/trimakasi.eu\/es\/wp-json\/wp\/v2\/product_brand?post=73376"},{"taxonomy":"product_cat","embeddable":true,"href":"https:\/\/trimakasi.eu\/es\/wp-json\/wp\/v2\/product_cat?post=73376"},{"taxonomy":"product_tag","embeddable":true,"href":"https:\/\/trimakasi.eu\/es\/wp-json\/wp\/v2\/product_tag?post=73376"}],"curies":[{"name":"wp","href":"https:\/\/api.w.org\/{rel}","templated":true}]}}