{"id":73331,"date":"2018-10-23T22:42:43","date_gmt":"2018-10-23T20:42:43","guid":{"rendered":"https:\/\/trimakasi.eu\/product\/import-placeholder-for-73084\/"},"modified":"2025-06-02T15:30:06","modified_gmt":"2025-06-02T13:30:06","slug":"fluorita","status":"publish","type":"product","link":"https:\/\/trimakasi.eu\/es\/product\/fluorite\/","title":{"rendered":"Pulsera de fluorita"},"content":{"rendered":"<h3>Fluorita \u2013 propiedades<\/h3>\n<p>El nombre de esta piedra se deriva de la palabra latina &quot;fluere&quot; que significa &quot;fluir&quot;. Las propiedades f\u00edsicas de este mineral tambi\u00e9n dieron nombre al t\u00e9rmino fluorescencia (reacci\u00f3n a los rayos de luz ultravioleta).<\/p>\n<p>La fluorita es una de las piedras preciosas cristalinas m\u00e1s populares del mundo que adora tanto a los ge\u00f3logos por su coloraci\u00f3n y la notable estructura cristalina c\u00fabica, como a los curanderos alternativos por sus vibraciones internas, que tienen una fuerte resonancia con la mente humana.<\/p>\n<p>La energ\u00eda de esta piedra puede traernos paz y estabilidad, ayudando a formar energ\u00eda ca\u00f3tica y dispersa en una forma superior de coherencia y armon\u00eda. La fluorita es una piedra de apoyo para el pensamiento, la espiritualidad, la concentraci\u00f3n y el equilibrio en todos los aspectos de la vida. Supuestamente, tambi\u00e9n estimula a ambos hemisferios cerebrales a trabajar armoniosamente en equilibrio, lo que puede reflejarse en fomentar la creatividad y facilitar la resoluci\u00f3n l\u00f3gica de problemas complejos.<\/p>\n<p><strong>Fluorita p\u00farpura<\/strong> - Ayuda a la intuici\u00f3n y es una gran piedra para la meditaci\u00f3n y el desarrollo mental. Su energ\u00eda puede liberar estr\u00e9s, malestar espiritual y bloqueos. Tambi\u00e9n se puede utilizar como una &quot;piedra de los sue\u00f1os&quot; protectora que destruye los malos sue\u00f1os durante el sue\u00f1o. Armoniza el chakra del tercer ojo.<\/p>\n<p><img loading=\"lazy\" decoding=\"async\" class=\"alignnone wp-image-72748\" style=\"color: #333333; font-size: 14.4px;\" src=\"https:\/\/trimakasi.cz\/wp-content\/uploads\/2018\/07\/\u010dakra6.jpg\" alt=\"\" width=\"70\" height=\"67\" \/><\/p>\n<p><strong>Fluorita verde<\/strong> - Supuestamente, puede romper el excedente de energ\u00eda, inspirar nuevas ideas en nosotros y acelerar el pensamiento. Tambi\u00e9n se puede utilizar como piedra limpiadora para descomponer la energ\u00eda negativa, aliviar el trauma emocional o destruir adicciones f\u00edsicas o psicol\u00f3gicas poco saludables. Cura y armoniza el Chakra del Coraz\u00f3n.<\/p>\n<p><img loading=\"lazy\" decoding=\"async\" class=\"alignnone wp-image-72746\" style=\"font-size: 14.4px;\" src=\"https:\/\/trimakasi.cz\/wp-content\/uploads\/2018\/07\/\u010dakra4.jpg\" alt=\"\" width=\"66\" height=\"77\" \/><\/p>\n<p>Elemento: <strong>Aire y agua<\/strong><\/p>\n<p>Signos del zodiaco: <strong>Capricornio y pez<\/strong><\/p>\n<p>La pulsera armoniza el chakra del hogar, el chakra del tercer ojo y el chakra de la corona.<\/p>\n<p><img loading=\"lazy\" decoding=\"async\" class=\"alignnone wp-image-72746\" style=\"font-size: 14.4px;\" src=\"https:\/\/trimakasi.cz\/wp-content\/uploads\/2018\/07\/\u010dakra4.jpg\" alt=\"\" width=\"66\" height=\"77\" \/><img loading=\"lazy\" decoding=\"async\" class=\"alignnone wp-image-72748\" style=\"color: #333333; font-size: 14.4px;\" src=\"https:\/\/trimakasi.cz\/wp-content\/uploads\/2018\/07\/\u010dakra6.jpg\" alt=\"\" width=\"70\" height=\"67\" \/><img loading=\"lazy\" decoding=\"async\" class=\"alignnone wp-image-72749\" src=\"https:\/\/trimakasi.cz\/wp-content\/uploads\/2018\/07\/\u010dakra7.jpg\" alt=\"Korunn\u00ed \u010dakra\" width=\"73\" height=\"81\" \/><\/p>\n<p><a href=\"https:\/\/trimakasi.eu\/es\/vlog\/\"><u>Visita nuestro video blog para descubrir las conexiones entre piedras preciosas, signos del zod\u00edaco, chakras y mucho m\u00e1s.<\/u><\/a><\/p>","protected":false},"excerpt":{"rendered":"<p>La Fluorita deslumbra con sus impresionantes colores, que van desde el verde botella hasta el p\u00farpura intenso. Conocida como la \u201cPiedra de los Genios,\u201d se cree que mejora la concentraci\u00f3n, la creatividad y la claridad mental. Con sus tonos vibrantes y su energ\u00eda especial, la Fluorita es una de las gemas m\u00e1s apreciadas, ideal para quienes buscan belleza y fortaleza mental.<\/p>\n<p>Elija una pulsera por el color de Fluorita, por el tama\u00f1o de la pulsera y por el color de la \u00faltima cuenta.\u00a0<a href=\"https:\/\/trimakasi.eu\/es\/como-elegir-la-talla-de-pulsera\/\">Las instrucciones sobre c\u00f3mo determinar correctamente el tama\u00f1o se pueden encontrar aqu\u00ed.<\/a><\/p>","protected":false},"featured_media":105275,"comment_status":"open","ping_status":"closed","template":"","meta":{"_acf_changed":false,"_themeisle_gutenberg_block_has_review":false},"product_brand":[],"product_cat":[1687,1064,554,1068,553],"product_tag":[],"class_list":{"0":"post-73331","1":"product","2":"type-product","3":"status-publish","4":"has-post-thumbnail","6":"product_cat-elastic-bracelets","7":"product_cat-mens-jewellery","8":"product_cat-natural-gemstone-bracelets","9":"product_cat-natural-gemstone-bracelets-for-men","10":"product_cat-womens-jewellery","12":"first","13":"instock","14":"featured","15":"taxable","16":"shipping-taxable","17":"purchasable","18":"product-type-variable","19":"has-default-attributes"},"acf":[],"_links":{"self":[{"href":"https:\/\/trimakasi.eu\/es\/wp-json\/wp\/v2\/product\/73331","targetHints":{"allow":["GET"]}}],"collection":[{"href":"https:\/\/trimakasi.eu\/es\/wp-json\/wp\/v2\/product"}],"about":[{"href":"https:\/\/trimakasi.eu\/es\/wp-json\/wp\/v2\/types\/product"}],"replies":[{"embeddable":true,"href":"https:\/\/trimakasi.eu\/es\/wp-json\/wp\/v2\/comments?post=73331"}],"wp:featuredmedia":[{"embeddable":true,"href":"https:\/\/trimakasi.eu\/es\/wp-json\/wp\/v2\/media\/105275"}],"wp:attachment":[{"href":"https:\/\/trimakasi.eu\/es\/wp-json\/wp\/v2\/media?parent=73331"}],"wp:term":[{"taxonomy":"product_brand","embeddable":true,"href":"https:\/\/trimakasi.eu\/es\/wp-json\/wp\/v2\/product_brand?post=73331"},{"taxonomy":"product_cat","embeddable":true,"href":"https:\/\/trimakasi.eu\/es\/wp-json\/wp\/v2\/product_cat?post=73331"},{"taxonomy":"product_tag","embeddable":true,"href":"https:\/\/trimakasi.eu\/es\/wp-json\/wp\/v2\/product_tag?post=73331"}],"curies":[{"name":"wp","href":"https:\/\/api.w.org\/{rel}","templated":true}]}}