{"id":73319,"date":"2018-10-23T22:42:39","date_gmt":"2018-10-23T20:42:39","guid":{"rendered":"https:\/\/trimakasi.eu\/product\/import-placeholder-for-73057\/"},"modified":"2025-02-26T20:54:29","modified_gmt":"2025-02-26T19:54:29","slug":"jaspe-rojo","status":"publish","type":"product","link":"https:\/\/trimakasi.eu\/es\/product\/red-jasper\/","title":{"rendered":"Pulsera de jaspe rojo"},"content":{"rendered":"<h3>Jaspe rojo \u2013 propiedades<\/h3>\n<p>Esta piedra no solo estimula la fuerza vital, sino que tambi\u00e9n promueve el coraje humano. Por eso los indios norteamericanos incluso la llaman &quot;Piedra del Coraje&quot; o &quot;La Sangre de la Madre Tierra&quot;. Tambi\u00e9n fue utilizado por sus chamanes como un amuleto poderoso, sagrado y protector en sus rituales contra los \u201cpeligros invisibles de la noche\u201d o como una piedra de fertilidad y renacimiento.<\/p>\n<p>El jaspe rojo tambi\u00e9n aparece en leyendas vikingas y germ\u00e1nicas. Simbolizaba el coraje y decoraba el mango de la famosa espada, que perteneci\u00f3 a Sigfried the Dragonslayer. En el antiguo Egipto, esta piedra se asoci\u00f3 con la diosa Isis y la fertilidad. Esta piedra ten\u00eda s\u00edmbolos sagrados grabados que se colocaron en el cuerpo de los muertos para el viaje seguro a trav\u00e9s del m\u00e1s all\u00e1.<\/p>\n<p>Elemento: <strong>Tierra, fuego<\/strong><\/p>\n<p>Signo del zodiaco: <strong>Aries, Escorpio, Virgo, Libra<\/strong><\/p>\n<div>La pulsera armoniza el chakra ra\u00edz y el chakra sacro.<\/div>\n<p><img loading=\"lazy\" decoding=\"async\" class=\"alignnone wp-image-72742\" src=\"https:\/\/trimakasi.cz\/wp-content\/uploads\/2018\/08\/\u010dakra1.jpg\" alt=\"Z\u00e1kladn\u00ed \u010dakra\" width=\"73\" height=\"80\" \/><a href=\"https:\/\/trimakasi.eu\/wp-content\/uploads\/\u010dakra2.jpg\"><img loading=\"lazy\" decoding=\"async\" class=\"alignnone size-full wp-image-138514\" src=\"https:\/\/trimakasi.eu\/wp-content\/uploads\/\u010dakra2.jpg\" alt=\"Chakra sacro\" width=\"76\" height=\"96\" srcset=\"https:\/\/trimakasi.eu\/wp-content\/uploads\/\u010dakra2.jpg 76w, https:\/\/trimakasi.eu\/wp-content\/uploads\/\u010dakra2-10x12.jpg 10w\" sizes=\"auto, (max-width: 76px) 100vw, 76px\" \/><\/a><\/p>\n<p><a href=\"https:\/\/trimakasi.eu\/es\/vlog\/\"><u>Visita nuestro video blog para descubrir las conexiones entre piedras preciosas, signos del zod\u00edaco, chakras y mucho m\u00e1s.<\/u><\/a><\/p>","protected":false},"excerpt":{"rendered":"<p>A pesar de su sencillez, el jaspe y su intenso color rojo ladrillo seguramente llamar\u00e1n tu atenci\u00f3n. Conocido como &quot;Piedra de la resistencia&quot;, este mineral ha sido valorado durante siglos como estimulador de fuerza y vitalidad. Obtenga m\u00e1s informaci\u00f3n sobre las propiedades de esta piedra a continuaci\u00f3n.<\/p>\n<p>Elija una pulsera por su tama\u00f1o y por el color de la \u00faltima cuenta.\u00a0<a href=\"https:\/\/trimakasi.eu\/es\/como-elegir-la-talla-de-pulsera\/\">Las instrucciones sobre c\u00f3mo determinar correctamente el tama\u00f1o se pueden encontrar aqu\u00ed.<\/a><\/p>","protected":false},"featured_media":104906,"comment_status":"open","ping_status":"closed","template":"","meta":{"_acf_changed":false,"_themeisle_gutenberg_block_has_review":false},"product_brand":[],"product_cat":[1687,554,553],"product_tag":[],"class_list":{"0":"post-73319","1":"product","2":"type-product","3":"status-publish","4":"has-post-thumbnail","6":"product_cat-elastic-bracelets","7":"product_cat-natural-gemstone-bracelets","8":"product_cat-womens-jewellery","10":"first","11":"instock","12":"taxable","13":"shipping-taxable","14":"purchasable","15":"product-type-variable","16":"has-default-attributes"},"acf":[],"_links":{"self":[{"href":"https:\/\/trimakasi.eu\/es\/wp-json\/wp\/v2\/product\/73319","targetHints":{"allow":["GET"]}}],"collection":[{"href":"https:\/\/trimakasi.eu\/es\/wp-json\/wp\/v2\/product"}],"about":[{"href":"https:\/\/trimakasi.eu\/es\/wp-json\/wp\/v2\/types\/product"}],"replies":[{"embeddable":true,"href":"https:\/\/trimakasi.eu\/es\/wp-json\/wp\/v2\/comments?post=73319"}],"wp:featuredmedia":[{"embeddable":true,"href":"https:\/\/trimakasi.eu\/es\/wp-json\/wp\/v2\/media\/104906"}],"wp:attachment":[{"href":"https:\/\/trimakasi.eu\/es\/wp-json\/wp\/v2\/media?parent=73319"}],"wp:term":[{"taxonomy":"product_brand","embeddable":true,"href":"https:\/\/trimakasi.eu\/es\/wp-json\/wp\/v2\/product_brand?post=73319"},{"taxonomy":"product_cat","embeddable":true,"href":"https:\/\/trimakasi.eu\/es\/wp-json\/wp\/v2\/product_cat?post=73319"},{"taxonomy":"product_tag","embeddable":true,"href":"https:\/\/trimakasi.eu\/es\/wp-json\/wp\/v2\/product_tag?post=73319"}],"curies":[{"name":"wp","href":"https:\/\/api.w.org\/{rel}","templated":true}]}}