{"id":73194,"date":"2023-03-23T22:41:42","date_gmt":"2023-03-23T21:41:42","guid":{"rendered":"https:\/\/trimakasi.eu\/product\/import-placeholder-for-72901\/"},"modified":"2025-09-07T21:59:33","modified_gmt":"2025-09-07T19:59:33","slug":"ojo-de-tigre","status":"publish","type":"product","link":"https:\/\/trimakasi.eu\/es\/product\/tigers-eye\/","title":{"rendered":"Pulsera ojo de tigre"},"content":{"rendered":"<h3>Ojo de tigre \u2013 propiedades<\/h3>\n<p>Este mineral, como talism\u00e1n, acompa\u00f1a a la humanidad desde la antig\u00fcedad. Durante el auge del imperio egipcio, se utiliz\u00f3 a los ojos de las estatuas de los dioses egipcios, por lo que esta piedra se gan\u00f3 el sobrenombre de &quot;el ojo omnisciente y omnisciente&quot;. El ojo de tigre en el antiguo Egipto expresaba divinidad y protecci\u00f3n a trav\u00e9s de la combinaci\u00f3n del poder de la tierra y el sol (Ra, el Dios del Sol, y Geb, el Dios de la tierra y el padre de todos los dioses).<\/p>\n<p>Los soldados romanos usaban un ojo de tigre en las batallas con la creencia de que les dar\u00eda valor. Esto tambi\u00e9n se asocia con el hecho de que esta piedra todav\u00eda se considera una joya masculina que devuelve a los hombres la esencia de los valientes guerreros. Tambi\u00e9n es interesante que esta piedra se valorara m\u00e1s que el oro en el siglo XVI entre las tribus africanas.<\/p>\n<p>La piedra tiene la capacidad de disipar la negatividad y su color dorado atrae prosperidad, riqueza y un estatus social significativo. Representa el sol y la tendencia asociada a &quot;estar en el centro de atenci\u00f3n&quot;. \u00a1Las vibraciones fuertes, de conexi\u00f3n a tierra y positivas de esta piedra son buenas para inducir el estado profundo de meditaci\u00f3n!<\/p>\n<p>Elemento: <strong>Tierra, fuego<\/strong><\/p>\n<p>Signo del zodiaco: <strong>Capricornio, Libra, Virgo, Leo, G\u00e9minis, Aries<\/strong><\/p>\n<p>La pulsera armoniza el chakra del plexo solar y el chakra de la ra\u00edz<\/p>\n<p><img loading=\"lazy\" decoding=\"async\" class=\"alignnone size-full wp-image-72745\" src=\"https:\/\/trimakasi.cz\/wp-content\/uploads\/2018\/07\/\u010dakra3.jpg\" alt=\"\" width=\"77\" height=\"86\" \/><img loading=\"lazy\" decoding=\"async\" class=\"alignnone size-full wp-image-72742\" src=\"https:\/\/trimakasi.cz\/wp-content\/uploads\/2018\/08\/\u010dakra1.jpg\" alt=\"Z\u00e1kladn\u00ed \u010dakra\" width=\"81\" height=\"88\" \/><\/p>\n<p><a href=\"https:\/\/trimakasi.eu\/es\/vlog\/\"><u>Visita nuestro video blog para descubrir las conexiones entre piedras preciosas, signos del zod\u00edaco, chakras y mucho m\u00e1s.<\/u><\/a><\/p>","protected":false},"excerpt":{"rendered":"<p>\u00bfQui\u00e9n no sabr\u00eda qu\u00e9 es el ojo de tigre? \u00bfUna forma natural de cuarzo, que ha fascinado a la gente durante siglos con su color dorado a marr\u00f3n miel y un brillo sedoso? En algunas partes del mundo, se cree tradicionalmente que esta piedra puede protegerse del &quot;mal de ojo&quot;. Obtenga m\u00e1s informaci\u00f3n sobre las propiedades de esta piedra a continuaci\u00f3n.<\/p>\n<p>Elija una pulsera por su tama\u00f1o y por el color de la \u00faltima cuenta.\u00a0<a href=\"https:\/\/trimakasi.eu\/es\/como-elegir-la-talla-de-pulsera\/\"><u>Las instrucciones sobre c\u00f3mo determinar correctamente el tama\u00f1o se pueden encontrar aqu\u00ed.<\/u><\/a><\/p>","protected":false},"featured_media":105001,"comment_status":"open","ping_status":"closed","template":"","meta":{"_acf_changed":false,"_themeisle_gutenberg_block_has_review":false},"product_brand":[],"product_cat":[1687,1064,554,1068,553],"product_tag":[],"class_list":{"0":"post-73194","1":"product","2":"type-product","3":"status-publish","4":"has-post-thumbnail","6":"product_cat-elastic-bracelets","7":"product_cat-mens-jewellery","8":"product_cat-natural-gemstone-bracelets","9":"product_cat-natural-gemstone-bracelets-for-men","10":"product_cat-womens-jewellery","12":"first","13":"instock","14":"taxable","15":"shipping-taxable","16":"purchasable","17":"product-type-variable","18":"has-default-attributes"},"acf":[],"_links":{"self":[{"href":"https:\/\/trimakasi.eu\/es\/wp-json\/wp\/v2\/product\/73194","targetHints":{"allow":["GET"]}}],"collection":[{"href":"https:\/\/trimakasi.eu\/es\/wp-json\/wp\/v2\/product"}],"about":[{"href":"https:\/\/trimakasi.eu\/es\/wp-json\/wp\/v2\/types\/product"}],"replies":[{"embeddable":true,"href":"https:\/\/trimakasi.eu\/es\/wp-json\/wp\/v2\/comments?post=73194"}],"wp:featuredmedia":[{"embeddable":true,"href":"https:\/\/trimakasi.eu\/es\/wp-json\/wp\/v2\/media\/105001"}],"wp:attachment":[{"href":"https:\/\/trimakasi.eu\/es\/wp-json\/wp\/v2\/media?parent=73194"}],"wp:term":[{"taxonomy":"product_brand","embeddable":true,"href":"https:\/\/trimakasi.eu\/es\/wp-json\/wp\/v2\/product_brand?post=73194"},{"taxonomy":"product_cat","embeddable":true,"href":"https:\/\/trimakasi.eu\/es\/wp-json\/wp\/v2\/product_cat?post=73194"},{"taxonomy":"product_tag","embeddable":true,"href":"https:\/\/trimakasi.eu\/es\/wp-json\/wp\/v2\/product_tag?post=73194"}],"curies":[{"name":"wp","href":"https:\/\/api.w.org\/{rel}","templated":true}]}}