{"id":73188,"date":"2022-10-23T22:41:41","date_gmt":"2022-10-23T20:41:41","guid":{"rendered":"https:\/\/trimakasi.eu\/product\/import-placeholder-for-72844\/"},"modified":"2026-04-29T21:20:50","modified_gmt":"2026-04-29T19:20:50","slug":"lazurita-lapislazuli","status":"publish","type":"product","link":"https:\/\/trimakasi.eu\/es\/product\/lazurite-lapis-lazuli\/","title":{"rendered":"Lazurita - Pulsera de lapisl\u00e1zuli"},"content":{"rendered":"<h3>Lapisl\u00e1zuli \u2013 propiedades<\/h3>\n<p>El nombre proviene de la combinaci\u00f3n de la palabra latina \"Lapis\" que significa piedra, con la palabra persa \"Lazhward\" que indica el color azul.xx<\/p>\n<p>\u00a1Esta es una de las piedras preciosas m\u00e1s antiguas que descubri\u00f3 la humanidad! Se ha utilizado, por ejemplo, en el antiguo Egipto para producir joyas y amuletos, y para la producci\u00f3n de primeros cosm\u00e9ticos para mujeres. Esta piedra representaba all\u00ed toda la lista de buenas cualidades, pero sobre todo, el lapisl\u00e1zuli se llamaba \u201cPiedra del cielo\u201d. Su color azul profundo simbolizaba un cielo nocturno \u00edndigo y las manchas de oro blanco simbolizaban estrellas inmortales.<\/p>\n<p>Los jueces egipcios, por ejemplo, llevaban esta piedra colgada del cuello con la inscripci\u00f3n &quot;verdadero&quot;. Esta noble piedra tambi\u00e9n adorna la m\u00e1scara post mortem de uno de los faraones m\u00e1s famosos: Tutankam\u00f3n.<\/p>\n<p>El lapisl\u00e1zuli se considera una piedra curativa tradicional, que se supone que neutraliza las sustancias venenosas en el cuerpo y limpia la sangre. Desde el punto de vista espiritual, se puede utilizar como piedra protectora contra la energ\u00eda negativa.<\/p>\n<p>Signo del zodiaco: <strong>Sagitario, Acuario, Libra<\/strong><\/p>\n<p>Elemento: <strong>Agua<\/strong><\/p>\n<p>La pulsera armoniza el chakra de la garganta y el chakra del tercer ojo.<\/p>\n<p><img loading=\"lazy\" decoding=\"async\" class=\"alignnone wp-image-72747\" src=\"https:\/\/trimakasi.cz\/wp-content\/uploads\/2018\/07\/\u010dakra5.jpg\" alt=\"\" width=\"68\" height=\"74\" \/><img loading=\"lazy\" decoding=\"async\" class=\"alignnone wp-image-72748\" src=\"https:\/\/trimakasi.cz\/wp-content\/uploads\/2018\/07\/\u010dakra6.jpg\" alt=\"\" width=\"84\" height=\"80\" \/><\/p>\n<p><a href=\"https:\/\/trimakasi.eu\/es\/vlog\/\"><u>Visita nuestro video blog para descubrir las conexiones entre piedras preciosas, signos del zod\u00edaco, chakras y mucho m\u00e1s.<\/u><\/a><\/p>","protected":false},"excerpt":{"rendered":"<p>Esta misteriosa piedra azul profundo en la versi\u00f3n mate a veces se conoce como la &quot;Piedra de los magos&quot;. Es un s\u00edmbolo de verdad y sabidur\u00eda que ayuda a armonizar su entorno. Obtenga m\u00e1s informaci\u00f3n sobre las propiedades de esta piedra a continuaci\u00f3n.<\/p>\n<p>Elija una pulsera por su tama\u00f1o y por el color de la \u00faltima cuenta.\u00a0<a href=\"https:\/\/trimakasi.eu\/es\/como-elegir-la-talla-de-pulsera\/\">Las instrucciones sobre c\u00f3mo determinar correctamente el tama\u00f1o se pueden encontrar aqu\u00ed.<\/a><\/p>","protected":false},"featured_media":105103,"comment_status":"open","ping_status":"closed","template":"","meta":{"_acf_changed":false,"_themeisle_gutenberg_block_has_review":false},"product_brand":[],"product_cat":[1687,1064,554,1068,553],"product_tag":[],"class_list":{"0":"post-73188","1":"product","2":"type-product","3":"status-publish","4":"has-post-thumbnail","6":"product_cat-elastic-bracelets","7":"product_cat-mens-jewellery","8":"product_cat-natural-gemstone-bracelets","9":"product_cat-natural-gemstone-bracelets-for-men","10":"product_cat-womens-jewellery","12":"first","13":"instock","14":"taxable","15":"shipping-taxable","16":"purchasable","17":"product-type-variable","18":"has-default-attributes"},"acf":[],"_links":{"self":[{"href":"https:\/\/trimakasi.eu\/es\/wp-json\/wp\/v2\/product\/73188","targetHints":{"allow":["GET"]}}],"collection":[{"href":"https:\/\/trimakasi.eu\/es\/wp-json\/wp\/v2\/product"}],"about":[{"href":"https:\/\/trimakasi.eu\/es\/wp-json\/wp\/v2\/types\/product"}],"replies":[{"embeddable":true,"href":"https:\/\/trimakasi.eu\/es\/wp-json\/wp\/v2\/comments?post=73188"}],"wp:featuredmedia":[{"embeddable":true,"href":"https:\/\/trimakasi.eu\/es\/wp-json\/wp\/v2\/media\/105103"}],"wp:attachment":[{"href":"https:\/\/trimakasi.eu\/es\/wp-json\/wp\/v2\/media?parent=73188"}],"wp:term":[{"taxonomy":"product_brand","embeddable":true,"href":"https:\/\/trimakasi.eu\/es\/wp-json\/wp\/v2\/product_brand?post=73188"},{"taxonomy":"product_cat","embeddable":true,"href":"https:\/\/trimakasi.eu\/es\/wp-json\/wp\/v2\/product_cat?post=73188"},{"taxonomy":"product_tag","embeddable":true,"href":"https:\/\/trimakasi.eu\/es\/wp-json\/wp\/v2\/product_tag?post=73188"}],"curies":[{"name":"wp","href":"https:\/\/api.w.org\/{rel}","templated":true}]}}