{"id":174495,"date":"2022-10-03T22:01:57","date_gmt":"2022-10-03T20:01:57","guid":{"rendered":"https:\/\/trimakasi.eu\/?post_type=product&#038;p=174495"},"modified":"2024-11-09T19:21:00","modified_gmt":"2024-11-09T18:21:00","slug":"pulsera-rondel-jaspe-picasso","status":"publish","type":"product","link":"https:\/\/trimakasi.eu\/es\/product\/picasso-jasper-rondelle-bracelet\/","title":{"rendered":"Pulsera de jaspe picasso rondelle"},"content":{"rendered":"<h3>Picasso jasper<\/h3>\n<div class=\"group\/conversation-turn relative flex w-full min-w-0 flex-col agent-turn\">\n<div class=\"flex-col gap-1 md:gap-3\">\n<div class=\"flex max-w-full flex-col flex-grow\">\n<div class=\"min-h-8 text-message flex w-full flex-col items-end gap-2 whitespace-normal break-words [.text-message+&amp;]:mt-5\" dir=\"auto\" data-message-author-role=\"assistant\" data-message-id=\"cf5a3a21-8ccd-43e7-bce2-c0fa682d58cd\">\n<div class=\"flex w-full flex-col gap-1 empty:hidden first:pt-[3px]\">\n<div class=\"markdown prose w-full break-words dark:prose-invert light\">\n<p>Picasso Jasper, named after the famous artist, is renowned for its unique, painterly patterns that resemble brush strokes. This stone is associated with harmony, inner peace, and fostering creativity. Traditional beliefs say that Picasso Jasper helps individuals better understand their own emotions and uncover hidden feelings. It also serves as a protective amulet, attracting harmony and positive energy into one&#8217;s life.<\/p>\n<p>The stone is valued for its ability to promote positive change and assist in overcoming challenging times. Picasso Jasper is ideal for those seeking new beginnings, wanting to reignite creativity, or improve interpersonal relationships.<\/p>\n<p>Element: <strong>Earth<\/strong><\/p>\n<p>Zodiac Signs:<strong> Taurus, Libra, Pisces<\/strong><\/p>\n<\/div>\n<\/div>\n<\/div>\n<\/div>\n<\/div>\n<\/div>\n<div><\/div>\n<div>Bracelet harmonizes the Root chakra, Sacral chakra, Solar plexus chakra<\/div>\n<div><\/div>\n<div><a href=\"https:\/\/trimakasi.eu\/wp-content\/uploads\/\u010dakra1.jpg\"><img loading=\"lazy\" decoding=\"async\" class=\"alignnone size-full wp-image-138513\" src=\"https:\/\/trimakasi.eu\/wp-content\/uploads\/\u010dakra1.jpg\" alt=\"Root chakra\" width=\"81\" height=\"88\" srcset=\"https:\/\/trimakasi.eu\/wp-content\/uploads\/\u010dakra1.jpg 81w, https:\/\/trimakasi.eu\/wp-content\/uploads\/\u010dakra1-11x12.jpg 11w\" sizes=\"auto, (max-width: 81px) 100vw, 81px\" \/><\/a><a href=\"https:\/\/trimakasi.eu\/wp-content\/uploads\/\u010dakra2.jpg\"><img loading=\"lazy\" decoding=\"async\" class=\"alignnone wp-image-138514\" src=\"https:\/\/trimakasi.eu\/wp-content\/uploads\/\u010dakra2.jpg\" alt=\"Sacral chakra\" width=\"82\" height=\"103\" srcset=\"https:\/\/trimakasi.eu\/wp-content\/uploads\/\u010dakra2.jpg 76w, https:\/\/trimakasi.eu\/wp-content\/uploads\/\u010dakra2-10x12.jpg 10w\" sizes=\"auto, (max-width: 82px) 100vw, 82px\" \/><\/a><a href=\"https:\/\/trimakasi.eu\/wp-content\/uploads\/2020\/07\/\u010dakra3.jpg\"><img loading=\"lazy\" decoding=\"async\" class=\"alignnone size-full wp-image-83567\" src=\"https:\/\/trimakasi.eu\/wp-content\/uploads\/2020\/07\/\u010dakra3.jpg\" alt=\"Solar plexus chakra\" width=\"77\" height=\"86\" srcset=\"https:\/\/trimakasi.eu\/wp-content\/uploads\/2020\/07\/\u010dakra3.jpg 77w, https:\/\/trimakasi.eu\/wp-content\/uploads\/2020\/07\/\u010dakra3-11x12.jpg 11w\" sizes=\"auto, (max-width: 77px) 100vw, 77px\" \/><\/a><\/div>\n<div><a href=\"https:\/\/trimakasi.eu\/vlog\/\"><u>Visit our video blog to discover the connections between gemstones, zodiac signs, chakras, and much more.<\/u><\/a><\/div>\n<div><\/div>\n","protected":false},"excerpt":{"rendered":"<p>Una pulsera minimalista elaborada con jaspe Picasso, con motivos naturales y tonos terrosos de gris, verde, naranja y marr\u00f3n. Cada piedra es \u00fanica, lo que hace de esta pulsera un accesorio elegante y original.<\/p>\n<p>El jaspe Picasso se considera una piedra de creatividad y transformaci\u00f3n. Aporta paz interior, armon\u00eda y favorece la concentraci\u00f3n.<\/p>\n<p>La pulsera est\u00e1 disponible en dos tama\u00f1os, para mujer y hombre, lo que garantiza un ajuste perfecto para todos. Esta pulsera no solo es una hermosa pieza de joyer\u00eda, sino tambi\u00e9n un poderoso talism\u00e1n para el crecimiento y el equilibrio personal.<\/p>","protected":false},"featured_media":174473,"comment_status":"open","ping_status":"closed","template":"","meta":{"_acf_changed":false,"_themeisle_gutenberg_block_has_review":false},"product_brand":[],"product_cat":[570,1069,1064,569,1718,1689,553],"product_tag":[],"class_list":{"0":"post-174495","1":"product","2":"type-product","3":"status-publish","4":"has-post-thumbnail","6":"product_cat-braided-bracelets-for-women","7":"product_cat-braided-bracelets-for-men","8":"product_cat-mens-jewellery","9":"product_cat-minimalist-jewellery-for-women","10":"product_cat-minimalist-jewellery-for-men","11":"product_cat-simple-bracelets","12":"product_cat-womens-jewellery","14":"first","15":"instock","16":"sale","17":"taxable","18":"shipping-taxable","19":"purchasable","20":"product-type-variable","21":"has-default-attributes"},"acf":[],"_links":{"self":[{"href":"https:\/\/trimakasi.eu\/es\/wp-json\/wp\/v2\/product\/174495","targetHints":{"allow":["GET"]}}],"collection":[{"href":"https:\/\/trimakasi.eu\/es\/wp-json\/wp\/v2\/product"}],"about":[{"href":"https:\/\/trimakasi.eu\/es\/wp-json\/wp\/v2\/types\/product"}],"replies":[{"embeddable":true,"href":"https:\/\/trimakasi.eu\/es\/wp-json\/wp\/v2\/comments?post=174495"}],"wp:featuredmedia":[{"embeddable":true,"href":"https:\/\/trimakasi.eu\/es\/wp-json\/wp\/v2\/media\/174473"}],"wp:attachment":[{"href":"https:\/\/trimakasi.eu\/es\/wp-json\/wp\/v2\/media?parent=174495"}],"wp:term":[{"taxonomy":"product_brand","embeddable":true,"href":"https:\/\/trimakasi.eu\/es\/wp-json\/wp\/v2\/product_brand?post=174495"},{"taxonomy":"product_cat","embeddable":true,"href":"https:\/\/trimakasi.eu\/es\/wp-json\/wp\/v2\/product_cat?post=174495"},{"taxonomy":"product_tag","embeddable":true,"href":"https:\/\/trimakasi.eu\/es\/wp-json\/wp\/v2\/product_tag?post=174495"}],"curies":[{"name":"wp","href":"https:\/\/api.w.org\/{rel}","templated":true}]}}