{"id":174488,"date":"2023-07-03T21:11:05","date_gmt":"2023-07-03T19:11:05","guid":{"rendered":"https:\/\/trimakasi.eu\/?post_type=product&#038;p=174488"},"modified":"2025-07-27T13:27:59","modified_gmt":"2025-07-27T11:27:59","slug":"pulsera-rondel-ojo-de-tigre","status":"publish","type":"product","link":"https:\/\/trimakasi.eu\/es\/product\/tigers-eye-rondelle-bracelet\/","title":{"rendered":"Pulsera Rondelle de ojo de tigre"},"content":{"rendered":"<h3>Ojo de tigre<\/h3>\n<p>Esta piedra preciosa, como talism\u00e1n, acompa\u00f1a a la humanidad desde la antig\u00fcedad. Durante el auge del imperio egipcio, se utilizaba en los ojos de las estatuas de los dioses egipcios, de ah\u00ed que esta piedra se ganara el apodo de \u201cojo omnisciente y omnisciente\u201d. El ojo de tigre en el antiguo Egipto expresaba divinidad y protecci\u00f3n a trav\u00e9s de la combinaci\u00f3n del poder de la tierra y el sol (Ra, el dios del sol, y Geb, el dios de la tierra y padre de todos los dioses).<\/p>\n<p>Los soldados romanos usaban un ojo de tigre en las batallas con la creencia de que les dar\u00eda valor. Esto tambi\u00e9n se asocia con el hecho de que esta piedra todav\u00eda se considera una joya masculina que devuelve a los hombres la esencia de los valientes guerreros. Tambi\u00e9n es interesante que esta piedra se valorara m\u00e1s que el oro en el siglo XVI entre las tribus africanas.<\/p>\n<p>La piedra tiene la capacidad de disipar la negatividad y su color dorado atrae prosperidad, riqueza y un estatus social significativo. Representa el sol y la tendencia asociada a &quot;estar en el centro de atenci\u00f3n&quot;. \u00a1Las vibraciones fuertes, de conexi\u00f3n a tierra y positivas de esta piedra son buenas para inducir el estado profundo de meditaci\u00f3n!<\/p>\n<p>Elemento: <strong>Tierra, fuego<\/strong><\/p>\n<p>Signo del zodiaco: <strong>Capricornio, Libra, Virgo, Leo, G\u00e9minis, Aries<\/strong><\/p>\n<p>La pulsera armoniza el chakra del plexo solar y el chakra de la ra\u00edz<\/p>\n<p><img loading=\"lazy\" decoding=\"async\" class=\"alignnone size-full wp-image-72745\" src=\"https:\/\/trimakasi.cz\/wp-content\/uploads\/2018\/07\/\u010dakra3.jpg\" alt=\"\" width=\"77\" height=\"86\" \/><img loading=\"lazy\" decoding=\"async\" class=\"alignnone size-full wp-image-72742\" src=\"https:\/\/trimakasi.cz\/wp-content\/uploads\/2018\/08\/\u010dakra1.jpg\" alt=\"Z\u00e1kladn\u00ed \u010dakra\" width=\"81\" height=\"88\" \/><\/p>\n<p><a href=\"https:\/\/trimakasi.eu\/es\/vlog\/\"><u>Visita nuestro video blog para descubrir las conexiones entre piedras preciosas, signos del zod\u00edaco, chakras y mucho m\u00e1s.<\/u><\/a><\/p>","protected":false},"excerpt":{"rendered":"<p>Una elegante pulsera de ojo de tigre disponible en dos tama\u00f1os ajustables, para mujeres y hombres, para que todos puedan encontrar su ajuste perfecto. Est\u00e1 adornada con componentes de acero inoxidable ba\u00f1ados en oro de 18 quilates, lo que garantiza un color y un brillo duraderos.<\/p>\n<p>El ojo de tigre es una piedra de protecci\u00f3n, coraje y fuerza. Conocido por sus c\u00e1lidos tonos marr\u00f3n dorado, aporta equilibrio interior y ayuda a disipar la energ\u00eda negativa. El ojo de tigre potencia la decisi\u00f3n y fortalece la fuerza de voluntad para alcanzar objetivos personales. Esta pulsera no solo es un accesorio de moda, sino tambi\u00e9n un poderoso talism\u00e1n para mejorar la fuerza interior.<\/p>","protected":false},"featured_media":174472,"comment_status":"open","ping_status":"closed","template":"","meta":{"_acf_changed":false,"_themeisle_gutenberg_block_has_review":false},"product_brand":[],"product_cat":[570,1069,1064,569,1718,1689,553],"product_tag":[],"class_list":{"0":"post-174488","1":"product","2":"type-product","3":"status-publish","4":"has-post-thumbnail","6":"product_cat-braided-bracelets-for-women","7":"product_cat-braided-bracelets-for-men","8":"product_cat-mens-jewellery","9":"product_cat-minimalist-jewellery-for-women","10":"product_cat-minimalist-jewellery-for-men","11":"product_cat-simple-bracelets","12":"product_cat-womens-jewellery","14":"first","15":"instock","16":"taxable","17":"shipping-taxable","18":"purchasable","19":"product-type-variable","20":"has-default-attributes"},"acf":[],"_links":{"self":[{"href":"https:\/\/trimakasi.eu\/es\/wp-json\/wp\/v2\/product\/174488","targetHints":{"allow":["GET"]}}],"collection":[{"href":"https:\/\/trimakasi.eu\/es\/wp-json\/wp\/v2\/product"}],"about":[{"href":"https:\/\/trimakasi.eu\/es\/wp-json\/wp\/v2\/types\/product"}],"replies":[{"embeddable":true,"href":"https:\/\/trimakasi.eu\/es\/wp-json\/wp\/v2\/comments?post=174488"}],"wp:featuredmedia":[{"embeddable":true,"href":"https:\/\/trimakasi.eu\/es\/wp-json\/wp\/v2\/media\/174472"}],"wp:attachment":[{"href":"https:\/\/trimakasi.eu\/es\/wp-json\/wp\/v2\/media?parent=174488"}],"wp:term":[{"taxonomy":"product_brand","embeddable":true,"href":"https:\/\/trimakasi.eu\/es\/wp-json\/wp\/v2\/product_brand?post=174488"},{"taxonomy":"product_cat","embeddable":true,"href":"https:\/\/trimakasi.eu\/es\/wp-json\/wp\/v2\/product_cat?post=174488"},{"taxonomy":"product_tag","embeddable":true,"href":"https:\/\/trimakasi.eu\/es\/wp-json\/wp\/v2\/product_tag?post=174488"}],"curies":[{"name":"wp","href":"https:\/\/api.w.org\/{rel}","templated":true}]}}