{"id":174330,"date":"2023-08-16T20:47:06","date_gmt":"2023-08-16T18:47:06","guid":{"rendered":"https:\/\/trimakasi.eu\/?post_type=product&#038;p=174330"},"modified":"2025-03-20T14:47:42","modified_gmt":"2025-03-20T13:47:42","slug":"conjunto-de-pulseras-de-cuarzo-cristal","status":"publish","type":"product","link":"https:\/\/trimakasi.eu\/es\/product\/crystal-quartz-bracelet-set\/","title":{"rendered":"Pulseras de cristal para almas gemelas: almas gemelas"},"content":{"rendered":"<div class=\"tab-panels\">\n<div id=\"tab-description\" class=\"woocommerce-Tabs-panel woocommerce-Tabs-panel--description panel entry-content active\" role=\"tabpanel\" aria-labelledby=\"tab-title-description\">\n<h3>Cuarzo cristal<\/h3>\n<p id=\"tw-target-text\" class=\"tw-data-text tw-ta tw-text-small\" dir=\"ltr\" data-placeholder=\"P\u0159eklad\"><span lang=\"en\" tabindex=\"0\">Protege la pureza del alma, mejora la concentraci\u00f3n, protege contra la negatividad, es apto para la meditaci\u00f3n y en general aumenta la fuerza mental.<\/span><\/p>\n<p class=\"tw-data-text tw-ta tw-text-small\" dir=\"ltr\" data-placeholder=\"P\u0159eklad\"><span lang=\"en\" tabindex=\"0\">Los nombres hist\u00f3ricos de esta piedra incluyen frases como &quot;luz helada&quot;, &quot;agua sagrada&quot; o &quot;esencia de drag\u00f3n&quot;, como se la conoce en las tradiciones china y japonesa. Los budistas lo llamaron &quot;nada visible&quot;, y los abor\u00edgenes australianos lo llamaron &quot;luz fosilizada&quot; y cre\u00edan que contiene la esencia del Gran Esp\u00edritu. En la tradici\u00f3n griega, se llamaba &quot;hielo puro&quot;, que seg\u00fan las leyendas se rompi\u00f3 en miles de pedazos despu\u00e9s de que H\u00e9rcules lo dejara caer del sagrado monte Olimpo.<\/span><\/p>\n<p id=\"tw-target-text\" class=\"tw-data-text tw-ta tw-text-small\" dir=\"ltr\" data-placeholder=\"P\u0159eklad\"><span lang=\"en\" tabindex=\"0\">Elemento:<strong> Tierra, Fuego, Agua, Aire<\/strong><\/span><\/p>\n<p class=\"tw-data-text tw-ta tw-text-small\" dir=\"ltr\" data-placeholder=\"P\u0159eklad\"><span lang=\"en\" tabindex=\"0\">Signo del zodiaco: <strong>Adecuado para todos los signos.<\/strong><\/span><\/p>\n<p>La pulsera armoniza todos los chakras pero principalmente el chakra de la corona:<\/p>\n<p><a href=\"https:\/\/trimakasi.eu\/wp-content\/uploads\/crown-chakra.jpg\"><img loading=\"lazy\" decoding=\"async\" class=\"alignnone wp-image-132743\" src=\"https:\/\/trimakasi.eu\/wp-content\/uploads\/crown-chakra.jpg\" alt=\"\" width=\"80\" height=\"89\" srcset=\"https:\/\/trimakasi.eu\/wp-content\/uploads\/crown-chakra.jpg 92w, https:\/\/trimakasi.eu\/wp-content\/uploads\/crown-chakra-11x12.jpg 11w\" sizes=\"auto, (max-width: 80px) 100vw, 80px\" \/><\/a><\/p>\n<p><a href=\"https:\/\/trimakasi.eu\/es\/vlog\/\"><u>Visita nuestro video blog para descubrir las conexiones entre piedras preciosas, signos del zod\u00edaco, chakras y mucho m\u00e1s.<\/u><\/a><\/p>\n<\/div>\n<\/div>","protected":false},"excerpt":{"rendered":"<p>Dos piezas de joyer\u00eda, dos corazones que laten en armon\u00eda, simbolizando la conexi\u00f3n eterna de almas gemelas que siempre encuentran el camino el uno hacia el otro.<\/p>\n<p>Este conjunto incluye dos pulseras de cord\u00f3n de seda unisex, adornadas con piedras de cristal Herkimer naturales.<\/p>\n<p>\u00dasalos como recordatorio del apoyo mutuo, el amor y el v\u00ednculo inquebrantable que supera todos los obst\u00e1culos.<\/p>\n<p>Las pulseras son ajustables, lo que garantiza un ajuste perfecto para cada persona. Vienen presentadas en una tarjeta de regalo hecha de papel reciclado.<\/p>","protected":false},"featured_media":174337,"comment_status":"open","ping_status":"closed","template":"","meta":{"_acf_changed":false,"_themeisle_gutenberg_block_has_review":false},"product_brand":[],"product_cat":[1686,1152,569,1316,1689,553],"product_tag":[],"class_list":{"0":"post-174330","1":"product","2":"type-product","3":"status-publish","4":"has-post-thumbnail","6":"product_cat-jewellery-sets","7":"product_cat-couples-bracelets","8":"product_cat-minimalist-jewellery-for-women","9":"product_cat-rare-gemstone-bracelets","10":"product_cat-simple-bracelets","11":"product_cat-womens-jewellery","13":"first","14":"instock","15":"taxable","16":"shipping-taxable","17":"purchasable","18":"product-type-simple"},"acf":[],"_links":{"self":[{"href":"https:\/\/trimakasi.eu\/es\/wp-json\/wp\/v2\/product\/174330","targetHints":{"allow":["GET"]}}],"collection":[{"href":"https:\/\/trimakasi.eu\/es\/wp-json\/wp\/v2\/product"}],"about":[{"href":"https:\/\/trimakasi.eu\/es\/wp-json\/wp\/v2\/types\/product"}],"replies":[{"embeddable":true,"href":"https:\/\/trimakasi.eu\/es\/wp-json\/wp\/v2\/comments?post=174330"}],"wp:featuredmedia":[{"embeddable":true,"href":"https:\/\/trimakasi.eu\/es\/wp-json\/wp\/v2\/media\/174337"}],"wp:attachment":[{"href":"https:\/\/trimakasi.eu\/es\/wp-json\/wp\/v2\/media?parent=174330"}],"wp:term":[{"taxonomy":"product_brand","embeddable":true,"href":"https:\/\/trimakasi.eu\/es\/wp-json\/wp\/v2\/product_brand?post=174330"},{"taxonomy":"product_cat","embeddable":true,"href":"https:\/\/trimakasi.eu\/es\/wp-json\/wp\/v2\/product_cat?post=174330"},{"taxonomy":"product_tag","embeddable":true,"href":"https:\/\/trimakasi.eu\/es\/wp-json\/wp\/v2\/product_tag?post=174330"}],"curies":[{"name":"wp","href":"https:\/\/api.w.org\/{rel}","templated":true}]}}