{"id":174185,"date":"2024-01-10T22:54:43","date_gmt":"2024-01-10T21:54:43","guid":{"rendered":"https:\/\/trimakasi.eu\/?post_type=product&#038;p=174185"},"modified":"2025-06-06T19:22:17","modified_gmt":"2025-06-06T17:22:17","slug":"pulsera-hombre-turmalina-negra-bruta","status":"publish","type":"product","link":"https:\/\/trimakasi.eu\/es\/product\/mens-raw-black-tourmaline-bracelet\/","title":{"rendered":"Pulsera de macram\u00e9 con turmalina de hombre de color negro"},"content":{"rendered":"<h3>Turmalina negra<\/h3>\n<p>La turmalina es un mineral t\u00edpico que proviene de las altas temperaturas y presiones en el n\u00facleo de la tierra, y llega a la superficie por la actividad volc\u00e1nica. Una antigua leyenda egipcia menciona cu\u00e1nto tiempo tuvo que viajar la turmalina desde el n\u00facleo de la tierra para llegar a su superficie. Tambi\u00e9n est\u00e1 escrito en esta leyenda que la turmalina atraves\u00f3 el arco iris y, por lo tanto, aparece en muchos colores. Esto no est\u00e1 lejos de la verdad, porque esta gema puede presentarse en muchos colores y matices.<\/p>\n<p><span lang=\"en\" tabindex=\"0\">El \u00f3nix negro, la turmalina negra y la obsidiana negra se consideran piedras protectoras tradicionales debido a su color oscuro. Pueden rodearte de una atm\u00f3sfera protectora que absorba toda la negatividad de tu entorno. Sobre todo, ayudan a superar los patrones de pensamiento negativos que surgen de las emociones m\u00e1s debilitantes y t\u00f3xicas: el miedo.<\/span><\/p>\n<p>Seg\u00fan las leyendas, la turmalina negra se conoce como &quot;piedra limpiadora&quot; por su capacidad para limpiar el cuerpo y el alma de la negatividad. Todav\u00eda es utilizado por varios chamanes y druidas en todo el mundo, especialmente en tribus nativas de \u00c1frica y Am\u00e9rica, como piedra angular de sus rituales de curaci\u00f3n contra enfermedades mentales y f\u00edsicas.<\/p>\n<p>Elemento: <strong>Agua<\/strong><\/p>\n<p>Signos del zodiaco: <strong>Capricornio, G\u00e9minis, Escorpio y Libra<\/strong><\/p>\n<p>Esta pulsera armoniza el chakra de la ra\u00edz.<\/p>\n<p><img loading=\"lazy\" decoding=\"async\" class=\"alignnone wp-image-72742\" src=\"https:\/\/trimakasi.cz\/wp-content\/uploads\/2018\/08\/\u010dakra1.jpg\" alt=\"Z\u00e1kladn\u00ed \u010dakra\" width=\"66\" height=\"72\" \/><\/p>\n<p><a href=\"https:\/\/trimakasi.eu\/es\/vlog\/\"><u>Visita nuestro video blog para descubrir las conexiones entre piedras preciosas, signos del zod\u00edaco, chakras y mucho m\u00e1s.<\/u><\/a><\/p>","protected":false},"excerpt":{"rendered":"<p>Abraza la energ\u00eda protectora de nuestra pulsera de macram\u00e9 de turmalina negra para hombre, \u00a1un accesorio duradero y c\u00f3modo que nunca querr\u00e1s quitarte!<\/p>\n<p>Cada pulsera est\u00e1 elaborada por expertos con cord\u00f3n de nailon negro de alta calidad y cuenta con turmalina negra, una piedra preciosa en bruto. Como cada cristal es de origen natural, \u00a1cada pieza es \u00fanica!<\/p>\n<p>\u00bfPreocupado por el tama\u00f1o? \u00a1No es un problema! Nuestras pulseras son ajustables para adaptarse perfectamente a todos.<\/p>\n<p>\u00a1Descubre m\u00e1s sobre las propiedades \u00fanicas de la turmalina negra a continuaci\u00f3n!<\/p>","protected":false},"featured_media":174190,"comment_status":"open","ping_status":"closed","template":"","meta":{"_acf_changed":false,"_themeisle_gutenberg_block_has_review":false},"product_brand":[],"product_cat":[1688,1069,1064,1718],"product_tag":[],"class_list":{"0":"post-174185","1":"product","2":"type-product","3":"status-publish","4":"has-post-thumbnail","6":"product_cat-braided-bracelets","7":"product_cat-braided-bracelets-for-men","8":"product_cat-mens-jewellery","9":"product_cat-minimalist-jewellery-for-men","11":"first","12":"instock","13":"taxable","14":"shipping-taxable","15":"purchasable","16":"product-type-simple"},"acf":[],"_links":{"self":[{"href":"https:\/\/trimakasi.eu\/es\/wp-json\/wp\/v2\/product\/174185","targetHints":{"allow":["GET"]}}],"collection":[{"href":"https:\/\/trimakasi.eu\/es\/wp-json\/wp\/v2\/product"}],"about":[{"href":"https:\/\/trimakasi.eu\/es\/wp-json\/wp\/v2\/types\/product"}],"replies":[{"embeddable":true,"href":"https:\/\/trimakasi.eu\/es\/wp-json\/wp\/v2\/comments?post=174185"}],"wp:featuredmedia":[{"embeddable":true,"href":"https:\/\/trimakasi.eu\/es\/wp-json\/wp\/v2\/media\/174190"}],"wp:attachment":[{"href":"https:\/\/trimakasi.eu\/es\/wp-json\/wp\/v2\/media?parent=174185"}],"wp:term":[{"taxonomy":"product_brand","embeddable":true,"href":"https:\/\/trimakasi.eu\/es\/wp-json\/wp\/v2\/product_brand?post=174185"},{"taxonomy":"product_cat","embeddable":true,"href":"https:\/\/trimakasi.eu\/es\/wp-json\/wp\/v2\/product_cat?post=174185"},{"taxonomy":"product_tag","embeddable":true,"href":"https:\/\/trimakasi.eu\/es\/wp-json\/wp\/v2\/product_tag?post=174185"}],"curies":[{"name":"wp","href":"https:\/\/api.w.org\/{rel}","templated":true}]}}