{"id":173915,"date":"2023-01-25T19:46:50","date_gmt":"2023-01-25T18:46:50","guid":{"rendered":"https:\/\/trimakasi.eu\/?post_type=product&#038;p=173915"},"modified":"2025-09-11T09:05:54","modified_gmt":"2025-09-11T07:05:54","slug":"collar-cuarzo-rosa-gota-de-amor","status":"publish","type":"product","link":"https:\/\/trimakasi.eu\/es\/product\/rose-quartz-necklace-drop-of-love\/","title":{"rendered":"Collar cuarzo rosa \u2013 Gota de Amor"},"content":{"rendered":"<h3>Cuarzo rosa<\/h3>\n<p>Esta piedra es un s\u00edmbolo de amor, belleza y buena salud. Esta piedra nos ense\u00f1a paciencia en la soluci\u00f3n de problemas, amor propio y da fuerza para perdonar a quienes nos lastimaron. Revive la fantas\u00eda y el pensamiento creativo.<\/p>\n<p id=\"tw-target-text\" class=\"tw-data-text tw-ta tw-text-small\" dir=\"ltr\" data-placeholder=\"Translation\"><span lang=\"en\" tabindex=\"0\">Elemento:\u00a0<strong>tierra<\/strong><\/span><\/p>\n<p class=\"tw-data-text tw-ta tw-text-small\" dir=\"ltr\" data-placeholder=\"Translation\"><span lang=\"en\" tabindex=\"0\">Signos del zodiaco:\u00a0<strong>Leo, Escorpio, Aries, C\u00e1ncer, Tauro, Capricornio<\/strong><\/span><\/p>\n<p>La pulsera armoniza el chakra del coraz\u00f3n.<\/p>\n<p><img loading=\"lazy\" decoding=\"async\" class=\"alignnone size-full wp-image-83566\" src=\"https:\/\/trimakasi.eu\/wp-content\/uploads\/2020\/07\/\u010dakra4.jpg\" alt=\"\" width=\"79\" height=\"93\" srcset=\"https:\/\/trimakasi.eu\/wp-content\/uploads\/2020\/07\/\u010dakra4.jpg 79w, https:\/\/trimakasi.eu\/wp-content\/uploads\/2020\/07\/\u010dakra4-10x12.jpg 10w\" sizes=\"auto, (max-width: 79px) 100vw, 79px\" \/><\/p>\n<p><a href=\"https:\/\/trimakasi.eu\/es\/vlog\/\"><u>Visita nuestro video blog para descubrir las conexiones entre piedras preciosas, signos del zod\u00edaco, chakras y mucho m\u00e1s.<\/u><\/a><\/p>","protected":false},"excerpt":{"rendered":"<p>El Collar Cuarzo Rosa \u201cDrop of Love\u201d es un s\u00edmbolo de elegancia y delicadeza para toda mujer moderna. La forma de gota y el facetado preciso la convierten en una pieza de joyer\u00eda que seguramente encantar\u00e1 por su belleza \u00fanica.<\/p>\n<p>Son estos peque\u00f1os gestos, estas peque\u00f1as gotas de amor, los que convierten momentos cotidianos en experiencias inolvidables y forman la base de relaciones s\u00f3lidas llenas de comprensi\u00f3n mutua y empat\u00eda.<\/p>\n<p>La cadena es ajustable en longitud de 46 a 52 cm, est\u00e1 hecha de acero inoxidable y recubierta de oro genuino de 18 quilates mediante el m\u00e9todo PVD para una mayor durabilidad. Las dimensiones de la piedra minimalista son aproximadamente 0,6 x 1,2 cm. El collar viene en una lujosa caja rosa con el logotipo de Trimakasi, lo que lo convierte en un regalo perfecto.<\/p>","protected":false},"featured_media":173879,"comment_status":"open","ping_status":"closed","template":"","meta":{"_acf_changed":false,"_themeisle_gutenberg_block_has_review":false},"product_brand":[],"product_cat":[569,1690,1149,553],"product_tag":[],"class_list":{"0":"post-173915","1":"product","2":"type-product","3":"status-publish","4":"has-post-thumbnail","6":"product_cat-minimalist-jewellery-for-women","7":"product_cat-necklaces","8":"product_cat-necklaces-for-women","9":"product_cat-womens-jewellery","11":"first","12":"outofstock","13":"taxable","14":"shipping-taxable","15":"purchasable","16":"product-type-variable","17":"has-default-attributes"},"acf":[],"_links":{"self":[{"href":"https:\/\/trimakasi.eu\/es\/wp-json\/wp\/v2\/product\/173915","targetHints":{"allow":["GET"]}}],"collection":[{"href":"https:\/\/trimakasi.eu\/es\/wp-json\/wp\/v2\/product"}],"about":[{"href":"https:\/\/trimakasi.eu\/es\/wp-json\/wp\/v2\/types\/product"}],"replies":[{"embeddable":true,"href":"https:\/\/trimakasi.eu\/es\/wp-json\/wp\/v2\/comments?post=173915"}],"wp:featuredmedia":[{"embeddable":true,"href":"https:\/\/trimakasi.eu\/es\/wp-json\/wp\/v2\/media\/173879"}],"wp:attachment":[{"href":"https:\/\/trimakasi.eu\/es\/wp-json\/wp\/v2\/media?parent=173915"}],"wp:term":[{"taxonomy":"product_brand","embeddable":true,"href":"https:\/\/trimakasi.eu\/es\/wp-json\/wp\/v2\/product_brand?post=173915"},{"taxonomy":"product_cat","embeddable":true,"href":"https:\/\/trimakasi.eu\/es\/wp-json\/wp\/v2\/product_cat?post=173915"},{"taxonomy":"product_tag","embeddable":true,"href":"https:\/\/trimakasi.eu\/es\/wp-json\/wp\/v2\/product_tag?post=173915"}],"curies":[{"name":"wp","href":"https:\/\/api.w.org\/{rel}","templated":true}]}}