{"id":166019,"date":"2023-05-12T20:02:52","date_gmt":"2023-05-12T18:02:52","guid":{"rendered":"https:\/\/trimakasi.eu\/?post_type=product&#038;p=166019"},"modified":"2025-02-04T10:58:45","modified_gmt":"2025-02-04T09:58:45","slug":"collar-mala-con-piedra-de-lava","status":"publish","type":"product","link":"https:\/\/trimakasi.eu\/es\/product\/mala-necklace-with-lava-stone\/","title":{"rendered":"Collar mala con piedra de lava"},"content":{"rendered":"<h3><a href=\"https:\/\/trimakasi.eu\/es\/product\/piedra-de-lava\/\">Piedra de lava<\/a><\/h3>\n<p>Gracias a la estructura porosa natural de estas piedras, a veces llamadas vulkanita, nunca encontrar\u00e1s dos cuentas id\u00e9nticas. La lava proviene directamente del n\u00facleo de la tierra, y su significado espiritual se trata de conectarse a tierra y conectarse con la naturaleza. Los nativos americanos usaron un trozo de piedra de lava en las batallas porque cre\u00edan que su poder les brindar\u00eda coraje y fuerza.<\/p>\n<p>La piedra de lava tambi\u00e9n recibe el sobrenombre de \u201cLa piedra del renacimiento\u201d porque tiene la capacidad de ayudar a quienes la usan a deshacerse de emociones innecesarias y malsanas. La piedra de lava nos mantiene estables mentalmente y nos ayuda a bajar la ira. El efecto de puesta a tierra de piedra de lava tambi\u00e9n se utiliza, por ejemplo, para masajes.<\/p>\n<h3><a href=\"https:\/\/trimakasi.eu\/es\/product\/jaspe-dragon-sangre\/\">Sangre de drag\u00f3n jaspe<\/a><\/h3>\n<p>Los dep\u00f3sitos m\u00e1s importantes de esta piedra se encuentran en Australia. Los ind\u00edgenas de este continente cre\u00edan que se trataba de un vestigio fosilizado de antiguos dragones fallecidos, poderosas criaturas de piel verde y sangre rojo oscuro.<\/p>\n<p>&quot;El drag\u00f3n no puede ser domesticado, es una bestia salvaje y desencadenada, un gran aliado y un enemigo peligroso&quot;. Seg\u00fan las leyendas mencionadas, el portador de esta piedra obtendr\u00e1 estas propiedades de drag\u00f3n.<\/p>\n<p>Este mineral tiene una s\u00f3lida reputaci\u00f3n por estimular la fuerza vital f\u00edsica y mental, el coraje y la vitalidad. Tambi\u00e9n puede ayudar a la persona que lo us\u00f3 a lograr sus objetivos y deshacerse de adicciones no rentables.<\/p>\n<p>Al vincular el chakra ra\u00edz y el chakra del coraz\u00f3n, esta piedra estimula el coraje y la lucha por lo correcto. Puede ayudar a manifestar el deseo del coraz\u00f3n en el mundo f\u00edsico.<\/p>\n<h3 class=\"LC20lb\"><a href=\"https:\/\/trimakasi.eu\/es\/product\/ojo-de-tigre\/\">Ojo de tigre rojo<\/a><\/h3>\n<p>La piedra tiene la capacidad de disipar la negatividad y su color dorado atrae prosperidad, riqueza y un estatus social significativo. Representa el sol y la tendencia asociada a &quot;estar en el centro de atenci\u00f3n&quot;.<\/p>\n<p>Signo del zodiaco:<strong> Beneficioso para todos los signos del zod\u00edaco.<\/strong><\/p>\n<p>Elemento:<strong> Fuego, tierra<\/strong><\/p>\n<p>Collar armoniza el chakra ra\u00edz y el chakra del coraz\u00f3n.<\/p>\n<p><a href=\"https:\/\/trimakasi.eu\/wp-content\/uploads\/\u010dakra1.jpg\"><img loading=\"lazy\" decoding=\"async\" class=\"alignnone size-full wp-image-138513\" src=\"https:\/\/trimakasi.eu\/wp-content\/uploads\/\u010dakra1.jpg\" alt=\"Chakra de la ra\u00edz\" width=\"81\" height=\"88\" srcset=\"https:\/\/trimakasi.eu\/wp-content\/uploads\/\u010dakra1.jpg 81w, https:\/\/trimakasi.eu\/wp-content\/uploads\/\u010dakra1-11x12.jpg 11w\" sizes=\"auto, (max-width: 81px) 100vw, 81px\" \/> <\/a><a href=\"https:\/\/trimakasi.eu\/wp-content\/uploads\/2020\/07\/\u010dakra4.jpg\"><img loading=\"lazy\" decoding=\"async\" class=\"alignnone size-full wp-image-83566\" src=\"https:\/\/trimakasi.eu\/wp-content\/uploads\/2020\/07\/\u010dakra4.jpg\" alt=\"Chakra del coraz\u00f3n\" width=\"79\" height=\"93\" srcset=\"https:\/\/trimakasi.eu\/wp-content\/uploads\/2020\/07\/\u010dakra4.jpg 79w, https:\/\/trimakasi.eu\/wp-content\/uploads\/2020\/07\/\u010dakra4-10x12.jpg 10w\" sizes=\"auto, (max-width: 79px) 100vw, 79px\" \/><\/a><\/p>\n<p><a href=\"https:\/\/trimakasi.eu\/es\/vlog\/\"><u>Visita nuestro video blog para descubrir las conexiones entre piedras preciosas, signos del zod\u00edaco, chakras y mucho m\u00e1s.<\/u><\/a><\/p>\n<p>&nbsp;<\/p>","protected":false},"excerpt":{"rendered":"<p>Descubra el poder espiritual y el estilo en nuestro exclusivo collar Mala, magistralmente elaborado con piedra de lava, ojo de tigre rojo y jaspe de sangre de drag\u00f3n.<\/p>\n<p>Este collar de cuentas no es solo una pieza de joyer\u00eda, sino una herramienta de meditaci\u00f3n que refleja ense\u00f1anzas antiguas sobre la fuerza de los elementos naturales y su impacto en nuestro cuerpo y alma.<\/p>\n<p>El dise\u00f1o sin costuras del collar permite colocarlo directamente sobre la cabeza. La longitud del collar es de 69 cm.<\/p>\n<p>Obtenga m\u00e1s informaci\u00f3n sobre el collar y las piedras utilizadas a continuaci\u00f3n.<\/p>","protected":false},"featured_media":165856,"comment_status":"open","ping_status":"closed","template":"","meta":{"_acf_changed":false,"_themeisle_gutenberg_block_has_review":false},"product_brand":[],"product_cat":[1064,1690,1150],"product_tag":[],"class_list":{"0":"post-166019","1":"product","2":"type-product","3":"status-publish","4":"has-post-thumbnail","6":"product_cat-mens-jewellery","7":"product_cat-necklaces","8":"product_cat-necklaces-for-men","10":"first","11":"outofstock","12":"taxable","13":"shipping-taxable","14":"purchasable","15":"product-type-simple"},"acf":[],"_links":{"self":[{"href":"https:\/\/trimakasi.eu\/es\/wp-json\/wp\/v2\/product\/166019","targetHints":{"allow":["GET"]}}],"collection":[{"href":"https:\/\/trimakasi.eu\/es\/wp-json\/wp\/v2\/product"}],"about":[{"href":"https:\/\/trimakasi.eu\/es\/wp-json\/wp\/v2\/types\/product"}],"replies":[{"embeddable":true,"href":"https:\/\/trimakasi.eu\/es\/wp-json\/wp\/v2\/comments?post=166019"}],"wp:featuredmedia":[{"embeddable":true,"href":"https:\/\/trimakasi.eu\/es\/wp-json\/wp\/v2\/media\/165856"}],"wp:attachment":[{"href":"https:\/\/trimakasi.eu\/es\/wp-json\/wp\/v2\/media?parent=166019"}],"wp:term":[{"taxonomy":"product_brand","embeddable":true,"href":"https:\/\/trimakasi.eu\/es\/wp-json\/wp\/v2\/product_brand?post=166019"},{"taxonomy":"product_cat","embeddable":true,"href":"https:\/\/trimakasi.eu\/es\/wp-json\/wp\/v2\/product_cat?post=166019"},{"taxonomy":"product_tag","embeddable":true,"href":"https:\/\/trimakasi.eu\/es\/wp-json\/wp\/v2\/product_tag?post=166019"}],"curies":[{"name":"wp","href":"https:\/\/api.w.org\/{rel}","templated":true}]}}