{"id":166008,"date":"2021-01-12T13:54:29","date_gmt":"2021-01-12T12:54:29","guid":{"rendered":"https:\/\/trimakasi.eu\/?post_type=product&#038;p=166008"},"modified":"2026-03-14T14:43:12","modified_gmt":"2026-03-14T13:43:12","slug":"collar-tridente-para-hombre","status":"publish","type":"product","link":"https:\/\/trimakasi.eu\/es\/product\/trident-necklace-for-men\/","title":{"rendered":"Collar tridente para hombre"},"content":{"rendered":"<h3>Collar tridente<\/h3>\n<p>El Tridente: El majestuoso s\u00edmbolo de Poseid\u00f3n, el antiguo dios griego de los mares, encarna poder y dominio. Este instrumento permiti\u00f3 a Poseid\u00f3n controlar los oc\u00e9anos, conjurar olas y tormentas y cambiar continentes. Como emblema de la mitolog\u00eda griega, el tridente es un poderoso recordatorio de una era repleta de dioses y h\u00e9roes, con sus vidas entretejidas en historias llenas de aventuras. Llevar el tridente te permite conectarte con esta mitolog\u00eda antigua, celebrando una \u00e9poca de mitos y leyendas.<\/p>","protected":false},"excerpt":{"rendered":"<p>Collar de hombre &#039;Tridente&#039;: s\u00edmbolo del poder de Poseid\u00f3n, el gobernante de los mares. En manos de Poseid\u00f3n, el tridente era un s\u00edmbolo de poder y dominio. Ahora puede servirte como amuleto, encarnando la fuerza interior y conect\u00e1ndote con la historia antigua\u201d.<\/p>\n<p>La longitud de la cadena es ajustable de 61 a 66 cm y el collar se entregar\u00e1 en una bolsa protectora de ante con el logo de Trimakasi.<\/p>\n<p>Joyas extremadamente duraderas; material de la cadena:<\/p>\n<p>Variante plata: acero inoxidable pulido.<\/p>\n<p>Variante de oro: acero inoxidable ba\u00f1ado en oro con PVD de oro de 18 quilates<\/p>","protected":false},"featured_media":165825,"comment_status":"closed","ping_status":"closed","template":"","meta":{"_acf_changed":false,"_themeisle_gutenberg_block_has_review":false},"product_brand":[],"product_cat":[1064,1150,1690],"product_tag":[],"class_list":{"0":"post-166008","1":"product","2":"type-product","3":"status-publish","4":"has-post-thumbnail","6":"product_cat-mens-jewellery","7":"product_cat-necklaces-for-men","8":"product_cat-necklaces","10":"first","11":"instock","12":"taxable","13":"shipping-taxable","14":"purchasable","15":"product-type-variable","16":"has-default-attributes"},"acf":[],"_links":{"self":[{"href":"https:\/\/trimakasi.eu\/es\/wp-json\/wp\/v2\/product\/166008","targetHints":{"allow":["GET"]}}],"collection":[{"href":"https:\/\/trimakasi.eu\/es\/wp-json\/wp\/v2\/product"}],"about":[{"href":"https:\/\/trimakasi.eu\/es\/wp-json\/wp\/v2\/types\/product"}],"replies":[{"embeddable":true,"href":"https:\/\/trimakasi.eu\/es\/wp-json\/wp\/v2\/comments?post=166008"}],"wp:featuredmedia":[{"embeddable":true,"href":"https:\/\/trimakasi.eu\/es\/wp-json\/wp\/v2\/media\/165825"}],"wp:attachment":[{"href":"https:\/\/trimakasi.eu\/es\/wp-json\/wp\/v2\/media?parent=166008"}],"wp:term":[{"taxonomy":"product_brand","embeddable":true,"href":"https:\/\/trimakasi.eu\/es\/wp-json\/wp\/v2\/product_brand?post=166008"},{"taxonomy":"product_cat","embeddable":true,"href":"https:\/\/trimakasi.eu\/es\/wp-json\/wp\/v2\/product_cat?post=166008"},{"taxonomy":"product_tag","embeddable":true,"href":"https:\/\/trimakasi.eu\/es\/wp-json\/wp\/v2\/product_tag?post=166008"}],"curies":[{"name":"wp","href":"https:\/\/api.w.org\/{rel}","templated":true}]}}