{"id":165982,"date":"2022-11-09T08:27:16","date_gmt":"2022-11-09T07:27:16","guid":{"rendered":"https:\/\/trimakasi.eu\/?post_type=product&#038;p=165982"},"modified":"2025-08-16T18:50:02","modified_gmt":"2025-08-16T16:50:02","slug":"collar-de-colmillos-de-labradorita-para-hombre","status":"publish","type":"product","link":"https:\/\/trimakasi.eu\/es\/product\/labradorite-fang-necklace-for-men\/","title":{"rendered":"Collar de colmillos de labradorita para hombre"},"content":{"rendered":"<p>&nbsp;<\/p>\n<h3>Labradorita - Piedra de Aurora Boreal<\/h3>\n<p id=\"tw-target-text\" class=\"tw-data-text tw-ta tw-text-small\" dir=\"ltr\" data-placeholder=\"P\u0159eklad\"><span lang=\"en\" tabindex=\"0\">La labradorita se ha convertido en una piedra muy popular entre personas de todo el mundo en todos los niveles de su viaje espiritual. Es una piedra de chamanes, druidas, curanderos y todos los que buscan una comprensi\u00f3n m\u00e1s profunda de este mundo y un conocimiento espiritual m\u00e1s profundo. La labradorita enciende el fuego de la imaginaci\u00f3n creativa y calma la mente del miedo y la ansiedad. <\/span><\/p>\n<p class=\"tw-data-text tw-ta tw-text-small\" dir=\"ltr\" data-placeholder=\"P\u0159eklad\"><span lang=\"en\" tabindex=\"0\">Seg\u00fan las leyendas de las tribus ind\u00edgenas inuit, la labradorita se cre\u00f3 al caer de la aurora boreal, la luz misteriosa que separa el &quot;mundo real&quot; del mundo detr\u00e1s de la cortina. La labradorita es un poderoso protector del aura humana, evitando la fuga de su energ\u00eda y cualquier drenaje de su energ\u00eda personal.<\/span><\/p>\n<p>Elemento: <strong>Agua<\/strong><\/p>\n<p>Signos del zodiaco:<strong> Libra, C\u00e1ncer, Capricornio<\/strong><\/p>\n<p>La pulsera armoniza todos los chakras.<\/p>\n<p><a href=\"https:\/\/trimakasi.eu\/es\/vlog\/\"><u>Visita nuestro video blog para descubrir las conexiones entre piedras preciosas, signos del zod\u00edaco, chakras y mucho m\u00e1s.<\/u><\/a><\/p>","protected":false},"excerpt":{"rendered":"<p>Colmillo de labradorita: s\u00edmbolo de fuerza, coraje y determinaci\u00f3n. El colgante de labradorita recuerda por su forma \u00fanica al colmillo de un depredador.<\/p>\n<p>Fabricado en acero inoxidable con revestimiento de PVD negro, que garantiza durabilidad y longevidad.<\/p>\n<p>Elija una longitud de cadena de 69 u 80 cm. El collar se entregar\u00e1 en una bolsa protectora de ante con el logo de Trimakasi.<\/p>\n<p>El regalo perfecto para los hombres que quieren un collar discreto pero elegante.<\/p>","protected":false},"featured_media":165824,"comment_status":"open","ping_status":"closed","template":"","meta":{"_acf_changed":false,"_themeisle_gutenberg_block_has_review":false},"product_brand":[],"product_cat":[1064,1150,1690],"product_tag":[],"class_list":{"0":"post-165982","1":"product","2":"type-product","3":"status-publish","4":"has-post-thumbnail","6":"product_cat-mens-jewellery","7":"product_cat-necklaces-for-men","8":"product_cat-necklaces","10":"first","11":"outofstock","12":"taxable","13":"shipping-taxable","14":"purchasable","15":"product-type-variable","16":"has-default-attributes"},"acf":[],"_links":{"self":[{"href":"https:\/\/trimakasi.eu\/es\/wp-json\/wp\/v2\/product\/165982","targetHints":{"allow":["GET"]}}],"collection":[{"href":"https:\/\/trimakasi.eu\/es\/wp-json\/wp\/v2\/product"}],"about":[{"href":"https:\/\/trimakasi.eu\/es\/wp-json\/wp\/v2\/types\/product"}],"replies":[{"embeddable":true,"href":"https:\/\/trimakasi.eu\/es\/wp-json\/wp\/v2\/comments?post=165982"}],"wp:featuredmedia":[{"embeddable":true,"href":"https:\/\/trimakasi.eu\/es\/wp-json\/wp\/v2\/media\/165824"}],"wp:attachment":[{"href":"https:\/\/trimakasi.eu\/es\/wp-json\/wp\/v2\/media?parent=165982"}],"wp:term":[{"taxonomy":"product_brand","embeddable":true,"href":"https:\/\/trimakasi.eu\/es\/wp-json\/wp\/v2\/product_brand?post=165982"},{"taxonomy":"product_cat","embeddable":true,"href":"https:\/\/trimakasi.eu\/es\/wp-json\/wp\/v2\/product_cat?post=165982"},{"taxonomy":"product_tag","embeddable":true,"href":"https:\/\/trimakasi.eu\/es\/wp-json\/wp\/v2\/product_tag?post=165982"}],"curies":[{"name":"wp","href":"https:\/\/api.w.org\/{rel}","templated":true}]}}