{"id":165967,"date":"2023-08-06T18:44:46","date_gmt":"2023-08-06T16:44:46","guid":{"rendered":"https:\/\/trimakasi.eu\/?post_type=product&#038;p=165967"},"modified":"2025-11-11T20:00:00","modified_gmt":"2025-11-11T19:00:00","slug":"pulsera-de-cuarzo-cristal","status":"publish","type":"product","link":"https:\/\/trimakasi.eu\/es\/product\/crystal-quartz-bracelet\/","title":{"rendered":"Pulsera de cuarzo cristal"},"content":{"rendered":"<h3>Cuarzo cristal de energ\u00eda de monta\u00f1a \u2013 Cuarzo Nirvana \u2013 propiedades<\/h3>\n<p>Es un tipo de cuarzo que se descubri\u00f3 recientemente (en 2006) despu\u00e9s de que los glaciares del Himalaya se derritieran como resultado del calentamiento global.<br \/>\nLos abor\u00edgenes de esta zona creen que estos cristales conservan el conocimiento de todos los maestros budistas que han vivido en esta zona. Se dice que estos cristales pueden ayudar a inducir un estado de iluminaci\u00f3n budista, es decir. nirvana. El segundo<span lang=\"en\" tabindex=\"0\">Los rystals generalmente despiertan la energ\u00eda latente tanto a nivel f\u00edsico como mental y desbloquean el potencial oculto en las personas. Tambi\u00e9n es una gran piedra para la meditaci\u00f3n porque aporta una conexi\u00f3n mental m\u00e1s profunda.<\/span><\/p>\n<p><span lang=\"en\" tabindex=\"0\">Hist\u00f3ricamente, el cuarzo fue apodado como &quot;luz helada&quot;, &quot;agua sagrada&quot; o &quot;esencia de drag\u00f3n&quot;. Los budistas han etiquetado esta piedra como &quot;nada visible&quot;, y los australianos la llaman &quot;luz fosilizada&quot; y creen que contiene el Gran Esp\u00edritu. En la tradici\u00f3n griega, se llamaba &quot;hielo puro&quot;; seg\u00fan la leyenda, se rompi\u00f3 en miles de pedazos despu\u00e9s de que H\u00e9rcules lo dejara caer del monte Olimpo.<\/span><\/p>\n<p><span lang=\"en\" tabindex=\"0\">Elemento: <strong>Tierra, Fuego, Agua, Aire<\/strong><\/span><\/p>\n<p>Signo del zodiaco: <strong>El cuarzo de monta\u00f1a es beneficioso para cada signo del zod\u00edaco.<\/strong><\/p>\n<p>La pulsera armoniza todos los chakras pero principalmente el chakra de la corona:<\/p>\n<p><img loading=\"lazy\" decoding=\"async\" class=\"alignnone wp-image-72749\" src=\"https:\/\/trimakasi.cz\/wp-content\/uploads\/2018\/07\/\u010dakra7.jpg\" alt=\"Korunn\u00ed \u010dakra\" width=\"68\" height=\"75\" \/>\u00a0<u><\/u><\/p>\n<p><a href=\"https:\/\/trimakasi.eu\/es\/vlog\/\"><u>Visita nuestro video blog para descubrir las conexiones entre piedras preciosas, signos del zod\u00edaco, chakras y mucho m\u00e1s.<\/u><\/a><\/p>","protected":false},"excerpt":{"rendered":"<p>Nuestra pulsera de cuarzo con cristal de monta\u00f1a es una celebraci\u00f3n de los contrastes naturales, con cuarzo luminoso con inclusiones minerales oscuras \u00fanicas. Es una encarnaci\u00f3n de la majestuosa belleza de la monta\u00f1a, ofreciendo claridad y misterio en una sola pieza. Deja que esta pulsera sea tu conexi\u00f3n personal con el mundo natural; Encuentre m\u00e1s informaci\u00f3n sobre el cuarzo de monta\u00f1a a continuaci\u00f3n.<\/p>\n<p>Elija una pulsera por su tama\u00f1o y por el color de la \u00faltima cuenta.\u00a0<a href=\"https:\/\/trimakasi.eu\/es\/como-elegir-la-talla-de-pulsera\/\">Las instrucciones sobre c\u00f3mo determinar correctamente el tama\u00f1o se pueden encontrar aqu\u00ed.<\/a><\/p>","protected":false},"featured_media":165848,"comment_status":"open","ping_status":"closed","template":"","meta":{"_acf_changed":false,"_themeisle_gutenberg_block_has_review":false},"product_brand":[],"product_cat":[1687,1064,1068,554,1316,553],"product_tag":[],"class_list":{"0":"post-165967","1":"product","2":"type-product","3":"status-publish","4":"has-post-thumbnail","6":"product_cat-elastic-bracelets","7":"product_cat-mens-jewellery","8":"product_cat-natural-gemstone-bracelets-for-men","9":"product_cat-natural-gemstone-bracelets","10":"product_cat-rare-gemstone-bracelets","11":"product_cat-womens-jewellery","13":"first","14":"instock","15":"taxable","16":"shipping-taxable","17":"purchasable","18":"product-type-variable","19":"has-default-attributes"},"acf":[],"_links":{"self":[{"href":"https:\/\/trimakasi.eu\/es\/wp-json\/wp\/v2\/product\/165967","targetHints":{"allow":["GET"]}}],"collection":[{"href":"https:\/\/trimakasi.eu\/es\/wp-json\/wp\/v2\/product"}],"about":[{"href":"https:\/\/trimakasi.eu\/es\/wp-json\/wp\/v2\/types\/product"}],"replies":[{"embeddable":true,"href":"https:\/\/trimakasi.eu\/es\/wp-json\/wp\/v2\/comments?post=165967"}],"wp:featuredmedia":[{"embeddable":true,"href":"https:\/\/trimakasi.eu\/es\/wp-json\/wp\/v2\/media\/165848"}],"wp:attachment":[{"href":"https:\/\/trimakasi.eu\/es\/wp-json\/wp\/v2\/media?parent=165967"}],"wp:term":[{"taxonomy":"product_brand","embeddable":true,"href":"https:\/\/trimakasi.eu\/es\/wp-json\/wp\/v2\/product_brand?post=165967"},{"taxonomy":"product_cat","embeddable":true,"href":"https:\/\/trimakasi.eu\/es\/wp-json\/wp\/v2\/product_cat?post=165967"},{"taxonomy":"product_tag","embeddable":true,"href":"https:\/\/trimakasi.eu\/es\/wp-json\/wp\/v2\/product_tag?post=165967"}],"curies":[{"name":"wp","href":"https:\/\/api.w.org\/{rel}","templated":true}]}}