{"id":165917,"date":"2022-09-04T17:34:48","date_gmt":"2022-09-04T15:34:48","guid":{"rendered":"https:\/\/trimakasi.eu\/?post_type=product&#038;p=165917"},"modified":"2026-03-20T22:46:36","modified_gmt":"2026-03-20T21:46:36","slug":"collar-labradorita-gota-de-conciencia","status":"publish","type":"product","link":"https:\/\/trimakasi.eu\/es\/product\/labradorite-necklace-drop-of-consciousness\/","title":{"rendered":"Collar de Labradorita \u2013 Gota de Conciencia"},"content":{"rendered":"<h3>Labradorita - Piedra de Aurora Boreal<\/h3>\n<p>La labradorita se ha convertido en una piedra muy popular entre personas de todo el mundo en todos los niveles de su viaje espiritual. Es una piedra de chamanes, druidas, curanderos y todos los que buscan una comprensi\u00f3n m\u00e1s profunda de este mundo y un conocimiento espiritual m\u00e1s profundo. La labradorita enciende el fuego de la imaginaci\u00f3n creativa y calma la mente del miedo y la ansiedad.<\/p>\n<p>Seg\u00fan las leyendas de las tribus ind\u00edgenas inuit, la labradorita se cre\u00f3 al caer de la aurora boreal, la luz misteriosa que separa el &quot;mundo real&quot; del mundo detr\u00e1s de la cortina. La labradorita es un poderoso protector del aura humana, evitando la fuga de su energ\u00eda y cualquier drenaje de su energ\u00eda personal.<\/p>\n<p>Elemento: <strong>Agua<\/strong><\/p>\n<p>Signos del zodiaco:<strong> Libra, C\u00e1ncer, Capricornio<\/strong><\/p>\n<p>La pulsera armoniza todos los chakras.<\/p>\n<p><a href=\"https:\/\/trimakasi.eu\/es\/vlog\/\"><u>Visita nuestro video blog para descubrir las conexiones entre piedras preciosas, signos del zod\u00edaco, chakras y mucho m\u00e1s.<\/u><\/a><\/p>","protected":false},"excerpt":{"rendered":"<p>El collar para mujer con labradorita genuina, ingeniosamente facetada en forma de elegante gota, ser\u00e1 una joya misteriosa en su cuello.<\/p>\n<p>Cada gota de labradorita se selecciona a mano por su juego de colores \u00fanico, que simboliza el despertar de su conciencia. Use este collar como un recordatorio diario de su potencial expansivo, gui\u00e1ndolo con claridad y perspicacia en su camino hacia el crecimiento personal.<\/p>\n<p>La cadena tiene una longitud ajustable de 46-52 cm, est\u00e1 hecha de acero inoxidable y recubierta con oro genuino de 18 quilates mediante el m\u00e9todo PVD para una mayor durabilidad. El tama\u00f1o del colgante minimalista es de aproximadamente 0,6x 1,2cm. El collar viene en una lujosa caja rosa con el logo de Trimakasi, lo que lo convierte en un regalo perfecto.<\/p>","protected":false},"featured_media":165872,"comment_status":"open","ping_status":"closed","template":"","meta":{"_acf_changed":false,"_themeisle_gutenberg_block_has_review":false},"product_brand":[],"product_cat":[569,1149,1690,553],"product_tag":[],"class_list":{"0":"post-165917","1":"product","2":"type-product","3":"status-publish","4":"has-post-thumbnail","6":"product_cat-minimalist-jewellery-for-women","7":"product_cat-necklaces-for-women","8":"product_cat-necklaces","9":"product_cat-womens-jewellery","11":"first","12":"instock","13":"taxable","14":"shipping-taxable","15":"purchasable","16":"product-type-variable","17":"has-default-attributes"},"acf":[],"_links":{"self":[{"href":"https:\/\/trimakasi.eu\/es\/wp-json\/wp\/v2\/product\/165917","targetHints":{"allow":["GET"]}}],"collection":[{"href":"https:\/\/trimakasi.eu\/es\/wp-json\/wp\/v2\/product"}],"about":[{"href":"https:\/\/trimakasi.eu\/es\/wp-json\/wp\/v2\/types\/product"}],"replies":[{"embeddable":true,"href":"https:\/\/trimakasi.eu\/es\/wp-json\/wp\/v2\/comments?post=165917"}],"wp:featuredmedia":[{"embeddable":true,"href":"https:\/\/trimakasi.eu\/es\/wp-json\/wp\/v2\/media\/165872"}],"wp:attachment":[{"href":"https:\/\/trimakasi.eu\/es\/wp-json\/wp\/v2\/media?parent=165917"}],"wp:term":[{"taxonomy":"product_brand","embeddable":true,"href":"https:\/\/trimakasi.eu\/es\/wp-json\/wp\/v2\/product_brand?post=165917"},{"taxonomy":"product_cat","embeddable":true,"href":"https:\/\/trimakasi.eu\/es\/wp-json\/wp\/v2\/product_cat?post=165917"},{"taxonomy":"product_tag","embeddable":true,"href":"https:\/\/trimakasi.eu\/es\/wp-json\/wp\/v2\/product_tag?post=165917"}],"curies":[{"name":"wp","href":"https:\/\/api.w.org\/{rel}","templated":true}]}}