{"id":165078,"date":"2021-07-31T12:27:13","date_gmt":"2021-07-31T10:27:13","guid":{"rendered":"https:\/\/trimakasi.eu\/?post_type=product&#038;p=165078"},"modified":"2025-08-24T13:51:37","modified_gmt":"2025-08-24T11:51:37","slug":"collar-de-perlas-naturales","status":"publish","type":"product","link":"https:\/\/trimakasi.eu\/es\/product\/pearl-necklace-natural\/","title":{"rendered":"Collar de perlas \u2013 naturales"},"content":{"rendered":"<h3>Perlas de arroz de agua dulce<\/h3>\n<p>Las perlas de arroz tienen una forma y un tama\u00f1o caracter\u00edsticos similares a los granos de arroz. Su forma delicada y alargada les confiere un aspecto y una elegancia inusuales.<br \/>\nTradicionalmente, son s\u00edmbolo de delicadeza, feminidad y perfecci\u00f3n en Asia. Se asocian con la pureza y la armon\u00eda y, a menudo, se los reconoce como talismanes para la buena suerte y la protecci\u00f3n.<\/p>\n<p>\u00a1Las perlas naturales son un accesorio de moda atemporal que seguramente llamar\u00e1 la atenci\u00f3n! Exudan un temperamento elegante y son un s\u00edmbolo de salud, pureza, prosperidad y buena fortuna. Cada perla es el resultado de un largo proceso en la naturaleza y lleva consigo una historia \u00fanica que queda grabada en sus capas.<\/p>\n<p>Al comprar joyas elaboradas con perlas de agua dulce (de r\u00edo), tambi\u00e9n est\u00e1 tomando una decisi\u00f3n \u00e9tica. A diferencia de las perlas marinas, cuya recolecci\u00f3n puede ser perjudicial para el ecosistema marino, las perlas de agua dulce se cultivan en r\u00edos y lagos, lo que es m\u00e1s respetuoso con el medio ambiente. Invertir en joyas de perlas de agua dulce es una inversi\u00f3n en belleza duradera. Con el tiempo, su brillo no disminuye, sino que aumenta, d\u00e1ndoles un significado m\u00e1s profundo y rico.<\/p>\n<p>Las perlas naturales son un accesorio de moda atemporal y son un s\u00edmbolo de salud, pureza, prosperidad y felicidad.<\/p>\n<p>Cada perla es original en su color, forma y tama\u00f1o.<\/p>\n<p>Las perlas pueden ayudar a restablecer por completo el equilibrio y el ritmo natural del cuerpo.<\/p>\n<p>Elemento: <strong>Agua<\/strong><\/p>\n<p>Signos del zodiaco: <strong>G\u00e9minis, C\u00e1ncer, Libra, Capricornio y Piscis<\/strong><\/p>\n<p>El collar armoniza todos los chakras pero principalmente el chakra del Coraz\u00f3n y de la Corona:<\/p>\n<p><a href=\"https:\/\/trimakasi.eu\/wp-content\/uploads\/2020\/07\/\u010dakra4.jpg\"><img loading=\"lazy\" decoding=\"async\" class=\"alignnone size-full wp-image-83566\" src=\"https:\/\/trimakasi.eu\/wp-content\/uploads\/2020\/07\/\u010dakra4.jpg\" alt=\"Chakra del coraz\u00f3n\" width=\"79\" height=\"93\" srcset=\"https:\/\/trimakasi.eu\/wp-content\/uploads\/2020\/07\/\u010dakra4.jpg 79w, https:\/\/trimakasi.eu\/wp-content\/uploads\/2020\/07\/\u010dakra4-10x12.jpg 10w\" sizes=\"auto, (max-width: 79px) 100vw, 79px\" \/><\/a><img loading=\"lazy\" decoding=\"async\" class=\"alignnone wp-image-74571\" src=\"https:\/\/trimakasi.eu\/wp-content\/uploads\/2019\/05\/akra7.jpg\" alt=\"\" width=\"78\" height=\"86\" srcset=\"https:\/\/trimakasi.eu\/wp-content\/uploads\/2019\/05\/akra7.jpg 92w, https:\/\/trimakasi.eu\/wp-content\/uploads\/2019\/05\/akra7-11x12.jpg 11w\" sizes=\"auto, (max-width: 78px) 100vw, 78px\" \/><\/p>\n<p><a href=\"https:\/\/trimakasi.eu\/es\/vlog\/\"><u>Visita nuestro video blog para descubrir las conexiones entre piedras preciosas, signos del zod\u00edaco, chakras y mucho m\u00e1s.<\/u><\/a><\/p>","protected":false},"excerpt":{"rendered":"<p>Sum\u00e9rgete en la elegancia con nuestro exclusivo collar de perlas. Elaborada a partir de perlas de r\u00edo m\u00e1s grandes, seleccionadas a mano y con forma de granos de arroz, \u00a1es una pieza que tiene su propia personalidad!<\/p>\n<p>Y aqu\u00ed est\u00e1 la mejor parte: es de talla \u00fanica. Con una longitud ajustable de 36 a 42 cm, est\u00e1 dise\u00f1ado para adaptarse perfectamente a cada mujer.<\/p>\n<p>\u00bfQuieres saber m\u00e1s sobre estas perlas \u00fanicas? Descubra m\u00e1s a continuaci\u00f3n.<\/p>","protected":false},"featured_media":175579,"comment_status":"open","ping_status":"closed","template":"","meta":{"_acf_changed":false,"_themeisle_gutenberg_block_has_review":false},"product_brand":[],"product_cat":[569,1149,1690,1717,553],"product_tag":[],"class_list":{"0":"post-165078","1":"product","2":"type-product","3":"status-publish","4":"has-post-thumbnail","6":"product_cat-minimalist-jewellery-for-women","7":"product_cat-necklaces-for-women","8":"product_cat-necklaces","9":"product_cat-pearl-jewellery","10":"product_cat-womens-jewellery","12":"first","13":"instock","14":"taxable","15":"shipping-taxable","16":"purchasable","17":"product-type-variable","18":"has-default-attributes"},"acf":[],"_links":{"self":[{"href":"https:\/\/trimakasi.eu\/es\/wp-json\/wp\/v2\/product\/165078","targetHints":{"allow":["GET"]}}],"collection":[{"href":"https:\/\/trimakasi.eu\/es\/wp-json\/wp\/v2\/product"}],"about":[{"href":"https:\/\/trimakasi.eu\/es\/wp-json\/wp\/v2\/types\/product"}],"replies":[{"embeddable":true,"href":"https:\/\/trimakasi.eu\/es\/wp-json\/wp\/v2\/comments?post=165078"}],"wp:featuredmedia":[{"embeddable":true,"href":"https:\/\/trimakasi.eu\/es\/wp-json\/wp\/v2\/media\/175579"}],"wp:attachment":[{"href":"https:\/\/trimakasi.eu\/es\/wp-json\/wp\/v2\/media?parent=165078"}],"wp:term":[{"taxonomy":"product_brand","embeddable":true,"href":"https:\/\/trimakasi.eu\/es\/wp-json\/wp\/v2\/product_brand?post=165078"},{"taxonomy":"product_cat","embeddable":true,"href":"https:\/\/trimakasi.eu\/es\/wp-json\/wp\/v2\/product_cat?post=165078"},{"taxonomy":"product_tag","embeddable":true,"href":"https:\/\/trimakasi.eu\/es\/wp-json\/wp\/v2\/product_tag?post=165078"}],"curies":[{"name":"wp","href":"https:\/\/api.w.org\/{rel}","templated":true}]}}