{"id":164508,"date":"2021-02-28T13:58:37","date_gmt":"2021-02-28T12:58:37","guid":{"rendered":"https:\/\/trimakasi.eu\/?post_type=product&#038;p=164508"},"modified":"2026-03-10T16:44:39","modified_gmt":"2026-03-10T15:44:39","slug":"collar-de-epidota-en-bruto-para-mujer-cristal-vertical","status":"publish","type":"product","link":"https:\/\/trimakasi.eu\/es\/product\/raw-epidote-necklace-for-women-vertical-crystal\/","title":{"rendered":"Collar de epidota cruda para mujer (cristal vertical)"},"content":{"rendered":"<h3>epidota<\/h3>\n<p>La epidota se puede encontrar en todo el mundo, pero solo hay unos pocos lugares con una forma cristalina de alta calidad de esta piedra preciosa. Usamos los cristales de epidota m\u00e1s finos en nuestras joyas, particularmente del distrito de Kharan en el suroeste de Pakist\u00e1n. Esta piedra preciosa fue descubierta hace relativamente poco tiempo, por lo que no aparece en los textos antiguos que describen las propiedades curativas de las piedras naturales. Hasta el siglo XIX, la epidota se clasificaba como una variedad verde de turmalina o se confund\u00eda con la actinolita.<\/p>\n<p>La epidota es una piedra preciosa protectora. Armoniza y estabiliza el flujo de energ\u00eda en el cuerpo y restaura el estado de equilibrio total. Epidote libera la mente de la energ\u00eda negativa de la ira, la envidia, la codicia y el odio. Adem\u00e1s de armonizar cuerpo y alma, la epidota potencia el poder de otras gemas. La mejor combinaci\u00f3n es epidota + <a href=\"https:\/\/trimakasi.eu\/es\/product\/pulsera-serafinita\/\"><u>serafinita<\/u><\/a><\/p>\n<p id=\"tw-target-text\" class=\"tw-data-text tw-text-large tw-ta\" dir=\"ltr\" data-placeholder=\"P\u0159eklad\"><span class=\"Y2IQFc\" lang=\"en\">Pa\u00eds de origen: <strong>Pakist\u00e1n<\/strong><\/span><\/p>\n<p class=\"tw-data-text tw-text-large tw-ta\" dir=\"ltr\" data-placeholder=\"P\u0159eklad\"><span class=\"Y2IQFc\" lang=\"en\"> Elemento: <strong>Tierra agua <\/strong><\/span><\/p>\n<p class=\"tw-data-text tw-text-large tw-ta\" dir=\"ltr\" data-placeholder=\"P\u0159eklad\"><span class=\"Y2IQFc\" lang=\"en\">Signos del zodiaco: <strong>G\u00e9minis, Libra <\/strong><\/span><\/p>\n<p class=\"tw-data-text tw-text-large tw-ta\" dir=\"ltr\" data-placeholder=\"P\u0159eklad\"><span class=\"Y2IQFc\" lang=\"en\">El collar armoniza los chakras Ra\u00edz y Coraz\u00f3n.<\/span><\/p>\n<p><a href=\"https:\/\/trimakasi.eu\/wp-content\/uploads\/\u010dakra1.jpg\"><img loading=\"lazy\" decoding=\"async\" class=\"alignnone wp-image-138513\" src=\"https:\/\/trimakasi.eu\/wp-content\/uploads\/\u010dakra1.jpg\" alt=\"Chakra de la ra\u00edz\" width=\"69\" height=\"75\" srcset=\"https:\/\/trimakasi.eu\/wp-content\/uploads\/\u010dakra1.jpg 81w, https:\/\/trimakasi.eu\/wp-content\/uploads\/\u010dakra1-11x12.jpg 11w\" sizes=\"auto, (max-width: 69px) 100vw, 69px\" \/><\/a><a href=\"https:\/\/trimakasi.eu\/wp-content\/uploads\/2020\/07\/\u010dakra4.jpg\"><img loading=\"lazy\" decoding=\"async\" class=\"alignnone wp-image-83566\" src=\"https:\/\/trimakasi.eu\/wp-content\/uploads\/2020\/07\/\u010dakra4.jpg\" alt=\"Chakra del coraz\u00f3n\" width=\"66\" height=\"77\" srcset=\"https:\/\/trimakasi.eu\/wp-content\/uploads\/2020\/07\/\u010dakra4.jpg 79w, https:\/\/trimakasi.eu\/wp-content\/uploads\/2020\/07\/\u010dakra4-10x12.jpg 10w\" sizes=\"auto, (max-width: 66px) 100vw, 66px\" \/><\/a><\/p>\n<p><a href=\"https:\/\/trimakasi.eu\/es\/vlog\/\"><u>Visita nuestro video blog para descubrir las conexiones entre piedras preciosas, signos del zod\u00edaco, chakras y mucho m\u00e1s.<\/u><\/a><\/p>","protected":false},"excerpt":{"rendered":"<p>Collar de cadena para mujer con cristal vertical crudo de epidota verde. Conoce m\u00e1s sobre las propiedades de esta piedra a continuaci\u00f3n.<\/p>\n<p>Elegante cadena minimalista de 46 cm, elaborada en acero inoxidable pulido con un duradero ba\u00f1o de oro de 18 quilates, adornada con un cristal de epidota natural de 0,4 cm x 2,5 cm.<\/p>\n<p>El collar viene en una lujosa caja rosa con el logo de Trimakasi, lo que lo convierte en un regalo perfecto.<\/p>\n<p>\u00a1Cada pieza es original!<\/p>","protected":false},"featured_media":164514,"comment_status":"open","ping_status":"closed","template":"","meta":{"_acf_changed":false,"_themeisle_gutenberg_block_has_review":false},"product_brand":[],"product_cat":[569,1690,1149,553],"product_tag":[],"class_list":{"0":"post-164508","1":"product","2":"type-product","3":"status-publish","4":"has-post-thumbnail","6":"product_cat-minimalist-jewellery-for-women","7":"product_cat-necklaces","8":"product_cat-necklaces-for-women","9":"product_cat-womens-jewellery","11":"first","12":"instock","13":"sale","14":"taxable","15":"shipping-taxable","16":"purchasable","17":"product-type-variable","18":"has-default-attributes"},"acf":[],"_links":{"self":[{"href":"https:\/\/trimakasi.eu\/es\/wp-json\/wp\/v2\/product\/164508","targetHints":{"allow":["GET"]}}],"collection":[{"href":"https:\/\/trimakasi.eu\/es\/wp-json\/wp\/v2\/product"}],"about":[{"href":"https:\/\/trimakasi.eu\/es\/wp-json\/wp\/v2\/types\/product"}],"replies":[{"embeddable":true,"href":"https:\/\/trimakasi.eu\/es\/wp-json\/wp\/v2\/comments?post=164508"}],"wp:featuredmedia":[{"embeddable":true,"href":"https:\/\/trimakasi.eu\/es\/wp-json\/wp\/v2\/media\/164514"}],"wp:attachment":[{"href":"https:\/\/trimakasi.eu\/es\/wp-json\/wp\/v2\/media?parent=164508"}],"wp:term":[{"taxonomy":"product_brand","embeddable":true,"href":"https:\/\/trimakasi.eu\/es\/wp-json\/wp\/v2\/product_brand?post=164508"},{"taxonomy":"product_cat","embeddable":true,"href":"https:\/\/trimakasi.eu\/es\/wp-json\/wp\/v2\/product_cat?post=164508"},{"taxonomy":"product_tag","embeddable":true,"href":"https:\/\/trimakasi.eu\/es\/wp-json\/wp\/v2\/product_tag?post=164508"}],"curies":[{"name":"wp","href":"https:\/\/api.w.org\/{rel}","templated":true}]}}