{"id":164400,"date":"2023-01-29T13:41:43","date_gmt":"2023-01-29T12:41:43","guid":{"rendered":"https:\/\/trimakasi.eu\/?post_type=product&#038;p=164400"},"modified":"2025-09-11T09:06:07","modified_gmt":"2025-09-11T07:06:07","slug":"collar-de-turmalina-negra-cruda-para-mujer-cristal-vertical","status":"publish","type":"product","link":"https:\/\/trimakasi.eu\/es\/product\/tourmaline-necklace-drop-of-protection\/","title":{"rendered":"Collar de Turmalina \u2013 Gota de Protecci\u00f3n"},"content":{"rendered":"<h3>Turmalina negra<\/h3>\n<p>La turmalina es un mineral t\u00edpico que proviene de las altas temperaturas y presiones en el n\u00facleo de la tierra, y llega a la superficie por la actividad volc\u00e1nica. Una antigua leyenda egipcia menciona cu\u00e1nto tiempo tuvo que viajar la turmalina desde el n\u00facleo de la tierra para llegar a la superficie. Tambi\u00e9n est\u00e1 escrito en esta leyenda que la turmalina atraves\u00f3 el arco iris y, por lo tanto, aparece en muchos colores. Esto no est\u00e1 lejos de la verdad, porque esta gema puede presentarse en muchos colores y matices.<\/p>\n<p><span lang=\"en\" tabindex=\"0\">El \u00f3nix negro, la turmalina negra y la obsidiana negra se consideran piedras protectoras tradicionales debido a su color oscuro. Pueden rodearte de una atm\u00f3sfera protectora que absorba toda la negatividad de tu entorno. Sobre todo, ayudan a superar los patrones de pensamiento negativos que surgen de las emociones m\u00e1s debilitantes y t\u00f3xicas: el miedo.<\/span><\/p>\n<p>Seg\u00fan las leyendas, la turmalina negra se conoce como &quot;piedra limpiadora&quot; por su capacidad para limpiar el cuerpo y el alma de la negatividad. Todav\u00eda es utilizado por varios chamanes y druidas en todo el mundo, especialmente en tribus nativas de \u00c1frica y Am\u00e9rica, como piedra angular de sus rituales de curaci\u00f3n contra enfermedades mentales y f\u00edsicas.<\/p>\n<p>Elemento: <strong>Agua<\/strong><\/p>\n<p>Signos del zodiaco: <strong>Capricornio, G\u00e9minis, Escorpio y Libra<\/strong><\/p>\n<p>Esta pulsera armoniza el chakra de la ra\u00edz.<\/p>\n<p><img loading=\"lazy\" decoding=\"async\" class=\"alignnone wp-image-72742\" src=\"https:\/\/trimakasi.cz\/wp-content\/uploads\/2018\/08\/%C4%8Dakra1.jpg\" alt=\"Z\u00e1kladn\u00ed \u010dakra\" width=\"66\" height=\"72\" \/><\/p>\n<p><a href=\"https:\/\/trimakasi.eu\/es\/vlog\/\"><u>Visita nuestro video blog para descubrir las conexiones entre piedras preciosas, signos del zod\u00edaco, chakras y mucho m\u00e1s.<\/u><\/a><\/p>","protected":false},"excerpt":{"rendered":"<p>Presentamos el collar &quot;Gota de protecci\u00f3n&quot;, que presenta turmalina negra genuina facetada en una elegante forma de gota, que simboliza elegancia y protecci\u00f3n. La turmalina negra es conocida por sus propiedades protectoras, que ayudan a protegerse de la energ\u00eda negativa.<\/p>\n<p>Con esta piedra colocada cerca de tu coraz\u00f3n, cada mirada al espejo te recordar\u00e1 la importancia de proteger tu paz interior y tu equilibrio, que son cruciales para tomar las decisiones correctas a diario.<\/p>\n<p>Colgante de turmalina para mujer: la cadena tiene una longitud ajustable de 46-52 cm, est\u00e1 hecha de acero inoxidable y chapada en oro aut\u00e9ntico de 18 quilates mediante el m\u00e9todo PVD para una mayor durabilidad. El tama\u00f1o de la gota minimalista es de aprox. 0,6 x 1,2 cm. El collar viene en una lujosa caja rosa con el logo de Trimakasi, lo que lo convierte en un regalo perfecto.<\/p>","protected":false},"featured_media":173758,"comment_status":"open","ping_status":"closed","template":"","meta":{"_acf_changed":false,"_themeisle_gutenberg_block_has_review":false},"product_brand":[],"product_cat":[569,1149,1690,553],"product_tag":[],"class_list":{"0":"post-164400","1":"product","2":"type-product","3":"status-publish","4":"has-post-thumbnail","6":"product_cat-minimalist-jewellery-for-women","7":"product_cat-necklaces-for-women","8":"product_cat-necklaces","9":"product_cat-womens-jewellery","11":"first","12":"outofstock","13":"taxable","14":"shipping-taxable","15":"purchasable","16":"product-type-variable","17":"has-default-attributes"},"acf":[],"_links":{"self":[{"href":"https:\/\/trimakasi.eu\/es\/wp-json\/wp\/v2\/product\/164400","targetHints":{"allow":["GET"]}}],"collection":[{"href":"https:\/\/trimakasi.eu\/es\/wp-json\/wp\/v2\/product"}],"about":[{"href":"https:\/\/trimakasi.eu\/es\/wp-json\/wp\/v2\/types\/product"}],"replies":[{"embeddable":true,"href":"https:\/\/trimakasi.eu\/es\/wp-json\/wp\/v2\/comments?post=164400"}],"wp:featuredmedia":[{"embeddable":true,"href":"https:\/\/trimakasi.eu\/es\/wp-json\/wp\/v2\/media\/173758"}],"wp:attachment":[{"href":"https:\/\/trimakasi.eu\/es\/wp-json\/wp\/v2\/media?parent=164400"}],"wp:term":[{"taxonomy":"product_brand","embeddable":true,"href":"https:\/\/trimakasi.eu\/es\/wp-json\/wp\/v2\/product_brand?post=164400"},{"taxonomy":"product_cat","embeddable":true,"href":"https:\/\/trimakasi.eu\/es\/wp-json\/wp\/v2\/product_cat?post=164400"},{"taxonomy":"product_tag","embeddable":true,"href":"https:\/\/trimakasi.eu\/es\/wp-json\/wp\/v2\/product_tag?post=164400"}],"curies":[{"name":"wp","href":"https:\/\/api.w.org\/{rel}","templated":true}]}}