{"id":163799,"date":"2021-03-28T14:21:58","date_gmt":"2021-03-28T12:21:58","guid":{"rendered":"https:\/\/trimakasi.eu\/?post_type=product&#038;p=163799"},"modified":"2024-09-22T11:17:42","modified_gmt":"2024-09-22T09:17:42","slug":"collar-de-punta-de-serpentinita-para-hombre","status":"publish","type":"product","link":"https:\/\/trimakasi.eu\/es\/product\/serpentinite-point-necklace-for-men\/","title":{"rendered":"Collar de cristal para hombre \u2013 Serpentinita"},"content":{"rendered":"<div class=\"video video-fit mb\" style=\"padding-top:56.25%;\"><p><iframe loading=\"lazy\" title=\"Collares de cristal para hombre Trimakasi \/ N\u00e1hrdeln\u00edky pro mu\u017ee Trimakasi\" width=\"1020\" height=\"574\" src=\"https:\/\/www.youtube.com\/embed\/z70WqxmBk1E?feature=oembed\" frameborder=\"0\" allow=\"accelerometer; autoplay; clipboard-write; encrypted-media; gyroscope; picture-in-picture\" allowfullscreen><\/iframe><\/p>\n<\/div>\n<h3>Serpentinita<\/h3>\n<p>La serpentinita recibi\u00f3 su nombre por su parecido con la piel de serpiente, que recuerda a sus escamas verdes. Las antiguas civilizaciones de Am\u00e9rica cre\u00edan que la serpentinita era la guardiana de la energ\u00eda vital humana y la guardiana del alma contra las fuerzas invisibles. Los antiguos romanos lo usaban como protecci\u00f3n contra la magia.<\/p>\n<p>En la Edad Media esta piedra preciosa era conocida como la \u201cPiedra de los Curanderos\u201d. Se us\u00f3 para hacer varios cuencos y estuches en los que se almacenaban medicinas (como mezclas de hierbas) en ese momento, creyendo que esta piedra amplificar\u00eda sus efectos curativos por sus vibraciones. Este mineral tambi\u00e9n serv\u00eda como protecci\u00f3n contra las mordeduras de serpientes y se cre\u00eda que pod\u00eda ayudar a curar cualquier intoxicaci\u00f3n.<\/p>\n<p>La serpentinita emite una vibraci\u00f3n naturalmente relajante que puede ayudar a despertar Kundalini, una energ\u00eda b\u00e1sica tambi\u00e9n llamada &quot;Fuerza de serpiente&quot;, &quot;Chi&quot; o &quot;Prana&quot;, que fluye a lo largo de la columna vertebral humana. El mineral ayuda a abrir el camino para Kundalini y tambi\u00e9n ayuda al cuerpo y la conciencia a acostumbrarse a esta energ\u00eda. Esta piedra tambi\u00e9n puede aumentar la felicidad y puede ayudar a las personas a alcanzar sus metas laborales y personales.<\/p>\n<p>Elemento: <strong>tierra<\/strong><\/p>\n<p>Signo del zodiaco: <strong>G\u00e9minis, Escorpio, Libra<\/strong><\/p>\n<p>La pulsera armoniza el chakra de la ra\u00edz y el chakra del coraz\u00f3n.<\/p>\n<p><a href=\"https:\/\/trimakasi.eu\/wp-content\/uploads\/\u010dakra1.jpg\"><img loading=\"lazy\" decoding=\"async\" class=\"alignnone size-full wp-image-138513\" src=\"https:\/\/trimakasi.eu\/wp-content\/uploads\/\u010dakra1.jpg\" alt=\"Chakra de la ra\u00edz\" width=\"81\" height=\"88\" srcset=\"https:\/\/trimakasi.eu\/wp-content\/uploads\/\u010dakra1.jpg 81w, https:\/\/trimakasi.eu\/wp-content\/uploads\/\u010dakra1-11x12.jpg 11w\" sizes=\"auto, (max-width: 81px) 100vw, 81px\" \/><\/a><a href=\"https:\/\/trimakasi.eu\/wp-content\/uploads\/2020\/07\/\u010dakra4.jpg\"><img loading=\"lazy\" decoding=\"async\" class=\"alignnone size-full wp-image-83566\" src=\"https:\/\/trimakasi.eu\/wp-content\/uploads\/2020\/07\/\u010dakra4.jpg\" alt=\"Chakra del coraz\u00f3n\" width=\"79\" height=\"93\" srcset=\"https:\/\/trimakasi.eu\/wp-content\/uploads\/2020\/07\/\u010dakra4.jpg 79w, https:\/\/trimakasi.eu\/wp-content\/uploads\/2020\/07\/\u010dakra4-10x12.jpg 10w\" sizes=\"auto, (max-width: 79px) 100vw, 79px\" \/><\/a><\/p>\n<p><a href=\"https:\/\/trimakasi.eu\/es\/vlog\/\"><u>Visita nuestro video blog para descubrir las conexiones entre piedras preciosas, signos del zod\u00edaco, chakras y mucho m\u00e1s.<\/u><\/a><\/p>","protected":false},"excerpt":{"rendered":"<p>Mejore su apariencia con nuestro collar de cadena de serpentinita para hombre. Con un colgante hexagonal elaborado con serpentinita natural, se cree que este collar alberga habilidades curativas. Abrace la elegancia y el potencial para revitalizar su energ\u00eda, ya que la serpentinita se considera tradicionalmente una piedra que apoya tanto el cuerpo como el esp\u00edritu. Conozca m\u00e1s sobre las propiedades de esta piedra a continuaci\u00f3n.<\/p>\n<p>Longitud de la cadena: 69 cm o 80 cm<\/p>\n<p>Color y material de la cadena: Acero inoxidable con revestimiento PVD negro<br \/>\nDimensiones de la piedra: aprox. 3,5 x 1 cm<\/p>","protected":false},"featured_media":163817,"comment_status":"open","ping_status":"closed","template":"","meta":{"_acf_changed":false,"_themeisle_gutenberg_block_has_review":false},"product_brand":[],"product_cat":[1064,1150,1690],"product_tag":[],"class_list":{"0":"post-163799","1":"product","2":"type-product","3":"status-publish","4":"has-post-thumbnail","6":"product_cat-mens-jewellery","7":"product_cat-necklaces-for-men","8":"product_cat-necklaces","10":"first","11":"instock","12":"taxable","13":"shipping-taxable","14":"purchasable","15":"product-type-variable","16":"has-default-attributes"},"acf":[],"_links":{"self":[{"href":"https:\/\/trimakasi.eu\/es\/wp-json\/wp\/v2\/product\/163799","targetHints":{"allow":["GET"]}}],"collection":[{"href":"https:\/\/trimakasi.eu\/es\/wp-json\/wp\/v2\/product"}],"about":[{"href":"https:\/\/trimakasi.eu\/es\/wp-json\/wp\/v2\/types\/product"}],"replies":[{"embeddable":true,"href":"https:\/\/trimakasi.eu\/es\/wp-json\/wp\/v2\/comments?post=163799"}],"wp:featuredmedia":[{"embeddable":true,"href":"https:\/\/trimakasi.eu\/es\/wp-json\/wp\/v2\/media\/163817"}],"wp:attachment":[{"href":"https:\/\/trimakasi.eu\/es\/wp-json\/wp\/v2\/media?parent=163799"}],"wp:term":[{"taxonomy":"product_brand","embeddable":true,"href":"https:\/\/trimakasi.eu\/es\/wp-json\/wp\/v2\/product_brand?post=163799"},{"taxonomy":"product_cat","embeddable":true,"href":"https:\/\/trimakasi.eu\/es\/wp-json\/wp\/v2\/product_cat?post=163799"},{"taxonomy":"product_tag","embeddable":true,"href":"https:\/\/trimakasi.eu\/es\/wp-json\/wp\/v2\/product_tag?post=163799"}],"curies":[{"name":"wp","href":"https:\/\/api.w.org\/{rel}","templated":true}]}}