{"id":163471,"date":"2021-09-24T23:59:53","date_gmt":"2021-09-24T21:59:53","guid":{"rendered":"https:\/\/trimakasi.eu\/?post_type=product&#038;p=163471"},"modified":"2024-03-25T18:25:14","modified_gmt":"2024-03-25T17:25:14","slug":"anillo-de-onix-negro-para-hombre","status":"publish","type":"product","link":"https:\/\/trimakasi.eu\/es\/product\/black-onyx-signet-ring-for-men\/","title":{"rendered":"Anillo de sello de \u00f3nix negro para hombre."},"content":{"rendered":"<h3>\u00d3nix negro<\/h3>\n<p>Onyx generalmente promueve la estabilidad interior, la calma y la madurez mental. Sus agradables vibraciones tienen propiedades protectoras y promueven la confianza en uno mismo y tambi\u00e9n dan una sensaci\u00f3n de seguridad.<\/p>\n<p>El \u00f3nix negro tiene la capacidad de aumentar la fuerza de voluntad de su due\u00f1o y lo ayuda a enfrentar los problemas con valent\u00eda. Nos ayuda a encontrar soluciones en lugar de encontrar problemas y alejar la idea de rendirnos. El \u00f3nix negro es una piedra universal adecuada para casi todos los signos del zodiaco.<\/p>\n<p>Elemento:\u00a0<strong>Fuego<\/strong><\/p>\n<p>Signo del zodiaco:\u00a0<strong>Virgo, G\u00e9minis, Escorpio, Piscis, Acuario, Capricornio, C\u00e1ncer, Tauro, Aries<\/strong><\/p>\n<p>Pulsera armoniza el chakra de la ra\u00edz<\/p>\n<h3><a href=\"https:\/\/trimakasi.eu\/wp-content\/uploads\/\u010dakra1.jpg\"><img loading=\"lazy\" decoding=\"async\" class=\"alignnone size-full wp-image-138513\" src=\"https:\/\/trimakasi.eu\/wp-content\/uploads\/\u010dakra1.jpg\" alt=\"Chakra de la ra\u00edz\" width=\"81\" height=\"88\" srcset=\"https:\/\/trimakasi.eu\/wp-content\/uploads\/\u010dakra1.jpg 81w, https:\/\/trimakasi.eu\/wp-content\/uploads\/\u010dakra1-11x12.jpg 11w\" sizes=\"auto, (max-width: 81px) 100vw, 81px\" \/><\/a><\/h3>\n<p><a href=\"https:\/\/trimakasi.eu\/es\/vlog\/\"><u>Visita nuestro video blog para descubrir las conexiones entre piedras preciosas, signos del zod\u00edaco, chakras y mucho m\u00e1s.<\/u><\/a><\/p>","protected":false},"excerpt":{"rendered":"<p>La piedra preciosa de \u00f3nix negro pulida con precisi\u00f3n ocupa un lugar central en este anillo de acero inoxidable de dise\u00f1o exclusivo con un sofisticado acabado mate. Elige tu estilo entre 3 combinaciones de color metal.<\/p>\n<p>La mayor\u00eda de los hombres de complexi\u00f3n promedio tienen un tama\u00f1o de anillo en el dedo \u00edndice: EE. UU. 10, pero recomendamos medir el tama\u00f1o del anillo en el dedo para un ajuste exacto. <a href=\"https:\/\/trimakasi.eu\/es\/como-elegir-la-talla-del-anillo\/\"><u>Las instrucciones sobre c\u00f3mo determinar correctamente el tama\u00f1o se pueden encontrar aqu\u00ed.<\/u><\/a><\/p>","protected":false},"featured_media":163728,"comment_status":"open","ping_status":"closed","template":"","meta":{"_acf_changed":false,"_themeisle_gutenberg_block_has_review":false},"product_brand":[],"product_cat":[1064,1712],"product_tag":[],"class_list":{"0":"post-163471","1":"product","2":"type-product","3":"status-publish","4":"has-post-thumbnail","6":"product_cat-mens-jewellery","7":"product_cat-rings-for-men","9":"first","10":"instock","11":"taxable","12":"shipping-taxable","13":"purchasable","14":"product-type-variable","15":"has-default-attributes"},"acf":[],"_links":{"self":[{"href":"https:\/\/trimakasi.eu\/es\/wp-json\/wp\/v2\/product\/163471","targetHints":{"allow":["GET"]}}],"collection":[{"href":"https:\/\/trimakasi.eu\/es\/wp-json\/wp\/v2\/product"}],"about":[{"href":"https:\/\/trimakasi.eu\/es\/wp-json\/wp\/v2\/types\/product"}],"replies":[{"embeddable":true,"href":"https:\/\/trimakasi.eu\/es\/wp-json\/wp\/v2\/comments?post=163471"}],"wp:featuredmedia":[{"embeddable":true,"href":"https:\/\/trimakasi.eu\/es\/wp-json\/wp\/v2\/media\/163728"}],"wp:attachment":[{"href":"https:\/\/trimakasi.eu\/es\/wp-json\/wp\/v2\/media?parent=163471"}],"wp:term":[{"taxonomy":"product_brand","embeddable":true,"href":"https:\/\/trimakasi.eu\/es\/wp-json\/wp\/v2\/product_brand?post=163471"},{"taxonomy":"product_cat","embeddable":true,"href":"https:\/\/trimakasi.eu\/es\/wp-json\/wp\/v2\/product_cat?post=163471"},{"taxonomy":"product_tag","embeddable":true,"href":"https:\/\/trimakasi.eu\/es\/wp-json\/wp\/v2\/product_tag?post=163471"}],"curies":[{"name":"wp","href":"https:\/\/api.w.org\/{rel}","templated":true}]}}