{"id":163398,"date":"2023-09-12T11:12:31","date_gmt":"2023-09-12T09:12:31","guid":{"rendered":"https:\/\/trimakasi.eu\/?post_type=product&#038;p=163398"},"modified":"2025-11-11T20:00:01","modified_gmt":"2025-11-11T19:00:01","slug":"pulsera-de-buda-para-mujer","status":"publish","type":"product","link":"https:\/\/trimakasi.eu\/es\/product\/buddha-bracelet-for-women\/","title":{"rendered":"Pulsera de Buda para mujer."},"content":{"rendered":"<h3>Piedra de la luna<\/h3>\n<p>Moonstone armoniza las emociones a nivel del subconsciente humano, fortalece significativamente la intuici\u00f3n y nos ayuda a escuchar nuestra voz interior. La armonizaci\u00f3n profunda de las emociones tiene un fuerte efecto curativo en la mente y el cuerpo humanos, porque ayuda a expresar, no reprimir, las emociones que est\u00e1n atascadas en el nivel de nuestro subconsciente. Moonstone tambi\u00e9n suprime el estr\u00e9s asociado con un alto compromiso laboral.<\/p>\n<p>Es un gran regalo de amor para la mujer, porque adem\u00e1s de armonizar otras emociones, tambi\u00e9n despierta el amor. Esta piedra preciosa ayuda a armonizar los ritmos biol\u00f3gicos del cuerpo humano y afecta el sistema reproductor femenino: aumenta la fertilidad, ayuda con los problemas menstruales, equilibra el sistema hormonal y elimina la retenci\u00f3n de l\u00edquidos.<\/p>\n<h3 dir=\"ltr\" data-placeholder=\"P\u0159eklad\">Cuarzo blanco<\/h3>\n<p dir=\"ltr\" data-placeholder=\"P\u0159eklad\">El cuarzo es un mineral muy abundante, que se presenta con mayor frecuencia en color gris claro o blanco y junto con los feldespatos es el mineral m\u00e1s extendido en la corteza terrestre. Informamos honestamente que el cuarzo que usamos tiene un color blanco brillante debido a la coloraci\u00f3n adicional que crea un hermoso contraste con otras cuentas.<\/p>\n<div><\/div>\n<p>Elemento:\u00a0<strong>Agua, Aire<\/strong><\/p>\n<p>Signos del zodiaco:\u00a0<strong>C\u00e1ncer, G\u00e9minis, Piscis, Escorpio, Leo y Aries<\/strong><\/p>\n<p>Esta pulsera armoniza el chakra de la Garganta y la Corona.<\/p>\n<p><a href=\"https:\/\/trimakasi.eu\/wp-content\/uploads\/2020\/07\/\u010dakra4.jpg\"><img loading=\"lazy\" decoding=\"async\" class=\"alignnone size-full wp-image-83566\" src=\"https:\/\/trimakasi.eu\/wp-content\/uploads\/2020\/07\/\u010dakra4.jpg\" alt=\"Chakra del coraz\u00f3n\" width=\"79\" height=\"93\" srcset=\"https:\/\/trimakasi.eu\/wp-content\/uploads\/2020\/07\/\u010dakra4.jpg 79w, https:\/\/trimakasi.eu\/wp-content\/uploads\/2020\/07\/\u010dakra4-10x12.jpg 10w\" sizes=\"auto, (max-width: 79px) 100vw, 79px\" \/><\/a><\/p>\n<p><a href=\"https:\/\/trimakasi.eu\/es\/vlog\/\"><u>Visita nuestro video blog para descubrir las conexiones entre piedras preciosas, signos del zod\u00edaco, chakras y mucho m\u00e1s.<\/u><\/a><\/p>","protected":false},"excerpt":{"rendered":"<p>Adorna tu mu\u00f1eca con nuestra pulsera budista de piedras preciosas naturales para mujer. Este brazalete, que refleja la sabidur\u00eda, la determinaci\u00f3n y el coraje de Buda, es un faro de fuerza interior. Elaborada con acero inoxidable de alta calidad recubierto con oro real de 18 quilates, esta pieza habla de calidad y elegancia. Presenta la serena belleza de la piedra lunar de calidad AAA con cautivadores destellos azules y la energ\u00eda pura y relajante del cuarzo blanco. \u00a1Aprenda m\u00e1s sobre esta impresionante pulsera a continuaci\u00f3n!<\/p>\n<p>Elija una pulsera por su tama\u00f1o y por el color de la \u00faltima cuenta. <a href=\"https:\/\/trimakasi.eu\/es\/como-elegir-la-talla-de-pulsera\/\"><u>Las instrucciones sobre c\u00f3mo determinar correctamente el tama\u00f1o se pueden encontrar aqu\u00ed.<\/u><\/a><\/p>","protected":false},"featured_media":163420,"comment_status":"open","ping_status":"closed","template":"","meta":{"_acf_changed":false,"_themeisle_gutenberg_block_has_review":false},"product_brand":[],"product_cat":[1687,568,553],"product_tag":[],"class_list":{"0":"post-163398","1":"product","2":"type-product","3":"status-publish","4":"has-post-thumbnail","6":"product_cat-elastic-bracelets","7":"product_cat-premium-bracelets-for-women","8":"product_cat-womens-jewellery","10":"first","11":"instock","12":"taxable","13":"shipping-taxable","14":"purchasable","15":"product-type-variable","16":"has-default-attributes"},"acf":[],"_links":{"self":[{"href":"https:\/\/trimakasi.eu\/es\/wp-json\/wp\/v2\/product\/163398","targetHints":{"allow":["GET"]}}],"collection":[{"href":"https:\/\/trimakasi.eu\/es\/wp-json\/wp\/v2\/product"}],"about":[{"href":"https:\/\/trimakasi.eu\/es\/wp-json\/wp\/v2\/types\/product"}],"replies":[{"embeddable":true,"href":"https:\/\/trimakasi.eu\/es\/wp-json\/wp\/v2\/comments?post=163398"}],"wp:featuredmedia":[{"embeddable":true,"href":"https:\/\/trimakasi.eu\/es\/wp-json\/wp\/v2\/media\/163420"}],"wp:attachment":[{"href":"https:\/\/trimakasi.eu\/es\/wp-json\/wp\/v2\/media?parent=163398"}],"wp:term":[{"taxonomy":"product_brand","embeddable":true,"href":"https:\/\/trimakasi.eu\/es\/wp-json\/wp\/v2\/product_brand?post=163398"},{"taxonomy":"product_cat","embeddable":true,"href":"https:\/\/trimakasi.eu\/es\/wp-json\/wp\/v2\/product_cat?post=163398"},{"taxonomy":"product_tag","embeddable":true,"href":"https:\/\/trimakasi.eu\/es\/wp-json\/wp\/v2\/product_tag?post=163398"}],"curies":[{"name":"wp","href":"https:\/\/api.w.org\/{rel}","templated":true}]}}