{"id":163124,"date":"2021-06-04T19:37:43","date_gmt":"2021-06-04T17:37:43","guid":{"rendered":"https:\/\/trimakasi.eu\/?post_type=product&#038;p=163124"},"modified":"2025-12-28T23:51:23","modified_gmt":"2025-12-28T22:51:23","slug":"collar-de-punta-de-aguamarina-para-mujer","status":"publish","type":"product","link":"https:\/\/trimakasi.eu\/es\/product\/aquamarine-point-necklace-for-women\/","title":{"rendered":"Collar de cristal para mujer \u2013 Aguamarina"},"content":{"rendered":"<h3>Aguamarina<\/h3>\n<p>El nombre Aguamarina proviene de las palabras latinas &quot;aqua marinus&quot;, que significa &quot;agua de mar&quot;. El nombre hace referencia al color de esta piedra, que se asemeja al agua de mar espumada por las olas. La aguamarina en la mente humana evoca la pureza del agua clara, y al mismo tiempo un estado de relajaci\u00f3n profunda que trae el sonido de las olas del mar golpeando la costa. Es una piedra preciosa limpiadora y calmante que fomenta la confianza y la verdad. En la antigua tradici\u00f3n, la aguamarina se consideraba l\u00e1grimas fosilizadas de sirenas y los marineros la usaban como amuleto de la suerte para la valent\u00eda y la protecci\u00f3n.<\/p>\n<p>En la Edad Media, la aguamarina se usaba como una piedra de amor para ayudar a encender nuevamente la pasi\u00f3n de las parejas casadas. Por lo tanto, era una de las piedras preciosas m\u00e1s populares para joyer\u00eda como regalo de aniversario de matrimonio. La aguamarina incluso se utiliz\u00f3 para las joyas m\u00e1s espectaculares, como por ejemplo la corona de San Wenceslao de las joyas de la corona checa.<\/p>\n<p>Combinada con el Chakra de la Garganta, la aguamarina ayuda a superar el miedo a hablar y es una piedra excelente para los hablantes. Tambi\u00e9n le permite hablar con claridad y sin enojo en situaciones dif\u00edciles.<\/p>\n<p>Elemento: <strong>Agua<\/strong><\/p>\n<p>Signos del zodiaco: <strong>Piscis, Sagitario, Escorpio y G\u00e9minis<\/strong><\/p>\n<p>Pulsera armoniza el chakra de la garganta.<\/p>\n<p><img loading=\"lazy\" decoding=\"async\" class=\"alignnone wp-image-72747\" src=\"https:\/\/trimakasi.cz\/wp-content\/uploads\/2018\/07\/\u010dakra5.jpg\" alt=\"\" width=\"68\" height=\"74\" \/><\/p>\n<p><a href=\"https:\/\/trimakasi.eu\/es\/vlog\/\"><u>Visita nuestro video blog para descubrir las conexiones entre piedras preciosas, signos del zod\u00edaco, chakras y mucho m\u00e1s.<\/u><\/a><\/p>","protected":false},"excerpt":{"rendered":"<p>Collar de cadena para mujer con colgante hexagonal realizado en piedra natural Aguamarina. Esta piedra preciosa evoca la pureza del agua cristalina, y al mismo tiempo un estado de relajaci\u00f3n profunda que trae el sonido de las olas del mar golpeando la costa. Obtenga m\u00e1s informaci\u00f3n sobre las propiedades de esta piedra a continuaci\u00f3n.<\/p>\n<p>Elegante cadena minimalista de 46 cm, elaborada en acero inoxidable pulido con un duradero ba\u00f1o de oro de 18 quilates, adornada con un cristal aguamarina natural de 3 cm por 0,8 cm.<\/p>\n<p>El collar viene en una lujosa caja rosa con el logo de Trimakasi, lo que lo convierte en un regalo perfecto.<\/p>\n<p>D\u00e9jese llevar por la belleza: cada cristal de nuestros collares es un milagro \u00fanico de la naturaleza.<\/p>","protected":false},"featured_media":163010,"comment_status":"open","ping_status":"closed","template":"","meta":{"_acf_changed":false,"_themeisle_gutenberg_block_has_review":false},"product_brand":[],"product_cat":[569,1690,1149,553],"product_tag":[],"class_list":{"0":"post-163124","1":"product","2":"type-product","3":"status-publish","4":"has-post-thumbnail","6":"product_cat-minimalist-jewellery-for-women","7":"product_cat-necklaces","8":"product_cat-necklaces-for-women","9":"product_cat-womens-jewellery","11":"first","12":"instock","13":"taxable","14":"shipping-taxable","15":"purchasable","16":"product-type-variable","17":"has-default-attributes"},"acf":[],"_links":{"self":[{"href":"https:\/\/trimakasi.eu\/es\/wp-json\/wp\/v2\/product\/163124","targetHints":{"allow":["GET"]}}],"collection":[{"href":"https:\/\/trimakasi.eu\/es\/wp-json\/wp\/v2\/product"}],"about":[{"href":"https:\/\/trimakasi.eu\/es\/wp-json\/wp\/v2\/types\/product"}],"replies":[{"embeddable":true,"href":"https:\/\/trimakasi.eu\/es\/wp-json\/wp\/v2\/comments?post=163124"}],"wp:featuredmedia":[{"embeddable":true,"href":"https:\/\/trimakasi.eu\/es\/wp-json\/wp\/v2\/media\/163010"}],"wp:attachment":[{"href":"https:\/\/trimakasi.eu\/es\/wp-json\/wp\/v2\/media?parent=163124"}],"wp:term":[{"taxonomy":"product_brand","embeddable":true,"href":"https:\/\/trimakasi.eu\/es\/wp-json\/wp\/v2\/product_brand?post=163124"},{"taxonomy":"product_cat","embeddable":true,"href":"https:\/\/trimakasi.eu\/es\/wp-json\/wp\/v2\/product_cat?post=163124"},{"taxonomy":"product_tag","embeddable":true,"href":"https:\/\/trimakasi.eu\/es\/wp-json\/wp\/v2\/product_tag?post=163124"}],"curies":[{"name":"wp","href":"https:\/\/api.w.org\/{rel}","templated":true}]}}