{"id":163102,"date":"2022-12-01T14:01:38","date_gmt":"2022-12-01T13:01:38","guid":{"rendered":"https:\/\/trimakasi.eu\/?post_type=product&#038;p=163102"},"modified":"2024-10-21T11:10:26","modified_gmt":"2024-10-21T09:10:26","slug":"collar-de-cadena-para-mujer-citrino","status":"publish","type":"product","link":"https:\/\/trimakasi.eu\/es\/product\/womens-chain-necklace-citrine\/","title":{"rendered":"Collar de cristal para mujer \u2013 Citrino"},"content":{"rendered":"<h3>Citrino<\/h3>\n<p>El citrino resuena con las vibraciones de la energ\u00eda del sol y ayuda a las personas a superar la depresi\u00f3n, el miedo y las fobias. Este mineral puede calentar el coraz\u00f3n, estimular el pensamiento creativo y tambi\u00e9n la voluntad humana. Aporta energ\u00eda solar a la mente y el cuerpo.<\/p>\n<p>El citrino sol\u00eda ser conocido como la &quot;piedra del comerciante&quot;, y acc. a las leyendas pueden atraer riqueza, prosperidad y \u00e9xito. Tambi\u00e9n se dijo que fomenta la generosidad y el esfuerzo por hacer felices a otras personas. Este mineral estimula el flujo de dinero que pasa por su billetera. Es especialmente adecuado para personas que est\u00e1n a punto de iniciar un nuevo negocio o inversi\u00f3n.<\/p>\n<p>Seg\u00fan las leyendas chinas, el citrino es la &quot;Piedra del \u00e9xito&quot; y solo debe administrarse a personas generosas. Las joyas de citrino fueron muy apreciadas por los antiguos emperadores chinos por su poder para aumentar las habilidades intelectuales y expandir sus mentes.<\/p>\n<p>Pa\u00eds de origen: <strong>Brasil<\/strong><\/p>\n<p>Elemento: <strong>Fuego<\/strong><\/p>\n<p>Signo del zodiaco: <strong>Leo, Aries, C\u00e1ncer, Virgo, Libra<\/strong><\/p>\n<p>Pulsera armoniza el chakra del plexo solar, el chakra sacro<\/p>\n<p><a href=\"https:\/\/trimakasi.eu\/wp-content\/uploads\/2020\/07\/\u010dakra3.jpg\"><img loading=\"lazy\" decoding=\"async\" class=\"alignnone size-full wp-image-83567\" src=\"https:\/\/trimakasi.eu\/wp-content\/uploads\/2020\/07\/\u010dakra3.jpg\" alt=\"Chakra del plexo solar\" width=\"77\" height=\"86\" srcset=\"https:\/\/trimakasi.eu\/wp-content\/uploads\/2020\/07\/\u010dakra3.jpg 77w, https:\/\/trimakasi.eu\/wp-content\/uploads\/2020\/07\/\u010dakra3-11x12.jpg 11w\" sizes=\"auto, (max-width: 77px) 100vw, 77px\" \/><\/a><a href=\"https:\/\/trimakasi.eu\/wp-content\/uploads\/\u010dakra2.jpg\"><img loading=\"lazy\" decoding=\"async\" class=\"alignnone size-full wp-image-138514\" src=\"https:\/\/trimakasi.eu\/wp-content\/uploads\/\u010dakra2.jpg\" alt=\"Chakra sacro\" width=\"76\" height=\"96\" srcset=\"https:\/\/trimakasi.eu\/wp-content\/uploads\/\u010dakra2.jpg 76w, https:\/\/trimakasi.eu\/wp-content\/uploads\/\u010dakra2-10x12.jpg 10w\" sizes=\"auto, (max-width: 76px) 100vw, 76px\" \/><\/a><\/p>\n<p><a href=\"https:\/\/trimakasi.eu\/es\/vlog\/\"><u>Visita nuestro video blog para descubrir las conexiones entre piedras preciosas, signos del zod\u00edaco, chakras y mucho m\u00e1s.<\/u><\/a><\/p>","protected":false},"excerpt":{"rendered":"<p>Collar de cadena para mujer con colgante hexagonal realizado en gema natural citrino, la mejor piedra preciosa para estimular la fuerza de voluntad humana. Las vibraciones c\u00e1lidas y energizantes de esta piedra derramar\u00e1n fuerza y alegr\u00eda en tu vida. Obtenga m\u00e1s informaci\u00f3n sobre las propiedades de esta piedra a continuaci\u00f3n.<\/p>\n<p>Elegante cadena minimalista de 46 cm, elaborada en acero inoxidable pulido con un duradero ba\u00f1o de oro de 18 quilates, adornada con un cristal de citrino natural de 3 cm por 0,8 cm.<\/p>\n<p>El collar viene en una lujosa caja rosa con el logo de Trimakasi, lo que lo convierte en un regalo perfecto.<\/p>\n<p>D\u00e9jese llevar por la belleza: cada cristal de nuestros collares es un milagro \u00fanico de la naturaleza.<\/p>","protected":false},"featured_media":163013,"comment_status":"open","ping_status":"closed","template":"","meta":{"_acf_changed":false,"_themeisle_gutenberg_block_has_review":false},"product_brand":[],"product_cat":[569,1149,1690,553],"product_tag":[],"class_list":{"0":"post-163102","1":"product","2":"type-product","3":"status-publish","4":"has-post-thumbnail","6":"product_cat-minimalist-jewellery-for-women","7":"product_cat-necklaces-for-women","8":"product_cat-necklaces","9":"product_cat-womens-jewellery","11":"first","12":"outofstock","13":"taxable","14":"shipping-taxable","15":"purchasable","16":"product-type-variable","17":"has-default-attributes"},"acf":[],"_links":{"self":[{"href":"https:\/\/trimakasi.eu\/es\/wp-json\/wp\/v2\/product\/163102","targetHints":{"allow":["GET"]}}],"collection":[{"href":"https:\/\/trimakasi.eu\/es\/wp-json\/wp\/v2\/product"}],"about":[{"href":"https:\/\/trimakasi.eu\/es\/wp-json\/wp\/v2\/types\/product"}],"replies":[{"embeddable":true,"href":"https:\/\/trimakasi.eu\/es\/wp-json\/wp\/v2\/comments?post=163102"}],"wp:featuredmedia":[{"embeddable":true,"href":"https:\/\/trimakasi.eu\/es\/wp-json\/wp\/v2\/media\/163013"}],"wp:attachment":[{"href":"https:\/\/trimakasi.eu\/es\/wp-json\/wp\/v2\/media?parent=163102"}],"wp:term":[{"taxonomy":"product_brand","embeddable":true,"href":"https:\/\/trimakasi.eu\/es\/wp-json\/wp\/v2\/product_brand?post=163102"},{"taxonomy":"product_cat","embeddable":true,"href":"https:\/\/trimakasi.eu\/es\/wp-json\/wp\/v2\/product_cat?post=163102"},{"taxonomy":"product_tag","embeddable":true,"href":"https:\/\/trimakasi.eu\/es\/wp-json\/wp\/v2\/product_tag?post=163102"}],"curies":[{"name":"wp","href":"https:\/\/api.w.org\/{rel}","templated":true}]}}