{"id":162267,"date":"2023-01-08T10:02:13","date_gmt":"2023-01-08T09:02:13","guid":{"rendered":"https:\/\/trimakasi.eu\/?post_type=product&#038;p=162267"},"modified":"2024-03-25T18:15:19","modified_gmt":"2024-03-25T17:15:19","slug":"pulsera-simple-piedra-luna","status":"publish","type":"product","link":"https:\/\/trimakasi.eu\/es\/product\/moonstone-simple-bracelet\/","title":{"rendered":"Pulsera simple piedra de luna"},"content":{"rendered":"<h3>Piedra de la luna<\/h3>\n<p>Moonstone armoniza las emociones a nivel del subconsciente humano, fortalece significativamente la intuici\u00f3n y nos ayuda a escuchar nuestra voz interior. La armonizaci\u00f3n profunda de las emociones tiene un fuerte efecto curativo en la mente y el cuerpo humanos, porque ayuda a expresar, no reprimir, las emociones que est\u00e1n atascadas en el nivel de nuestro subconsciente. Moonstone tambi\u00e9n suprime el estr\u00e9s asociado con un alto compromiso laboral.<\/p>\n<p>La piedra lunar, conocida en India como &quot;Chandra Kant Mani&quot;, es una piedra sagrada de los indios para quienes expresa esperanza, pureza espiritual y es un s\u00edmbolo de la negaci\u00f3n del ego. Seg\u00fan los indios, esta piedra ayuda a combatir el materialismo y fortalece la fe de los creyentes de todas las religiones. En la mitolog\u00eda hind\u00fa, por ejemplo, se cree que la piedra lunar se form\u00f3 por petrificaci\u00f3n de los rayos lunares.<\/p>\n<p>Es un gran regalo de amor para la mujer, porque adem\u00e1s de armonizar otras emociones, tambi\u00e9n despierta el amor. Esta piedra preciosa ayuda a armonizar los ritmos biol\u00f3gicos del cuerpo humano y afecta el sistema reproductor femenino: aumenta la fertilidad, ayuda con los problemas menstruales, equilibra el sistema hormonal y elimina la retenci\u00f3n de l\u00edquidos.<\/p>\n<p>Pa\u00eds de origen: <strong>Sri Lanka<\/strong><\/p>\n<p>Elemento: <strong>Agua<\/strong><\/p>\n<p>Signos del zodiaco: <strong>C\u00e1ncer, G\u00e9minis, Piscis, Escorpio<\/strong><\/p>\n<p>Esta pulsera armoniza el chakra de la Garganta y la Corona.<\/p>\n<p><a href=\"https:\/\/trimakasi.eu\/wp-content\/uploads\/\u010dakra5.jpg\"><img loading=\"lazy\" decoding=\"async\" class=\"alignnone size-full wp-image-138515\" src=\"https:\/\/trimakasi.eu\/wp-content\/uploads\/\u010dakra5.jpg\" alt=\"Chakra de la garganta\" width=\"81\" height=\"87\" srcset=\"https:\/\/trimakasi.eu\/wp-content\/uploads\/\u010dakra5.jpg 81w, https:\/\/trimakasi.eu\/wp-content\/uploads\/\u010dakra5-11x12.jpg 11w\" sizes=\"auto, (max-width: 81px) 100vw, 81px\" \/><\/a><a href=\"https:\/\/trimakasi.eu\/wp-content\/uploads\/crown-chakra.jpg\"><img loading=\"lazy\" decoding=\"async\" class=\"alignnone wp-image-132743\" src=\"https:\/\/trimakasi.eu\/wp-content\/uploads\/crown-chakra.jpg\" alt=\"\" width=\"82\" height=\"90\" srcset=\"https:\/\/trimakasi.eu\/wp-content\/uploads\/crown-chakra.jpg 92w, https:\/\/trimakasi.eu\/wp-content\/uploads\/crown-chakra-11x12.jpg 11w\" sizes=\"auto, (max-width: 82px) 100vw, 82px\" \/><\/a><\/p>\n<p><a href=\"https:\/\/trimakasi.eu\/es\/vlog\/\"><u>Visita nuestro video blog para descubrir las conexiones entre piedras preciosas, signos del zod\u00edaco, chakras y mucho m\u00e1s.<\/u><\/a><\/p>","protected":false},"excerpt":{"rendered":"<p>\u00a1Pulsera decente y c\u00f3moda que no querr\u00e1s quitarte!<\/p>\n<p>Hecho de cord\u00f3n de seda natural de alta calidad y cuentas de piedras preciosas raras: piedra lunar.<\/p>\n<p>Es de tama\u00f1o ajustable y, por lo tanto, se adapta a todas las mujeres.<\/p>\n<p>Obtenga m\u00e1s informaci\u00f3n sobre la piedra preciosa de piedra lunar a continuaci\u00f3n.<\/p>\n<p id=\"tw-target-text\" class=\"tw-data-text tw-text-large tw-ta\" dir=\"ltr\" data-placeholder=\"P\u0159eklad\">","protected":false},"featured_media":162351,"comment_status":"open","ping_status":"closed","template":"","meta":{"_acf_changed":false,"_themeisle_gutenberg_block_has_review":false},"product_brand":[],"product_cat":[569,1316,1689,553],"product_tag":[],"class_list":{"0":"post-162267","1":"product","2":"type-product","3":"status-publish","4":"has-post-thumbnail","6":"product_cat-minimalist-jewellery-for-women","7":"product_cat-rare-gemstone-bracelets","8":"product_cat-simple-bracelets","9":"product_cat-womens-jewellery","11":"first","12":"instock","13":"taxable","14":"shipping-taxable","15":"purchasable","16":"product-type-simple"},"acf":[],"_links":{"self":[{"href":"https:\/\/trimakasi.eu\/es\/wp-json\/wp\/v2\/product\/162267","targetHints":{"allow":["GET"]}}],"collection":[{"href":"https:\/\/trimakasi.eu\/es\/wp-json\/wp\/v2\/product"}],"about":[{"href":"https:\/\/trimakasi.eu\/es\/wp-json\/wp\/v2\/types\/product"}],"replies":[{"embeddable":true,"href":"https:\/\/trimakasi.eu\/es\/wp-json\/wp\/v2\/comments?post=162267"}],"wp:featuredmedia":[{"embeddable":true,"href":"https:\/\/trimakasi.eu\/es\/wp-json\/wp\/v2\/media\/162351"}],"wp:attachment":[{"href":"https:\/\/trimakasi.eu\/es\/wp-json\/wp\/v2\/media?parent=162267"}],"wp:term":[{"taxonomy":"product_brand","embeddable":true,"href":"https:\/\/trimakasi.eu\/es\/wp-json\/wp\/v2\/product_brand?post=162267"},{"taxonomy":"product_cat","embeddable":true,"href":"https:\/\/trimakasi.eu\/es\/wp-json\/wp\/v2\/product_cat?post=162267"},{"taxonomy":"product_tag","embeddable":true,"href":"https:\/\/trimakasi.eu\/es\/wp-json\/wp\/v2\/product_tag?post=162267"}],"curies":[{"name":"wp","href":"https:\/\/api.w.org\/{rel}","templated":true}]}}