{"id":162237,"date":"2022-08-07T20:40:56","date_gmt":"2022-08-07T18:40:56","guid":{"rendered":"https:\/\/trimakasi.eu\/?post_type=product&#038;p=162237"},"modified":"2024-03-25T18:18:23","modified_gmt":"2024-03-25T17:18:23","slug":"pulsera-simple-perla","status":"publish","type":"product","link":"https:\/\/trimakasi.eu\/es\/product\/pearl-simple-bracelet\/","title":{"rendered":"Pulsera simple de perlas"},"content":{"rendered":"<h3>Perla<\/h3>\n<p>Las perlas naturales son un accesorio de moda atemporal y son un s\u00edmbolo de salud, pureza, prosperidad y felicidad.<\/p>\n<p>Cada perla es original en su color, forma y tama\u00f1o.<\/p>\n<p>Las perlas pueden ayudar a restablecer por completo el equilibrio y el ritmo natural del cuerpo.<\/p>\n<p>Elemento: <strong>Agua<\/strong><\/p>\n<p>Signos del zodiaco: <strong>G\u00e9minis, C\u00e1ncer, Libra, Capricornio y Piscis<\/strong><\/p>\n<p>La pulsera armoniza todos los chakras pero principalmente el chakra del coraz\u00f3n y la corona:<\/p>\n<p><a href=\"https:\/\/trimakasi.eu\/wp-content\/uploads\/2020\/07\/\u010dakra4.jpg\"><img loading=\"lazy\" decoding=\"async\" class=\"alignnone size-full wp-image-83566\" src=\"https:\/\/trimakasi.eu\/wp-content\/uploads\/2020\/07\/\u010dakra4.jpg\" alt=\"Chakra del coraz\u00f3n\" width=\"79\" height=\"93\" srcset=\"https:\/\/trimakasi.eu\/wp-content\/uploads\/2020\/07\/\u010dakra4.jpg 79w, https:\/\/trimakasi.eu\/wp-content\/uploads\/2020\/07\/\u010dakra4-10x12.jpg 10w\" sizes=\"auto, (max-width: 79px) 100vw, 79px\" \/><\/a><img loading=\"lazy\" decoding=\"async\" class=\"alignnone wp-image-74571\" src=\"https:\/\/trimakasi.eu\/wp-content\/uploads\/2019\/05\/akra7.jpg\" alt=\"\" width=\"78\" height=\"86\" srcset=\"https:\/\/trimakasi.eu\/wp-content\/uploads\/2019\/05\/akra7.jpg 92w, https:\/\/trimakasi.eu\/wp-content\/uploads\/2019\/05\/akra7-11x12.jpg 11w\" sizes=\"auto, (max-width: 78px) 100vw, 78px\" \/><\/p>\n<p><a href=\"https:\/\/trimakasi.eu\/es\/vlog\/\"><u>Visita nuestro video blog para descubrir las conexiones entre piedras preciosas, signos del zod\u00edaco, chakras y mucho m\u00e1s.<\/u><\/a><\/p>","protected":false},"excerpt":{"rendered":"<p>La pulsera de perlas es una joya de lujo que subraya la belleza femenina, la elegancia y al mismo tiempo a\u00f1ade un encanto especial. \u00a1La moda cambia pero las perlas quedan!<\/p>\n<p>Es de tama\u00f1o ajustable y, por lo tanto, se adapta a todas las mujeres.<\/p>\n<p>Obtenga m\u00e1s informaci\u00f3n sobre las perlas a continuaci\u00f3n.<\/p>","protected":false},"featured_media":162241,"comment_status":"open","ping_status":"closed","template":"","meta":{"_acf_changed":false,"_themeisle_gutenberg_block_has_review":false},"product_brand":[],"product_cat":[569,1717,1689,553],"product_tag":[],"class_list":{"0":"post-162237","1":"product","2":"type-product","3":"status-publish","4":"has-post-thumbnail","6":"product_cat-minimalist-jewellery-for-women","7":"product_cat-pearl-jewellery","8":"product_cat-simple-bracelets","9":"product_cat-womens-jewellery","11":"first","12":"instock","13":"taxable","14":"shipping-taxable","15":"purchasable","16":"product-type-variable","17":"has-default-attributes"},"acf":[],"_links":{"self":[{"href":"https:\/\/trimakasi.eu\/es\/wp-json\/wp\/v2\/product\/162237","targetHints":{"allow":["GET"]}}],"collection":[{"href":"https:\/\/trimakasi.eu\/es\/wp-json\/wp\/v2\/product"}],"about":[{"href":"https:\/\/trimakasi.eu\/es\/wp-json\/wp\/v2\/types\/product"}],"replies":[{"embeddable":true,"href":"https:\/\/trimakasi.eu\/es\/wp-json\/wp\/v2\/comments?post=162237"}],"wp:featuredmedia":[{"embeddable":true,"href":"https:\/\/trimakasi.eu\/es\/wp-json\/wp\/v2\/media\/162241"}],"wp:attachment":[{"href":"https:\/\/trimakasi.eu\/es\/wp-json\/wp\/v2\/media?parent=162237"}],"wp:term":[{"taxonomy":"product_brand","embeddable":true,"href":"https:\/\/trimakasi.eu\/es\/wp-json\/wp\/v2\/product_brand?post=162237"},{"taxonomy":"product_cat","embeddable":true,"href":"https:\/\/trimakasi.eu\/es\/wp-json\/wp\/v2\/product_cat?post=162237"},{"taxonomy":"product_tag","embeddable":true,"href":"https:\/\/trimakasi.eu\/es\/wp-json\/wp\/v2\/product_tag?post=162237"}],"curies":[{"name":"wp","href":"https:\/\/api.w.org\/{rel}","templated":true}]}}