{"id":162191,"date":"2021-02-07T18:07:07","date_gmt":"2021-02-07T17:07:07","guid":{"rendered":"https:\/\/trimakasi.eu\/?post_type=product&#038;p=162191"},"modified":"2024-03-25T19:14:31","modified_gmt":"2024-03-25T18:14:31","slug":"pulsera-de-cuarzo-rosa-crudo","status":"publish","type":"product","link":"https:\/\/trimakasi.eu\/es\/product\/raw-rose-quartz-bracelet\/","title":{"rendered":"Pulsera de cuarzo rosa de cristal crudo"},"content":{"rendered":"<h3>Cuarzo rosa de Madagascar<\/h3>\n<p>Esta piedra es un s\u00edmbolo de amor, belleza y buena salud. Esta piedra nos ense\u00f1a paciencia en la soluci\u00f3n de problemas, amor propio y da fuerza para perdonar a quienes nos lastimaron. Revive la fantas\u00eda y el pensamiento creativo.<\/p>\n<p>Elemento:<strong> tierra<\/strong><\/p>\n<p>Signos del zodiaco:<strong> Leo, Escorpio, Aries, C\u00e1ncer, Tauro, Capricornio<\/strong><\/p>\n<p>La pulsera armoniza el chakra del coraz\u00f3n:<\/p>\n<p><a href=\"https:\/\/trimakasi.eu\/wp-content\/uploads\/2020\/07\/\u010dakra4.jpg\"><img loading=\"lazy\" decoding=\"async\" class=\"alignnone size-full wp-image-83566\" src=\"https:\/\/trimakasi.eu\/wp-content\/uploads\/2020\/07\/\u010dakra4.jpg\" alt=\"Chakra del coraz\u00f3n\" width=\"79\" height=\"93\" srcset=\"https:\/\/trimakasi.eu\/wp-content\/uploads\/2020\/07\/\u010dakra4.jpg 79w, https:\/\/trimakasi.eu\/wp-content\/uploads\/2020\/07\/\u010dakra4-10x12.jpg 10w\" sizes=\"auto, (max-width: 79px) 100vw, 79px\" \/><\/a><\/p>\n<p><a href=\"https:\/\/trimakasi.eu\/es\/vlog\/\"><u>Visita nuestro video blog para descubrir las conexiones entre piedras preciosas, signos del zod\u00edaco, chakras y mucho m\u00e1s.<\/u><\/a><\/p>","protected":false},"excerpt":{"rendered":"<p>\u00a1Pulsera decente y c\u00f3moda que no querr\u00e1s quitarte!<\/p>\n<p>Hecho de cord\u00f3n de seda natural de alta calidad y cuarzo rosa de piedras preciosas en bruto.<\/p>\n<p>Es de tama\u00f1o ajustable y, por lo tanto, se adapta a todas las mujeres.<\/p>\n<p>Composici\u00f3n del material: piedra preciosa de cuarzo rosa en bruto, cord\u00f3n de seda natural, componentes met\u00e1licos de acero inoxidable.<\/p>\n<p>Obtenga m\u00e1s informaci\u00f3n sobre la piedra preciosa de cuarzo rosa a continuaci\u00f3n.<\/p>","protected":false},"featured_media":162201,"comment_status":"open","ping_status":"closed","template":"","meta":{"_acf_changed":false,"_themeisle_gutenberg_block_has_review":false},"product_brand":[],"product_cat":[569,1689,553],"product_tag":[],"class_list":{"0":"post-162191","1":"product","2":"type-product","3":"status-publish","4":"has-post-thumbnail","6":"product_cat-minimalist-jewellery-for-women","7":"product_cat-simple-bracelets","8":"product_cat-womens-jewellery","10":"first","11":"outofstock","12":"taxable","13":"shipping-taxable","14":"purchasable","15":"product-type-simple"},"acf":[],"_links":{"self":[{"href":"https:\/\/trimakasi.eu\/es\/wp-json\/wp\/v2\/product\/162191","targetHints":{"allow":["GET"]}}],"collection":[{"href":"https:\/\/trimakasi.eu\/es\/wp-json\/wp\/v2\/product"}],"about":[{"href":"https:\/\/trimakasi.eu\/es\/wp-json\/wp\/v2\/types\/product"}],"replies":[{"embeddable":true,"href":"https:\/\/trimakasi.eu\/es\/wp-json\/wp\/v2\/comments?post=162191"}],"wp:featuredmedia":[{"embeddable":true,"href":"https:\/\/trimakasi.eu\/es\/wp-json\/wp\/v2\/media\/162201"}],"wp:attachment":[{"href":"https:\/\/trimakasi.eu\/es\/wp-json\/wp\/v2\/media?parent=162191"}],"wp:term":[{"taxonomy":"product_brand","embeddable":true,"href":"https:\/\/trimakasi.eu\/es\/wp-json\/wp\/v2\/product_brand?post=162191"},{"taxonomy":"product_cat","embeddable":true,"href":"https:\/\/trimakasi.eu\/es\/wp-json\/wp\/v2\/product_cat?post=162191"},{"taxonomy":"product_tag","embeddable":true,"href":"https:\/\/trimakasi.eu\/es\/wp-json\/wp\/v2\/product_tag?post=162191"}],"curies":[{"name":"wp","href":"https:\/\/api.w.org\/{rel}","templated":true}]}}